{"id":1263,"date":"2021-10-04T13:20:08","date_gmt":"2021-10-04T13:20:08","guid":{"rendered":"https:\/\/premierentage.at\/2021\/?page_id=1263"},"modified":"2021-10-21T08:51:59","modified_gmt":"2021-10-21T08:51:59","slug":"official-opening","status":"publish","type":"page","link":"https:\/\/premierentage.at\/2021\/official-opening\/","title":{"rendered":"Official Opening"},"content":{"rendered":"\t\t<div data-elementor-type=\"wp-page\" data-elementor-id=\"1263\" class=\"elementor elementor-1263\">\n\t\t\t\t\t\t<section class=\"elementor-section elementor-top-section elementor-element elementor-element-1320d38a elementor-section-height-full elementor-section-items-top elementor-section-boxed elementor-section-height-default\" data-id=\"1320d38a\" data-element_type=\"section\" data-e-type=\"section\" data-settings=\"{&quot;background_background&quot;:&quot;classic&quot;}\">\n\t\t\t\t\t\t<div class=\"elementor-container elementor-column-gap-default\">\n\t\t\t\t\t<div class=\"elementor-column elementor-col-100 elementor-top-column elementor-element elementor-element-16cee0df\" data-id=\"16cee0df\" data-element_type=\"column\" data-e-type=\"column\">\n\t\t\t<div class=\"elementor-widget-wrap elementor-element-populated\">\n\t\t\t\t\t\t<div class=\"elementor-element elementor-element-717d83d3 graulink elementor-widget elementor-widget-text-editor\" data-id=\"717d83d3\" data-element_type=\"widget\" data-e-type=\"widget\" id=\"btn-back\" data-widget_type=\"text-editor.default\">\n\t\t\t\t<div class=\"elementor-widget-container\">\n\t\t\t\t\t\t\t\t\t<span style=\"color: #000000;\"><a href=\"javascript:history.back()\">ZUR\u00dcCK<\/a><\/span>\t\t\t\t\t\t\t\t<\/div>\n\t\t\t\t<\/div>\n\t\t\t\t<div class=\"elementor-element elementor-element-6a008814 elementor-widget elementor-widget-text-editor\" data-id=\"6a008814\" data-element_type=\"widget\" data-e-type=\"widget\" data-widget_type=\"text-editor.default\">\n\t\t\t\t<div class=\"elementor-widget-container\">\n\t\t\t\t\t\t\t\t\t<p>Kunstpavillon<\/p>\t\t\t\t\t\t\t\t<\/div>\n\t\t\t\t<\/div>\n\t\t\t\t<div class=\"elementor-element elementor-element-24c658e6 elementor-widget elementor-widget-text-editor\" data-id=\"24c658e6\" data-element_type=\"widget\" data-e-type=\"widget\" data-widget_type=\"text-editor.default\">\n\t\t\t\t<div class=\"elementor-widget-container\">\n\t\t\t\t\t\t\t\t\t<p>DO 4. Nov<\/p>\t\t\t\t\t\t\t\t<\/div>\n\t\t\t\t<\/div>\n\t\t\t\t<div class=\"elementor-element elementor-element-54a00c23 elementor-widget elementor-widget-text-editor\" data-id=\"54a00c23\" data-element_type=\"widget\" data-e-type=\"widget\" data-widget_type=\"text-editor.default\">\n\t\t\t\t<div class=\"elementor-widget-container\">\n\t\t\t\t\t\t\t\t\t<p>17.00<\/p>\t\t\t\t\t\t\t\t<\/div>\n\t\t\t\t<\/div>\n\t\t\t\t<div class=\"elementor-element elementor-element-5a8093be elementor-widget elementor-widget-image\" data-id=\"5a8093be\" data-element_type=\"widget\" data-e-type=\"widget\" data-widget_type=\"image.default\">\n\t\t\t\t<div class=\"elementor-widget-container\">\n\t\t\t\t\t\t\t\t\t\t\t\t\t\t\t<img fetchpriority=\"high\" decoding=\"async\" width=\"2542\" height=\"2033\" src=\"https:\/\/premierentage.at\/2021\/wp-content\/uploads\/2021\/10\/Typo_Bilder4.png\" class=\"attachment-full size-full wp-image-1996\" alt=\"\" srcset=\"https:\/\/premierentage.at\/2021\/wp-content\/uploads\/2021\/10\/Typo_Bilder4.png 2542w, https:\/\/premierentage.at\/2021\/wp-content\/uploads\/2021\/10\/Typo_Bilder4-300x240.png 300w, https:\/\/premierentage.at\/2021\/wp-content\/uploads\/2021\/10\/Typo_Bilder4-1024x819.png 1024w, https:\/\/premierentage.at\/2021\/wp-content\/uploads\/2021\/10\/Typo_Bilder4-768x614.png 768w, https:\/\/premierentage.at\/2021\/wp-content\/uploads\/2021\/10\/Typo_Bilder4-1536x1228.png 1536w, https:\/\/premierentage.at\/2021\/wp-content\/uploads\/2021\/10\/Typo_Bilder4-2048x1638.png 2048w\" sizes=\"(max-width: 2542px) 100vw, 2542px\" \/>\t\t\t\t\t\t\t\t\t\t\t\t\t\t\t<\/div>\n\t\t\t\t<\/div>\n\t\t\t\t<div class=\"elementor-element elementor-element-7038833 elementor-widget elementor-widget-text-editor\" data-id=\"7038833\" data-element_type=\"widget\" data-e-type=\"widget\" data-widget_type=\"text-editor.default\">\n\t\t\t\t<div class=\"elementor-widget-container\">\n\t\t\t\t\t\t\t\t\t<p style=\"text-align: left;\">Liebe Besucher*innen,<\/p><p style=\"text-align: left;\">die PREMIERENTAGE \u2013 Wege zur Kunst finden dieses Jahr zum 22. Mal statt. Das letzte Jahr war f\u00fcr Veranstalter:innen und Kulturbetriebe kein leichtes und auch wir mussten die PREMIERENTAGE \u2013 Wege zur Kunst 2020 kurzfristig absagen. Umso mehr freuen wir uns die Kultur wieder aufleben zu lassen und hoffen, dass wir ein positives Zeichen setzten und die zeitgen\u00f6ssische Kunst zelebrieren k\u00f6nnen. Selbstverst\u00e4ndlich hat dabei die Einhaltung der aktuellsten Sicherheitsrichtlinien \u2013 wie auch immer diese zum entsprechenden Zeitpunkt aussehen m\u00f6gen \u2013 oberste Priorit\u00e4t und wird von uns und unseren Mitgliedern gewissenhaft kontrolliert.<\/p><p style=\"text-align: left;\">Daher bitten wir Sie, die aktuellen Corona-Ma\u00dfnahmen, die zum Zeitpunkt der PREMIERENTAGE \u2013 Wege zur Kunst gelten, einzuhalten. Wir werden kurzfristig nochmals auf der Homepage und den sozialen Netzwerken \u00fcber \u00c4nderungen wie Anmeldungen oder Zutrittsbeschr\u00e4nkungen informieren. Bitte beachten Sie, dass wir auch dieses Jahr eine Anmeldepflicht f\u00fcr die Artwalks und Expert*innenf\u00fchrung haben, um zu gro\u00dfe Gruppen zu vermeiden.<\/p><p style=\"text-align: left;\">Erleben Sie dieses Jahr Arbeiten von Julia Bugram, CIRCUS, EXPERIMENTAL SETUP, Jakob Ferri, Albrecht Fuchs, Valerie Fritz, Riccardo Giacconi, Yasmina Haddad, Judith Klemenc, Tina Kult, Oliver Laric, Francesco Lopes, Mi\u0161a Marek, Gerald Nigl, Peles Empire, Platon, Thomas Laubenberger-Pletzer, Florian Raditsch, Olga Stefan, Angelika Wischermann, und vielen mehr.<\/p><p style=\"text-align: left;\">So vielf\u00e4ltig die Ans\u00e4tze dieser K\u00fcnstler*innen sind, so abwechslungsreich ist auch das Programm, das unsere teilnehmenden Institutionen aus dem Bereich der zeitgen\u00f6ssischen Kunst und Kultur im Raum Innsbruck und Umgebung gemeinsam anbieten. Besuchen Sie Vernissagen, nehmen Sie an Rundg\u00e4ngen teil, beteiligen Sie sich an Talks und Workshops und erleben Sie mit uns spannende Performances.<\/p><p style=\"text-align: left;\">Wir freuen uns, wenn Sie uns besuchen und w\u00fcnschen Ihnen wunderbare Tage!<br \/>Ihre Lena Ganahl &amp; Denise P\u00f6ttgen<\/p>\t\t\t\t\t\t\t\t<\/div>\n\t\t\t\t<\/div>\n\t\t\t\t<div class=\"elementor-element elementor-element-51d0b03b elementor-absolute elementor-widget__width-initial elementor-widget elementor-widget-text-editor\" data-id=\"51d0b03b\" data-element_type=\"widget\" data-e-type=\"widget\" data-settings=\"{&quot;_position&quot;:&quot;absolute&quot;}\" data-widget_type=\"text-editor.default\">\n\t\t\t\t<div class=\"elementor-widget-container\">\n\t\t\t\t\t\t\t\t\t<p>Innsbrucker Hofgarten<br \/><span class=\"LrzXr\">Rennweg 8a<br \/>6020 Innsbruck<\/span><\/p><p>T +43 512 581133<br \/><a href=\"http:\/\/www.kuenstlerschaft.at\">www.kuenstlerschaft.at<\/a><\/p><p>\u00d6ffnungszeiten: <br \/>Mi\u2013 Fr 12.00 \u2013 18.00<br \/>Sa 11.00 \u2013 15.00 Uhr<\/p>\t\t\t\t\t\t\t\t<\/div>\n\t\t\t\t<\/div>\n\t\t\t\t\t<\/div>\n\t\t<\/div>\n\t\t\t\t\t<\/div>\n\t\t<\/section>\n\t\t\t\t<\/div>\n\t\t","protected":false},"excerpt":{"rendered":"<p>ZUR\u00dcCK Kunstpavillon DO 4. Nov 17.00 Liebe Besucher*innen, die PREMIERENTAGE \u2013 Wege zur Kunst finden dieses Jahr zum 22. Mal statt. Das letzte Jahr war f\u00fcr Veranstalter:innen und Kulturbetriebe kein leichtes und auch wir mussten die PREMIERENTAGE \u2013 Wege zur Kunst 2020 kurzfristig absagen. Umso mehr freuen wir uns die Kultur wieder aufleben zu lassen [&hellip;]<\/p>\n","protected":false},"author":1,"featured_media":0,"parent":0,"menu_order":0,"comment_status":"closed","ping_status":"closed","template":"elementor_header_footer","meta":{"footnotes":""},"class_list":["post-1263","page","type-page","status-publish","hentry"],"_links":{"self":[{"href":"https:\/\/premierentage.at\/2021\/wp-json\/wp\/v2\/pages\/1263","targetHints":{"allow":["GET"]}}],"collection":[{"href":"https:\/\/premierentage.at\/2021\/wp-json\/wp\/v2\/pages"}],"about":[{"href":"https:\/\/premierentage.at\/2021\/wp-json\/wp\/v2\/types\/page"}],"author":[{"embeddable":true,"href":"https:\/\/premierentage.at\/2021\/wp-json\/wp\/v2\/users\/1"}],"replies":[{"embeddable":true,"href":"https:\/\/premierentage.at\/2021\/wp-json\/wp\/v2\/comments?post=1263"}],"version-history":[{"count":85,"href":"https:\/\/premierentage.at\/2021\/wp-json\/wp\/v2\/pages\/1263\/revisions"}],"predecessor-version":[{"id":5586,"href":"https:\/\/premierentage.at\/2021\/wp-json\/wp\/v2\/pages\/1263\/revisions\/5586"}],"wp:attachment":[{"href":"https:\/\/premierentage.at\/2021\/wp-json\/wp\/v2\/media?parent=1263"}],"curies":[{"name":"wp","href":"https:\/\/api.w.org\/{rel}","templated":true}]}}