{"id":1284,"date":"2021-10-04T15:02:52","date_gmt":"2021-10-04T15:02:52","guid":{"rendered":"https:\/\/premierentage.at\/2021\/?page_id=1284"},"modified":"2021-10-28T09:13:02","modified_gmt":"2021-10-28T09:13:02","slug":"thomas-laubenberger-pletzer","status":"publish","type":"page","link":"https:\/\/premierentage.at\/2021\/thomas-laubenberger-pletzer\/","title":{"rendered":"Thomas Laubenberger-Pletzer"},"content":{"rendered":"\t\t<div data-elementor-type=\"wp-page\" data-elementor-id=\"1284\" class=\"elementor elementor-1284\">\n\t\t\t\t\t\t<section class=\"elementor-section elementor-top-section elementor-element elementor-element-1320d38a elementor-section-boxed elementor-section-height-default elementor-section-height-default\" data-id=\"1320d38a\" data-element_type=\"section\" data-e-type=\"section\" data-settings=\"{&quot;background_background&quot;:&quot;classic&quot;}\">\n\t\t\t\t\t\t<div class=\"elementor-container elementor-column-gap-default\">\n\t\t\t\t\t<div class=\"elementor-column elementor-col-100 elementor-top-column elementor-element elementor-element-16cee0df\" data-id=\"16cee0df\" data-element_type=\"column\" data-e-type=\"column\">\n\t\t\t<div class=\"elementor-widget-wrap elementor-element-populated\">\n\t\t\t\t\t\t<div class=\"elementor-element elementor-element-717d83d3 graulink elementor-widget elementor-widget-text-editor\" data-id=\"717d83d3\" data-element_type=\"widget\" data-e-type=\"widget\" id=\"btn-back\" data-widget_type=\"text-editor.default\">\n\t\t\t\t<div class=\"elementor-widget-container\">\n\t\t\t\t\t\t\t\t\t<span style=\"color: #000000;\"><a href=\"javascript:history.back()\">ZUR\u00dcCK<\/a><\/span>\t\t\t\t\t\t\t\t<\/div>\n\t\t\t\t<\/div>\n\t\t\t\t<div class=\"elementor-element elementor-element-6a008814 elementor-widget elementor-widget-text-editor\" data-id=\"6a008814\" data-element_type=\"widget\" data-e-type=\"widget\" data-widget_type=\"text-editor.default\">\n\t\t\t\t<div class=\"elementor-widget-container\">\n\t\t\t\t\t\t\t\t\t<p><span style=\"text-decoration: underline;\">artdepot Gallery<\/span><\/p>\t\t\t\t\t\t\t\t<\/div>\n\t\t\t\t<\/div>\n\t\t\t\t<div class=\"elementor-element elementor-element-24c658e6 elementor-widget elementor-widget-text-editor\" data-id=\"24c658e6\" data-element_type=\"widget\" data-e-type=\"widget\" data-widget_type=\"text-editor.default\">\n\t\t\t\t<div class=\"elementor-widget-container\">\n\t\t\t\t\t\t\t\t\t<p>DO 4. NOV<\/p>\t\t\t\t\t\t\t\t<\/div>\n\t\t\t\t<\/div>\n\t\t\t\t<div class=\"elementor-element elementor-element-54a00c23 elementor-widget elementor-widget-text-editor\" data-id=\"54a00c23\" data-element_type=\"widget\" data-e-type=\"widget\" data-widget_type=\"text-editor.default\">\n\t\t\t\t<div class=\"elementor-widget-container\">\n\t\t\t\t\t\t\t\t\t<p>18.30<\/p>\t\t\t\t\t\t\t\t<\/div>\n\t\t\t\t<\/div>\n\t\t\t\t<div class=\"elementor-element elementor-element-3ac3bf13 elementor-widget elementor-widget-text-editor\" data-id=\"3ac3bf13\" data-element_type=\"widget\" data-e-type=\"widget\" data-widget_type=\"text-editor.default\">\n\t\t\t\t<div class=\"elementor-widget-container\">\n\t\t\t\t\t\t\t\t\t<p>Thomas Laubenberger-Pletzer<\/p>\t\t\t\t\t\t\t\t<\/div>\n\t\t\t\t<\/div>\n\t\t\t\t<div class=\"elementor-element elementor-element-857a39f elementor-widget elementor-widget-text-editor\" data-id=\"857a39f\" data-element_type=\"widget\" data-e-type=\"widget\" data-widget_type=\"text-editor.default\">\n\t\t\t\t<div class=\"elementor-widget-container\">\n\t\t\t\t\t\t\t\t\t<p>Performance<\/p>\t\t\t\t\t\t\t\t<\/div>\n\t\t\t\t<\/div>\n\t\t\t\t<div class=\"elementor-element elementor-element-51d0b03b elementor-absolute elementor-widget__width-initial elementor-widget elementor-widget-text-editor\" data-id=\"51d0b03b\" data-element_type=\"widget\" data-e-type=\"widget\" data-settings=\"{&quot;_position&quot;:&quot;absolute&quot;}\" data-widget_type=\"text-editor.default\">\n\t\t\t\t<div class=\"elementor-widget-container\">\n\t\t\t\t\t\t\t\t\t<p>\u00a9\u00a0Thomas Laubenberger-Pletzer<\/p><p>artdepot gallery<br \/>Riesengasse 8<br \/>6020 Innsbruck<\/p><p>T +43 650 553 1985<br \/><a href=\"http:\/\/www.artdepot.co.at\">www.artdepot.co.at<\/a><\/p><p>Montag geschlossen<br \/>Di\u2013Fr 11:00 \u2013 18:00<br \/>Samstag 10:00 \u2013 13:00<br \/>Sonntag geschlossen<\/p>\t\t\t\t\t\t\t\t<\/div>\n\t\t\t\t<\/div>\n\t\t\t\t<div class=\"elementor-element elementor-element-5a8093be elementor-widget elementor-widget-image\" data-id=\"5a8093be\" data-element_type=\"widget\" data-e-type=\"widget\" data-widget_type=\"image.default\">\n\t\t\t\t<div class=\"elementor-widget-container\">\n\t\t\t\t\t\t\t\t\t\t\t\t\t\t\t<img fetchpriority=\"high\" decoding=\"async\" width=\"750\" height=\"531\" src=\"https:\/\/premierentage.at\/2021\/wp-content\/uploads\/2021\/10\/750px-2020s_transition001r_20_300dpi.jpg\" class=\"attachment-full size-full wp-image-1168\" alt=\"\" srcset=\"https:\/\/premierentage.at\/2021\/wp-content\/uploads\/2021\/10\/750px-2020s_transition001r_20_300dpi.jpg 750w, https:\/\/premierentage.at\/2021\/wp-content\/uploads\/2021\/10\/750px-2020s_transition001r_20_300dpi-300x212.jpg 300w\" sizes=\"(max-width: 750px) 100vw, 750px\" \/>\t\t\t\t\t\t\t\t\t\t\t\t\t\t\t<\/div>\n\t\t\t\t<\/div>\n\t\t\t\t<div class=\"elementor-element elementor-element-1ee15584 elementor-widget elementor-widget-text-editor\" data-id=\"1ee15584\" data-element_type=\"widget\" data-e-type=\"widget\" data-widget_type=\"text-editor.default\">\n\t\t\t\t<div class=\"elementor-widget-container\">\n\t\t\t\t\t\t\t\t\t<p>D\u00a0\u00a0\u00a0\u00a0\u00a0\u00a0\u00a0 Thomas Laubenberger-Pletzer ist geboren 1969 in Kitzb\u00fchel, lebt und arbeitet in Wien. Er studierte Bildhauerei bei Michelangelo Pistoletto an der Akademie der bildenden K\u00fcnste Wien sowie Philosophie und Kunstgeschichte an der Universit\u00e4t Wien.<br \/>Seine Arbeit ist gepr\u00e4gt von der Zeichnung und der ausschlie\u00dflichen Verwendung der Linie. Die gezeichnete Linie als urspr\u00fcngliche, minimale und unmittelbare k\u00fcnstlerische Ausdrucksm\u00f6glichkeit sowie der sie umgebende Raum in Form des wei\u00dfen Blatt Papiers sind die beiden zentralen Medien des K\u00fcnstlers. Mit konzeptuellem Zugang und reduziertem Ansatz stellt er grunds\u00e4tzliche Fragen zur Funktion und den gestalterischen M\u00f6glichkeiten der Linie. Anhand dieser werden Untersuchungen angestellt zu allt\u00e4glichen Dingen, grunds\u00e4tzlichen Strukturen und R\u00e4umen, vorhandenen Bildmotiven sowie Schrift und Sprache.<br \/>In seiner Einzelausstellung `alphabetic spaces\u00b4 zeigt er Arbeiten, welchen ausschlie\u00dflich das vom K\u00fcnstler entwickelte kubische Alphabet `alphabet nr 5\u00b4 zugrunde liegt. Die Lesbarkeit tritt dabei in den Hintergrund zugunsten r\u00e4umlicher Konstruktionen in seriellen Abfolgen<\/p>\t\t\t\t\t\t\t\t<\/div>\n\t\t\t\t<\/div>\n\t\t\t\t\t<\/div>\n\t\t<\/div>\n\t\t\t\t\t<\/div>\n\t\t<\/section>\n\t\t\t\t<\/div>\n\t\t","protected":false},"excerpt":{"rendered":"<p>ZUR\u00dcCK artdepot Gallery DO 4. NOV 18.30 Thomas Laubenberger-Pletzer Performance \u00a9\u00a0Thomas Laubenberger-Pletzer artdepot galleryRiesengasse 86020 Innsbruck T +43 650 553 1985www.artdepot.co.at Montag geschlossenDi\u2013Fr 11:00 \u2013 18:00Samstag 10:00 \u2013 13:00Sonntag geschlossen D\u00a0\u00a0\u00a0\u00a0\u00a0\u00a0\u00a0 Thomas Laubenberger-Pletzer ist geboren 1969 in Kitzb\u00fchel, lebt und arbeitet in Wien. Er studierte Bildhauerei bei Michelangelo Pistoletto an der Akademie der bildenden K\u00fcnste [&hellip;]<\/p>\n","protected":false},"author":1,"featured_media":0,"parent":0,"menu_order":0,"comment_status":"closed","ping_status":"closed","template":"elementor_header_footer","meta":{"footnotes":""},"class_list":["post-1284","page","type-page","status-publish","hentry"],"_links":{"self":[{"href":"https:\/\/premierentage.at\/2021\/wp-json\/wp\/v2\/pages\/1284","targetHints":{"allow":["GET"]}}],"collection":[{"href":"https:\/\/premierentage.at\/2021\/wp-json\/wp\/v2\/pages"}],"about":[{"href":"https:\/\/premierentage.at\/2021\/wp-json\/wp\/v2\/types\/page"}],"author":[{"embeddable":true,"href":"https:\/\/premierentage.at\/2021\/wp-json\/wp\/v2\/users\/1"}],"replies":[{"embeddable":true,"href":"https:\/\/premierentage.at\/2021\/wp-json\/wp\/v2\/comments?post=1284"}],"version-history":[{"count":43,"href":"https:\/\/premierentage.at\/2021\/wp-json\/wp\/v2\/pages\/1284\/revisions"}],"predecessor-version":[{"id":5762,"href":"https:\/\/premierentage.at\/2021\/wp-json\/wp\/v2\/pages\/1284\/revisions\/5762"}],"wp:attachment":[{"href":"https:\/\/premierentage.at\/2021\/wp-json\/wp\/v2\/media?parent=1284"}],"curies":[{"name":"wp","href":"https:\/\/api.w.org\/{rel}","templated":true}]}}