{"id":1286,"date":"2021-10-04T15:03:34","date_gmt":"2021-10-04T15:03:34","guid":{"rendered":"https:\/\/premierentage.at\/2021\/?page_id=1286"},"modified":"2021-11-17T10:11:15","modified_gmt":"2021-11-17T10:11:15","slug":"postcards-form-isolation","status":"publish","type":"page","link":"https:\/\/premierentage.at\/2021\/postcards-form-isolation\/","title":{"rendered":"Postcards form Isolation"},"content":{"rendered":"\t\t<div data-elementor-type=\"wp-page\" data-elementor-id=\"1286\" class=\"elementor elementor-1286\">\n\t\t\t\t\t\t<section class=\"elementor-section elementor-top-section elementor-element elementor-element-1320d38a elementor-section-boxed elementor-section-height-default elementor-section-height-default\" data-id=\"1320d38a\" data-element_type=\"section\" data-e-type=\"section\" data-settings=\"{&quot;background_background&quot;:&quot;classic&quot;}\">\n\t\t\t\t\t\t<div class=\"elementor-container elementor-column-gap-default\">\n\t\t\t\t\t<div class=\"elementor-column elementor-col-100 elementor-top-column elementor-element elementor-element-16cee0df\" data-id=\"16cee0df\" data-element_type=\"column\" data-e-type=\"column\">\n\t\t\t<div class=\"elementor-widget-wrap elementor-element-populated\">\n\t\t\t\t\t\t<div class=\"elementor-element elementor-element-717d83d3 graulink elementor-widget elementor-widget-text-editor\" data-id=\"717d83d3\" data-element_type=\"widget\" data-e-type=\"widget\" id=\"btn-back\" data-widget_type=\"text-editor.default\">\n\t\t\t\t<div class=\"elementor-widget-container\">\n\t\t\t\t\t\t\t\t\t<span style=\"color: #000000;\"><a href=\"javascript:history.back()\">ZUR\u00dcCK<\/a><\/span>\t\t\t\t\t\t\t\t<\/div>\n\t\t\t\t<\/div>\n\t\t\t\t<div class=\"elementor-element elementor-element-6a008814 elementor-widget elementor-widget-text-editor\" data-id=\"6a008814\" data-element_type=\"widget\" data-e-type=\"widget\" data-widget_type=\"text-editor.default\">\n\t\t\t\t<div class=\"elementor-widget-container\">\n\t\t\t\t\t\t\t\t\t<p><a href=\"https:\/\/premierentage.at\/2021\/uni\/\"><span style=\"text-decoration: underline;\">Universit\u00e4t Innsbruck \u2013 Institut f\u00fcr Kunstgeschichte<\/span><\/a><\/p>\t\t\t\t\t\t\t\t<\/div>\n\t\t\t\t<\/div>\n\t\t\t\t<div class=\"elementor-element elementor-element-24c658e6 elementor-widget elementor-widget-text-editor\" data-id=\"24c658e6\" data-element_type=\"widget\" data-e-type=\"widget\" data-widget_type=\"text-editor.default\">\n\t\t\t\t<div class=\"elementor-widget-container\">\n\t\t\t\t\t\t\t\t\t<p>DO 4. NOV<\/p>\t\t\t\t\t\t\t\t<\/div>\n\t\t\t\t<\/div>\n\t\t\t\t<div class=\"elementor-element elementor-element-54a00c23 elementor-widget elementor-widget-text-editor\" data-id=\"54a00c23\" data-element_type=\"widget\" data-e-type=\"widget\" data-widget_type=\"text-editor.default\">\n\t\t\t\t<div class=\"elementor-widget-container\">\n\t\t\t\t\t\t\t\t\t<p>19.30<\/p>\t\t\t\t\t\t\t\t<\/div>\n\t\t\t\t<\/div>\n\t\t\t\t<div class=\"elementor-element elementor-element-3ac3bf13 elementor-widget elementor-widget-text-editor\" data-id=\"3ac3bf13\" data-element_type=\"widget\" data-e-type=\"widget\" data-widget_type=\"text-editor.default\">\n\t\t\t\t<div class=\"elementor-widget-container\">\n\t\t\t\t\t\t\t\t\t<p>Postcards from Isolation<\/p>\t\t\t\t\t\t\t\t<\/div>\n\t\t\t\t<\/div>\n\t\t\t\t<div class=\"elementor-element elementor-element-857a39f elementor-widget elementor-widget-text-editor\" data-id=\"857a39f\" data-element_type=\"widget\" data-e-type=\"widget\" data-widget_type=\"text-editor.default\">\n\t\t\t\t<div class=\"elementor-widget-container\">\n\t\t\t\t\t\t\t\t\t<p><span style=\"color: #000000;\">Vernissage<br \/><\/span><\/p>\t\t\t\t\t\t\t\t<\/div>\n\t\t\t\t<\/div>\n\t\t\t\t<div class=\"elementor-element elementor-element-51d0b03b elementor-absolute elementor-widget__width-initial elementor-widget elementor-widget-text-editor\" data-id=\"51d0b03b\" data-element_type=\"widget\" data-e-type=\"widget\" data-settings=\"{&quot;_position&quot;:&quot;absolute&quot;}\" data-widget_type=\"text-editor.default\">\n\t\t\t\t<div class=\"elementor-widget-container\">\n\t\t\t\t\t\t\t\t\t<p>\u00a9 Rosalie Wammes<\/p><p>Arch\u00e4ologisches Museum Innsbruck<br \/>Universit\u00e4tshauptgeb\u00e4ude (Altbau)<br \/>Innrain 52\/Christoph-Probst-Platz<br \/>3. Stock<br \/>6020 Innsbruck<\/p>\t\t\t\t\t\t\t\t<\/div>\n\t\t\t\t<\/div>\n\t\t\t\t<div class=\"elementor-element elementor-element-5a8093be elementor-widget elementor-widget-image\" data-id=\"5a8093be\" data-element_type=\"widget\" data-e-type=\"widget\" data-widget_type=\"image.default\">\n\t\t\t\t<div class=\"elementor-widget-container\">\n\t\t\t\t\t\t\t\t\t\t\t\t\t\t\t<img fetchpriority=\"high\" decoding=\"async\" width=\"750\" height=\"563\" src=\"https:\/\/premierentage.at\/2021\/wp-content\/uploads\/2021\/10\/750px-1-Rosalie-Wammes.jpg\" class=\"attachment-full size-full wp-image-1174\" alt=\"\" srcset=\"https:\/\/premierentage.at\/2021\/wp-content\/uploads\/2021\/10\/750px-1-Rosalie-Wammes.jpg 750w, https:\/\/premierentage.at\/2021\/wp-content\/uploads\/2021\/10\/750px-1-Rosalie-Wammes-300x225.jpg 300w\" sizes=\"(max-width: 750px) 100vw, 750px\" \/>\t\t\t\t\t\t\t\t\t\t\t\t\t\t\t<\/div>\n\t\t\t\t<\/div>\n\t\t\t\t<div class=\"elementor-element elementor-element-1ee15584 elementor-widget elementor-widget-text-editor\" data-id=\"1ee15584\" data-element_type=\"widget\" data-e-type=\"widget\" data-widget_type=\"text-editor.default\">\n\t\t\t\t<div class=\"elementor-widget-container\">\n\t\t\t\t\t\t\t\t\t<p>D&nbsp;&nbsp;&nbsp;&nbsp;&nbsp;&nbsp;&nbsp; Die Ausstellung zeigt im Lockdown 2021 neu entstandene Mail Art und dazu verfasste Texte in einer Kulisse klassischer Antiken. Abseits der gesperrten k\u00fcnstlerischen Werkst\u00e4tten ihrer Kunsthochschule haben 27 angehende K\u00fcnstler:innen am Chelsea College of Arts in London im Fr\u00fchjahr 2021 kleine Kunstwerke in Form von Postkarten geschaffen. \u00dcber den Postweg gelangten diese schlie\u00dflich an die Universit\u00e4t Innsbruck, wo sie den jungen Kunstwissenschaftlern:innen am Institut f\u00fcr Kunstgeschichte eine dankbare M\u00f6glichkeit f\u00fcr die \u201eArbeit am Original\u201c, aber auch f\u00fcr experimentelle Ann\u00e4herungen boten. Mit einem speziell f\u00fcr die Schau entworfenen Ausstellungsdisplay \u2013 inmitten der Gipsabg\u00fcsse des Arch\u00e4ologischen Museums Innsbruck \u2013 ist auch die Fakult\u00e4t f\u00fcr Architektur an \u201ePostcards from Isolation\u201c beteiligt.<\/p>\t\t\t\t\t\t\t\t<\/div>\n\t\t\t\t<\/div>\n\t\t\t\t<div class=\"elementor-element elementor-element-21626cf9 elementor-widget elementor-widget-text-editor\" data-id=\"21626cf9\" data-element_type=\"widget\" data-e-type=\"widget\" data-widget_type=\"text-editor.default\">\n\t\t\t\t<div class=\"elementor-widget-container\">\n\t\t\t\t\t\t\t\t\t<p>E\u00a0\u00a0\u00a0\u00a0\u00a0\u00a0\u00a0 Against a backdrop of classical antiquities, the exhibition presents mail art created during the 2021 lockdown and the corresponding texts. In the spring of 2021, twenty-seven young artists of the Chelsea College of Arts in London, not able to access the locked-up studios at their art academy, created small artworks in the form of postcards. These finally reached the University of Innsbruck by post, where they offered the young scientists at the Department of Art History a welcome opportunity to &#8222;work with the original&#8220;, but also for experimental approaches. With an exhibition display, developed especially for the show and set amidst the plaster casts from the Innsbruck Archaeological Museum, the Faculty of Architecture also participates in Postcards from Isolation.<\/p>\t\t\t\t\t\t\t\t<\/div>\n\t\t\t\t<\/div>\n\t\t\t\t<div class=\"elementor-element elementor-element-04a296e elementor-widget elementor-widget-text-editor\" data-id=\"04a296e\" data-element_type=\"widget\" data-e-type=\"widget\" data-widget_type=\"text-editor.default\">\n\t\t\t\t<div class=\"elementor-widget-container\">\n\t\t\t\t\t\t\t\t\t<p>\u201ePostcards from Isolation\u201c ist eine Ausstellung des Instituts f\u00fcr Kunstgeschichte der Universit\u00e4t Innsbruck und des MA Fine Art 2020\/21 am Chelsea College of Arts, University of the Arts London, im Arch\u00e4ologischen Museum Innsbruck (Standort Universit\u00e4tshauptgeb\u00e4ude) \u2013 unter Mitwirkung der Fakult\u00e4t f\u00fcr Architektur der Universit\u00e4t Innsbruck. In Kooperation mit dem Forschungszentrum Kulturen in Kontakt.<\/p><p>\u201cPostcards from Isolation\u201d is an exhibition of the Department of Art History and the MA Fine Art 2020\/21 of the Chelsea College of Arts, University of the Arts London, in the Archaeological Museum Innsbruck (University Main Building) \u2013 supported by the Faculty of Architecture of the University of Innsbruck. In cooperation with the Research Center Cultures in Contact of the University of Innsbruck.<\/p>\t\t\t\t\t\t\t\t<\/div>\n\t\t\t\t<\/div>\n\t\t\t\t\t<\/div>\n\t\t<\/div>\n\t\t\t\t\t<\/div>\n\t\t<\/section>\n\t\t\t\t<\/div>\n\t\t","protected":false},"excerpt":{"rendered":"<p>ZUR\u00dcCK Universit\u00e4t Innsbruck \u2013 Institut f\u00fcr Kunstgeschichte DO 4. NOV 19.30 Postcards from Isolation Vernissage \u00a9 Rosalie Wammes Arch\u00e4ologisches Museum InnsbruckUniversit\u00e4tshauptgeb\u00e4ude (Altbau)Innrain 52\/Christoph-Probst-Platz3. Stock6020 Innsbruck D&nbsp;&nbsp;&nbsp;&nbsp;&nbsp;&nbsp;&nbsp; Die Ausstellung zeigt im Lockdown 2021 neu entstandene Mail Art und dazu verfasste Texte in einer Kulisse klassischer Antiken. Abseits der gesperrten k\u00fcnstlerischen Werkst\u00e4tten ihrer Kunsthochschule haben 27 angehende [&hellip;]<\/p>\n","protected":false},"author":1,"featured_media":0,"parent":0,"menu_order":0,"comment_status":"closed","ping_status":"closed","template":"elementor_header_footer","meta":{"footnotes":""},"class_list":["post-1286","page","type-page","status-publish","hentry"],"_links":{"self":[{"href":"https:\/\/premierentage.at\/2021\/wp-json\/wp\/v2\/pages\/1286","targetHints":{"allow":["GET"]}}],"collection":[{"href":"https:\/\/premierentage.at\/2021\/wp-json\/wp\/v2\/pages"}],"about":[{"href":"https:\/\/premierentage.at\/2021\/wp-json\/wp\/v2\/types\/page"}],"author":[{"embeddable":true,"href":"https:\/\/premierentage.at\/2021\/wp-json\/wp\/v2\/users\/1"}],"replies":[{"embeddable":true,"href":"https:\/\/premierentage.at\/2021\/wp-json\/wp\/v2\/comments?post=1286"}],"version-history":[{"count":55,"href":"https:\/\/premierentage.at\/2021\/wp-json\/wp\/v2\/pages\/1286\/revisions"}],"predecessor-version":[{"id":5863,"href":"https:\/\/premierentage.at\/2021\/wp-json\/wp\/v2\/pages\/1286\/revisions\/5863"}],"wp:attachment":[{"href":"https:\/\/premierentage.at\/2021\/wp-json\/wp\/v2\/media?parent=1286"}],"curies":[{"name":"wp","href":"https:\/\/api.w.org\/{rel}","templated":true}]}}