{"id":1314,"date":"2021-10-04T15:15:10","date_gmt":"2021-10-04T15:15:10","guid":{"rendered":"https:\/\/premierentage.at\/2021\/?page_id=1314"},"modified":"2021-10-21T09:00:29","modified_gmt":"2021-10-21T09:00:29","slug":"magic-carpets","status":"publish","type":"page","link":"https:\/\/premierentage.at\/2021\/magic-carpets\/","title":{"rendered":"Magic Carpets"},"content":{"rendered":"\t\t<div data-elementor-type=\"wp-page\" data-elementor-id=\"1314\" class=\"elementor elementor-1314\">\n\t\t\t\t\t\t<section class=\"elementor-section elementor-top-section elementor-element elementor-element-1320d38a elementor-section-boxed elementor-section-height-default elementor-section-height-default\" data-id=\"1320d38a\" data-element_type=\"section\" data-e-type=\"section\" data-settings=\"{&quot;background_background&quot;:&quot;classic&quot;}\">\n\t\t\t\t\t\t<div class=\"elementor-container elementor-column-gap-default\">\n\t\t\t\t\t<div class=\"elementor-column elementor-col-100 elementor-top-column elementor-element elementor-element-16cee0df\" data-id=\"16cee0df\" data-element_type=\"column\" data-e-type=\"column\">\n\t\t\t<div class=\"elementor-widget-wrap elementor-element-populated\">\n\t\t\t\t\t\t<div class=\"elementor-element elementor-element-717d83d3 graulink elementor-widget elementor-widget-text-editor\" data-id=\"717d83d3\" data-element_type=\"widget\" data-e-type=\"widget\" id=\"btn-back\" data-widget_type=\"text-editor.default\">\n\t\t\t\t<div class=\"elementor-widget-container\">\n\t\t\t\t\t\t\t\t\t<span style=\"color: #000000;\"><a href=\"javascript:history.back()\">ZUR\u00dcCK<\/a><\/span>\t\t\t\t\t\t\t\t<\/div>\n\t\t\t\t<\/div>\n\t\t\t\t<div class=\"elementor-element elementor-element-6a008814 elementor-widget elementor-widget-text-editor\" data-id=\"6a008814\" data-element_type=\"widget\" data-e-type=\"widget\" data-widget_type=\"text-editor.default\">\n\t\t\t\t<div class=\"elementor-widget-container\">\n\t\t\t\t\t\t\t\t\t<p><a href=\"https:\/\/premierentage.at\/2021\/openspace\/\"><span style=\"text-decoration: underline;\">openspace.innsbruck<\/span><\/a><\/p>\t\t\t\t\t\t\t\t<\/div>\n\t\t\t\t<\/div>\n\t\t\t\t<div class=\"elementor-element elementor-element-24c658e6 elementor-widget elementor-widget-text-editor\" data-id=\"24c658e6\" data-element_type=\"widget\" data-e-type=\"widget\" data-widget_type=\"text-editor.default\">\n\t\t\t\t<div class=\"elementor-widget-container\">\n\t\t\t\t\t\t\t\t\t<p>DO 4. NOV<\/p>\t\t\t\t\t\t\t\t<\/div>\n\t\t\t\t<\/div>\n\t\t\t\t<div class=\"elementor-element elementor-element-54a00c23 elementor-widget elementor-widget-text-editor\" data-id=\"54a00c23\" data-element_type=\"widget\" data-e-type=\"widget\" data-widget_type=\"text-editor.default\">\n\t\t\t\t<div class=\"elementor-widget-container\">\n\t\t\t\t\t\t\t\t\t<p>21.00<\/p>\t\t\t\t\t\t\t\t<\/div>\n\t\t\t\t<\/div>\n\t\t\t\t<div class=\"elementor-element elementor-element-3ac3bf13 elementor-widget elementor-widget-text-editor\" data-id=\"3ac3bf13\" data-element_type=\"widget\" data-e-type=\"widget\" data-widget_type=\"text-editor.default\">\n\t\t\t\t<div class=\"elementor-widget-container\">\n\t\t\t\t\t\t\t\t\t<p>Magic Carpets 2017\u20132021<br \/>CREATIVE EUROPE PLATFORM PROJECT<br \/>Artist in residence project<\/p>\t\t\t\t\t\t\t\t<\/div>\n\t\t\t\t<\/div>\n\t\t\t\t<div class=\"elementor-element elementor-element-857a39f elementor-widget elementor-widget-text-editor\" data-id=\"857a39f\" data-element_type=\"widget\" data-e-type=\"widget\" data-widget_type=\"text-editor.default\">\n\t\t\t\t<div class=\"elementor-widget-container\">\n\t\t\t\t\t\t\t\t\t<p>Vernissage<\/p>\t\t\t\t\t\t\t\t<\/div>\n\t\t\t\t<\/div>\n\t\t\t\t<div class=\"elementor-element elementor-element-51d0b03b elementor-absolute elementor-widget__width-initial elementor-widget elementor-widget-text-editor\" data-id=\"51d0b03b\" data-element_type=\"widget\" data-e-type=\"widget\" data-settings=\"{&quot;_position&quot;:&quot;absolute&quot;}\" data-widget_type=\"text-editor.default\">\n\t\t\t\t<div class=\"elementor-widget-container\">\n\t\t\t\t\t\t\t\t\t<p>\u00a9 Magic Carpets<\/p><p>openspace.innsbruck<br \/>Mentlgasse 12b<br \/>6020 Innsbruck<\/p><p>T +43 664 5342343<br \/><a href=\"http:\/\/www.openspace-innsbruck.com\">www.openspace-innsbruck.com<\/a><\/p>\t\t\t\t\t\t\t\t<\/div>\n\t\t\t\t<\/div>\n\t\t\t\t<div class=\"elementor-element elementor-element-5a8093be elementor-widget elementor-widget-image\" data-id=\"5a8093be\" data-element_type=\"widget\" data-e-type=\"widget\" data-widget_type=\"image.default\">\n\t\t\t\t<div class=\"elementor-widget-container\">\n\t\t\t\t\t\t\t\t\t\t\t\t\t\t\t<img fetchpriority=\"high\" decoding=\"async\" width=\"750\" height=\"486\" src=\"https:\/\/premierentage.at\/2021\/wp-content\/uploads\/2021\/10\/750px-210921_MC_titel.jpg\" class=\"attachment-full size-full wp-image-1176\" alt=\"\" srcset=\"https:\/\/premierentage.at\/2021\/wp-content\/uploads\/2021\/10\/750px-210921_MC_titel.jpg 750w, https:\/\/premierentage.at\/2021\/wp-content\/uploads\/2021\/10\/750px-210921_MC_titel-300x194.jpg 300w\" sizes=\"(max-width: 750px) 100vw, 750px\" \/>\t\t\t\t\t\t\t\t\t\t\t\t\t\t\t<\/div>\n\t\t\t\t<\/div>\n\t\t\t\t<div class=\"elementor-element elementor-element-1ee15584 elementor-widget elementor-widget-text-editor\" data-id=\"1ee15584\" data-element_type=\"widget\" data-e-type=\"widget\" data-widget_type=\"text-editor.default\">\n\t\t\t\t<div class=\"elementor-widget-container\">\n\t\t\t\t\t\t\t\t\t<p>D\u00a0\u00a0\u00a0\u00a0\u00a0\u00a0\u00a0MAGIC CARPETS ist ein vierj\u00e4hriges internationales F\u00f6rderungsprojekt f\u00fcr aufstrebende K\u00fcnstlerInnen aller Sparten, das vom Programm \u201ecreative europe culture\u201c der EU-Kommission hauptfinanziert wird. Im Plattformprojekt \u201e MAGIC CARPETS sind insgesamt 15 Kultur- und Kunsteinrichtungen aus EU-Mitgliedsl\u00e4ndern sowie EU-Beitrittskandidaten beteiligt. \u00d6sterreich ist durch openspace.innsbruck \u2013 Verein zur F\u00f6rderung der Alltagskultur vertreten.<\/p><p>Der \u201efliegende Teppich\u201c wird hier zu einer \u00fcberzeugenden Metapher f\u00fcr die Macht der Kultur, die das Misstrauen und die Konfrontation im interkulturellen Dialog mit gegenseitigem Verst\u00e4ndnis, Respekt und Liebe zu ver\u00e4ndern sucht.<\/p>\t\t\t\t\t\t\t\t<\/div>\n\t\t\t\t<\/div>\n\t\t\t\t<div class=\"elementor-element elementor-element-21626cf9 elementor-widget elementor-widget-text-editor\" data-id=\"21626cf9\" data-element_type=\"widget\" data-e-type=\"widget\" data-widget_type=\"text-editor.default\">\n\t\t\t\t<div class=\"elementor-widget-container\">\n\t\t\t\t\t\t\t\t\t<p>E\u00a0\u00a0\u00a0\u00a0\u00a0\u00a0\u00a0MAGIC CARPETS is a four-year international promotion project for up-and-coming artists from all genres that is financed primarily by the creative europe culture programme of the EU Commission. The platform project MAGIC CARPETS includes fifteen cultural and art institutions in EU member states as well as EU candidate countries. Austria is represented by openspace.innsbruck \u2013 Verein zur F\u00f6rderung der Alltagskultur.<\/p><p>The magic carpet here turns into a convincing metaphor for the power of culture, which aims to transform distrust and confrontation in cultural dialogue through mutual understanding, respect and love.<\/p>\t\t\t\t\t\t\t\t<\/div>\n\t\t\t\t<\/div>\n\t\t\t\t\t<\/div>\n\t\t<\/div>\n\t\t\t\t\t<\/div>\n\t\t<\/section>\n\t\t\t\t<\/div>\n\t\t","protected":false},"excerpt":{"rendered":"<p>ZUR\u00dcCK openspace.innsbruck DO 4. NOV 21.00 Magic Carpets 2017\u20132021CREATIVE EUROPE PLATFORM PROJECTArtist in residence project Vernissage \u00a9 Magic Carpets openspace.innsbruckMentlgasse 12b6020 Innsbruck T +43 664 5342343www.openspace-innsbruck.com D\u00a0\u00a0\u00a0\u00a0\u00a0\u00a0\u00a0MAGIC CARPETS ist ein vierj\u00e4hriges internationales F\u00f6rderungsprojekt f\u00fcr aufstrebende K\u00fcnstlerInnen aller Sparten, das vom Programm \u201ecreative europe culture\u201c der EU-Kommission hauptfinanziert wird. Im Plattformprojekt \u201e MAGIC CARPETS sind insgesamt [&hellip;]<\/p>\n","protected":false},"author":1,"featured_media":0,"parent":0,"menu_order":0,"comment_status":"closed","ping_status":"closed","template":"elementor_header_footer","meta":{"footnotes":""},"class_list":["post-1314","page","type-page","status-publish","hentry"],"_links":{"self":[{"href":"https:\/\/premierentage.at\/2021\/wp-json\/wp\/v2\/pages\/1314","targetHints":{"allow":["GET"]}}],"collection":[{"href":"https:\/\/premierentage.at\/2021\/wp-json\/wp\/v2\/pages"}],"about":[{"href":"https:\/\/premierentage.at\/2021\/wp-json\/wp\/v2\/types\/page"}],"author":[{"embeddable":true,"href":"https:\/\/premierentage.at\/2021\/wp-json\/wp\/v2\/users\/1"}],"replies":[{"embeddable":true,"href":"https:\/\/premierentage.at\/2021\/wp-json\/wp\/v2\/comments?post=1314"}],"version-history":[{"count":40,"href":"https:\/\/premierentage.at\/2021\/wp-json\/wp\/v2\/pages\/1314\/revisions"}],"predecessor-version":[{"id":5604,"href":"https:\/\/premierentage.at\/2021\/wp-json\/wp\/v2\/pages\/1314\/revisions\/5604"}],"wp:attachment":[{"href":"https:\/\/premierentage.at\/2021\/wp-json\/wp\/v2\/media?parent=1314"}],"curies":[{"name":"wp","href":"https:\/\/api.w.org\/{rel}","templated":true}]}}