{"id":1347,"date":"2021-10-04T15:36:02","date_gmt":"2021-10-04T15:36:02","guid":{"rendered":"https:\/\/premierentage.at\/2021\/?page_id=1347"},"modified":"2021-11-04T07:57:54","modified_gmt":"2021-11-04T07:57:54","slug":"florian-raditsch","status":"publish","type":"page","link":"https:\/\/premierentage.at\/2021\/florian-raditsch\/","title":{"rendered":"Florian Raditsch"},"content":{"rendered":"\t\t<div data-elementor-type=\"wp-page\" data-elementor-id=\"1347\" class=\"elementor elementor-1347\">\n\t\t\t\t\t\t<section class=\"elementor-section elementor-top-section elementor-element elementor-element-1320d38a elementor-section-boxed elementor-section-height-default elementor-section-height-default\" data-id=\"1320d38a\" data-element_type=\"section\" data-e-type=\"section\" data-settings=\"{&quot;background_background&quot;:&quot;classic&quot;}\">\n\t\t\t\t\t\t<div class=\"elementor-container elementor-column-gap-default\">\n\t\t\t\t\t<div class=\"elementor-column elementor-col-100 elementor-top-column elementor-element elementor-element-16cee0df\" data-id=\"16cee0df\" data-element_type=\"column\" data-e-type=\"column\">\n\t\t\t<div class=\"elementor-widget-wrap elementor-element-populated\">\n\t\t\t\t\t\t<div class=\"elementor-element elementor-element-717d83d3 graulink elementor-widget elementor-widget-text-editor\" data-id=\"717d83d3\" data-element_type=\"widget\" data-e-type=\"widget\" id=\"btn-back\" data-widget_type=\"text-editor.default\">\n\t\t\t\t<div class=\"elementor-widget-container\">\n\t\t\t\t\t\t\t\t\t<span style=\"color: #000000;\"><a href=\"javascript:history.back()\">ZUR\u00dcCK<\/a><\/span>\t\t\t\t\t\t\t\t<\/div>\n\t\t\t\t<\/div>\n\t\t\t\t<div class=\"elementor-element elementor-element-6a008814 elementor-widget-mobile__width-initial elementor-widget elementor-widget-text-editor\" data-id=\"6a008814\" data-element_type=\"widget\" data-e-type=\"widget\" data-widget_type=\"text-editor.default\">\n\t\t\t\t<div class=\"elementor-widget-container\">\n\t\t\t\t\t\t\t\t\t<p><a href=\"https:\/\/premierentage.at\/2021\/volkskunstmuseum\/\"><span style=\"text-decoration: underline;\">Tiroler Landesmuseen \u2013<\/span><\/a><a href=\"https:\/\/premierentage.at\/2021\/volkskunstmuseum\/\"><span style=\"text-decoration: underline;\">Volkskunstmuseum<\/span><\/a><\/p>\t\t\t\t\t\t\t\t<\/div>\n\t\t\t\t<\/div>\n\t\t\t\t<div class=\"elementor-element elementor-element-24c658e6 elementor-widget elementor-widget-text-editor\" data-id=\"24c658e6\" data-element_type=\"widget\" data-e-type=\"widget\" data-widget_type=\"text-editor.default\">\n\t\t\t\t<div class=\"elementor-widget-container\">\n\t\t\t\t\t\t\t\t\t<p>FR 5. NOV<\/p>\t\t\t\t\t\t\t\t<\/div>\n\t\t\t\t<\/div>\n\t\t\t\t<div class=\"elementor-element elementor-element-54a00c23 elementor-widget elementor-widget-text-editor\" data-id=\"54a00c23\" data-element_type=\"widget\" data-e-type=\"widget\" data-widget_type=\"text-editor.default\">\n\t\t\t\t<div class=\"elementor-widget-container\">\n\t\t\t\t\t\t\t\t\t<p>15.00<\/p>\t\t\t\t\t\t\t\t<\/div>\n\t\t\t\t<\/div>\n\t\t\t\t<div class=\"elementor-element elementor-element-3ac3bf13 elementor-widget elementor-widget-text-editor\" data-id=\"3ac3bf13\" data-element_type=\"widget\" data-e-type=\"widget\" data-widget_type=\"text-editor.default\">\n\t\t\t\t<div class=\"elementor-widget-container\">\n\t\t\t\t\t\t\t\t\t<p>Florian Raditsch. Im Schein von Rauch und Flamme.<\/p>\t\t\t\t\t\t\t\t<\/div>\n\t\t\t\t<\/div>\n\t\t\t\t<div class=\"elementor-element elementor-element-857a39f elementor-widget elementor-widget-text-editor\" data-id=\"857a39f\" data-element_type=\"widget\" data-e-type=\"widget\" data-widget_type=\"text-editor.default\">\n\t\t\t\t<div class=\"elementor-widget-container\">\n\t\t\t\t\t\t\t\t\t<p>Zoom Talk<\/p>\t\t\t\t\t\t\t\t<\/div>\n\t\t\t\t<\/div>\n\t\t\t\t<div class=\"elementor-element elementor-element-51d0b03b elementor-absolute elementor-widget__width-initial elementor-widget elementor-widget-text-editor\" data-id=\"51d0b03b\" data-element_type=\"widget\" data-e-type=\"widget\" data-settings=\"{&quot;_position&quot;:&quot;absolute&quot;}\" data-widget_type=\"text-editor.default\">\n\t\t\t\t<div class=\"elementor-widget-container\">\n\t\t\t\t\t\t\t\t\t<p>\u00a9 Wolfgang Lackner<\/p><p>Tiroler Landesmuseen Volkskunstmuseum<br \/>Universit\u00e4tsstra\u00dfe 2<br \/>6020 Innsbruck<\/p><p>T +43 512 594 89<br \/><a href=\"http:\/\/www.tiroler-landesmuseen.at\">www.tiroler-landesmuseen.at<\/a><\/p><p>MO geschlossen<br \/>Mo\u2013So 09:00\u2013 17:00<\/p>\t\t\t\t\t\t\t\t<\/div>\n\t\t\t\t<\/div>\n\t\t\t\t<div class=\"elementor-element elementor-element-5a8093be elementor-widget elementor-widget-image\" data-id=\"5a8093be\" data-element_type=\"widget\" data-e-type=\"widget\" data-widget_type=\"image.default\">\n\t\t\t\t<div class=\"elementor-widget-container\">\n\t\t\t\t\t\t\t\t\t\t\t\t\t\t\t<img fetchpriority=\"high\" decoding=\"async\" width=\"750\" height=\"436\" src=\"https:\/\/premierentage.at\/2021\/wp-content\/uploads\/2021\/10\/750px-Raditsch_MAINHALL_c_Wolfgang_Lackner-1920x1280-1.jpg\" class=\"attachment-full size-full wp-image-1187\" alt=\"\" srcset=\"https:\/\/premierentage.at\/2021\/wp-content\/uploads\/2021\/10\/750px-Raditsch_MAINHALL_c_Wolfgang_Lackner-1920x1280-1.jpg 750w, https:\/\/premierentage.at\/2021\/wp-content\/uploads\/2021\/10\/750px-Raditsch_MAINHALL_c_Wolfgang_Lackner-1920x1280-1-300x174.jpg 300w\" sizes=\"(max-width: 750px) 100vw, 750px\" \/>\t\t\t\t\t\t\t\t\t\t\t\t\t\t\t<\/div>\n\t\t\t\t<\/div>\n\t\t\t\t<div class=\"elementor-element elementor-element-1ee15584 elementor-widget elementor-widget-text-editor\" data-id=\"1ee15584\" data-element_type=\"widget\" data-e-type=\"widget\" data-widget_type=\"text-editor.default\">\n\t\t\t\t<div class=\"elementor-widget-container\">\n\t\t\t\t\t\t\t\t\t<p>LIVE STREAM unter diesem Link <a href=\"https:\/\/www.facebook.com\/TirolerLandesmuseen\">www.facebook.com\/TirolerLandesmuseen<\/a><\/p><p>D\u00a0\u00a0\u00a0\u00a0\u00a0\u00a0 Florian Raditsch wurde 1987 in Zentralkalifornien geboren und wuchs in der N\u00e4he des Yosemite National Park auf. Sp\u00e4ter studierte er Bildende Kunst in New Mexico sowie an der Universit\u00e4t f\u00fcr angewandte Kunst Wien. In seinen Arbeiten setzt sich der K\u00fcnstler mit kulturellen und gesellschaftspolitischen Themen auseinander. Er befindet sich bis Dezember 2021 auf Residency in Washington, D.C. Das Gespr\u00e4ch im Rahmen der Premierentage findet deswegen online statt. Seine Innsbrucker Ausstellung \u201eIm Schein von Rauch und Flamme&#8220; verwandelt die Stuben des Volkskunstmuseums in R\u00e4ume der Verhandlung \u00fcber die Beziehung zwischen Mensch und Natur. Sie beginnt mit einem monumentalen \u201eBlitz\u201c, der die historischen R\u00e4ume trifft. Mit einzelnen Werken und Rauminstallationen, die f\u00fcr die Ausstellung entstanden sind, entwickelt Florian Raditsch ein neues spielerisches Narrativ aus der Besch\u00e4ftigung mit Folklore, Avantgarde, dem Synkretismus der Beatgeneration, wobei er auch die Verbindungen zwischen seiner kalifornischen und seiner \u00f6sterreichischen Identit\u00e4t auslotet.<\/p>\t\t\t\t\t\t\t\t<\/div>\n\t\t\t\t<\/div>\n\t\t\t\t<div class=\"elementor-element elementor-element-21626cf9 elementor-widget elementor-widget-text-editor\" data-id=\"21626cf9\" data-element_type=\"widget\" data-e-type=\"widget\" data-widget_type=\"text-editor.default\">\n\t\t\t\t<div class=\"elementor-widget-container\">\n\t\t\t\t\t\t\t\t\t<p>E\u00a0\u00a0\u00a0\u00a0\u00a0 Florian Raditsch was born in Central California in 1987 and grew up near the Yosemite National Park. Later he studied visual arts in New Mexico and at the University of Applied Arts in Vienna. In his works, the artist deals with cultural and socio-political subjects. Currently, he is on a residency in Washington, D.C., which ends in December 2021. The talk, organised on the occasion of Premierentage, therefore takes place online. His Innsbruck exhibition Im Schein von Rauch und Flamme (lit. In the glow of smoke and flame) transforms the parlours of the Volkskunstmuseum into rooms for negotiating the relationship between humans and nature. It begins with a monumental lightning striking the historical rooms. With the help of individual works and spatial installations, created especially for the exhibition, Florian Raditsch develops a new playful narrative based on the confrontation with folklore, avantgarde and the syncretism of the beat generation, in the process also exploring the links between his Californian and his Austrian identities. <\/p>\t\t\t\t\t\t\t\t<\/div>\n\t\t\t\t<\/div>\n\t\t\t\t\t<\/div>\n\t\t<\/div>\n\t\t\t\t\t<\/div>\n\t\t<\/section>\n\t\t\t\t<\/div>\n\t\t","protected":false},"excerpt":{"rendered":"<p>ZUR\u00dcCK Tiroler Landesmuseen \u2013Volkskunstmuseum FR 5. NOV 15.00 Florian Raditsch. Im Schein von Rauch und Flamme. Zoom Talk \u00a9 Wolfgang Lackner Tiroler Landesmuseen VolkskunstmuseumUniversit\u00e4tsstra\u00dfe 26020 Innsbruck T +43 512 594 89www.tiroler-landesmuseen.at MO geschlossenMo\u2013So 09:00\u2013 17:00 LIVE STREAM unter diesem Link www.facebook.com\/TirolerLandesmuseen D\u00a0\u00a0\u00a0\u00a0\u00a0\u00a0 Florian Raditsch wurde 1987 in Zentralkalifornien geboren und wuchs in der N\u00e4he des [&hellip;]<\/p>\n","protected":false},"author":1,"featured_media":0,"parent":0,"menu_order":0,"comment_status":"closed","ping_status":"closed","template":"elementor_header_footer","meta":{"footnotes":""},"class_list":["post-1347","page","type-page","status-publish","hentry"],"_links":{"self":[{"href":"https:\/\/premierentage.at\/2021\/wp-json\/wp\/v2\/pages\/1347","targetHints":{"allow":["GET"]}}],"collection":[{"href":"https:\/\/premierentage.at\/2021\/wp-json\/wp\/v2\/pages"}],"about":[{"href":"https:\/\/premierentage.at\/2021\/wp-json\/wp\/v2\/types\/page"}],"author":[{"embeddable":true,"href":"https:\/\/premierentage.at\/2021\/wp-json\/wp\/v2\/users\/1"}],"replies":[{"embeddable":true,"href":"https:\/\/premierentage.at\/2021\/wp-json\/wp\/v2\/comments?post=1347"}],"version-history":[{"count":73,"href":"https:\/\/premierentage.at\/2021\/wp-json\/wp\/v2\/pages\/1347\/revisions"}],"predecessor-version":[{"id":5850,"href":"https:\/\/premierentage.at\/2021\/wp-json\/wp\/v2\/pages\/1347\/revisions\/5850"}],"wp:attachment":[{"href":"https:\/\/premierentage.at\/2021\/wp-json\/wp\/v2\/media?parent=1347"}],"curies":[{"name":"wp","href":"https:\/\/api.w.org\/{rel}","templated":true}]}}