{"id":1364,"date":"2021-10-04T16:13:12","date_gmt":"2021-10-04T16:13:12","guid":{"rendered":"https:\/\/premierentage.at\/2021\/?page_id=1364"},"modified":"2021-10-29T09:23:55","modified_gmt":"2021-10-29T09:23:55","slug":"gesprach-osterreichischer-grafikwettbewerb","status":"publish","type":"page","link":"https:\/\/premierentage.at\/2021\/gesprach-osterreichischer-grafikwettbewerb\/","title":{"rendered":"Gespr\u00e4ch \u00f6sterreichischer Grafikwettbewerb"},"content":{"rendered":"\t\t<div data-elementor-type=\"wp-page\" data-elementor-id=\"1364\" class=\"elementor elementor-1364\">\n\t\t\t\t\t\t<section class=\"elementor-section elementor-top-section elementor-element elementor-element-1320d38a elementor-section-boxed elementor-section-height-default elementor-section-height-default\" data-id=\"1320d38a\" data-element_type=\"section\" data-e-type=\"section\" data-settings=\"{&quot;background_background&quot;:&quot;classic&quot;}\">\n\t\t\t\t\t\t<div class=\"elementor-container elementor-column-gap-default\">\n\t\t\t\t\t<div class=\"elementor-column elementor-col-100 elementor-top-column elementor-element elementor-element-16cee0df\" data-id=\"16cee0df\" data-element_type=\"column\" data-e-type=\"column\">\n\t\t\t<div class=\"elementor-widget-wrap elementor-element-populated\">\n\t\t\t\t\t\t<div class=\"elementor-element elementor-element-717d83d3 graulink elementor-widget elementor-widget-text-editor\" data-id=\"717d83d3\" data-element_type=\"widget\" data-e-type=\"widget\" id=\"btn-back\" data-widget_type=\"text-editor.default\">\n\t\t\t\t<div class=\"elementor-widget-container\">\n\t\t\t\t\t\t\t\t\t<span style=\"color: #000000;\"><a href=\"javascript:history.back()\">ZUR\u00dcCK<\/a><\/span>\t\t\t\t\t\t\t\t<\/div>\n\t\t\t\t<\/div>\n\t\t\t\t<div class=\"elementor-element elementor-element-6a008814 elementor-widget elementor-widget-text-editor\" data-id=\"6a008814\" data-element_type=\"widget\" data-e-type=\"widget\" data-widget_type=\"text-editor.default\">\n\t\t\t\t<div class=\"elementor-widget-container\">\n\t\t\t\t\t\t\t\t\t<p><a href=\"https:\/\/premierentage.at\/2021\/taxispalais\/\"><span style=\"text-decoration: underline;\">Taxispalais. Kunsthalle Tirol<\/span><\/a><\/p>\t\t\t\t\t\t\t\t<\/div>\n\t\t\t\t<\/div>\n\t\t\t\t<div class=\"elementor-element elementor-element-24c658e6 elementor-widget elementor-widget-text-editor\" data-id=\"24c658e6\" data-element_type=\"widget\" data-e-type=\"widget\" data-widget_type=\"text-editor.default\">\n\t\t\t\t<div class=\"elementor-widget-container\">\n\t\t\t\t\t\t\t\t\t<p>FR 5. NOV<\/p>\t\t\t\t\t\t\t\t<\/div>\n\t\t\t\t<\/div>\n\t\t\t\t<div class=\"elementor-element elementor-element-54a00c23 elementor-widget elementor-widget-text-editor\" data-id=\"54a00c23\" data-element_type=\"widget\" data-e-type=\"widget\" data-widget_type=\"text-editor.default\">\n\t\t\t\t<div class=\"elementor-widget-container\">\n\t\t\t\t\t\t\t\t\t<p>17.00<\/p>\t\t\t\t\t\t\t\t<\/div>\n\t\t\t\t<\/div>\n\t\t\t\t<div class=\"elementor-element elementor-element-3ac3bf13 elementor-widget elementor-widget-text-editor\" data-id=\"3ac3bf13\" data-element_type=\"widget\" data-e-type=\"widget\" data-widget_type=\"text-editor.default\">\n\t\t\t\t<div class=\"elementor-widget-container\">\n\t\t\t\t\t\t\t\t\t<p>K\u00fcnstleringespr\u00e4ch \u2013 Nora Sch\u00f6pfer im Gespr\u00e4ch mit Linnea Streit<\/p>\t\t\t\t\t\t\t\t<\/div>\n\t\t\t\t<\/div>\n\t\t\t\t<div class=\"elementor-element elementor-element-857a39f elementor-widget elementor-widget-text-editor\" data-id=\"857a39f\" data-element_type=\"widget\" data-e-type=\"widget\" data-widget_type=\"text-editor.default\">\n\t\t\t\t<div class=\"elementor-widget-container\">\n\t\t\t\t\t\t\t\t\t<p>Talk<\/p>\t\t\t\t\t\t\t\t<\/div>\n\t\t\t\t<\/div>\n\t\t\t\t<div class=\"elementor-element elementor-element-51d0b03b elementor-absolute elementor-widget__width-initial elementor-widget elementor-widget-text-editor\" data-id=\"51d0b03b\" data-element_type=\"widget\" data-e-type=\"widget\" data-settings=\"{&quot;_position&quot;:&quot;absolute&quot;}\" data-widget_type=\"text-editor.default\">\n\t\t\t\t<div class=\"elementor-widget-container\">\n\t\t\t\t\t\t\t\t\t<p>\u00a9 TAXISPALAIS Kunsthalle Tirol<\/p><p>TAXISPALAIS Kunsthalle Tirol<br \/>Maria-Theresien-Stra\u00dfe 45<br \/>6020 Innsbruck<\/p><p>T +43 512 508 3171<br \/><a href=\"http:\/\/www.taxispalais.art\">www.taxispalais.art<\/a><\/p><p>Montag geschlossen<br \/>Di\u2013So 11:00 \u2013 18:00<br \/>Donnerstag 11:00 \u2013 20:00<\/p>\t\t\t\t\t\t\t\t<\/div>\n\t\t\t\t<\/div>\n\t\t\t\t<div class=\"elementor-element elementor-element-5a8093be elementor-widget elementor-widget-image\" data-id=\"5a8093be\" data-element_type=\"widget\" data-e-type=\"widget\" data-widget_type=\"image.default\">\n\t\t\t\t<div class=\"elementor-widget-container\">\n\t\t\t\t\t\t\t\t\t\t\t\t\t\t\t<img fetchpriority=\"high\" decoding=\"async\" width=\"750\" height=\"750\" src=\"https:\/\/premierentage.at\/2021\/wp-content\/uploads\/2021\/10\/750px-TAXISPALAIS-37.-O\u0308GW-Scho\u0308pfer_Foto-Gu\u0308nter-Kresser.jpg\" class=\"attachment-full size-full wp-image-5778\" alt=\"\" srcset=\"https:\/\/premierentage.at\/2021\/wp-content\/uploads\/2021\/10\/750px-TAXISPALAIS-37.-O\u0308GW-Scho\u0308pfer_Foto-Gu\u0308nter-Kresser.jpg 750w, https:\/\/premierentage.at\/2021\/wp-content\/uploads\/2021\/10\/750px-TAXISPALAIS-37.-O\u0308GW-Scho\u0308pfer_Foto-Gu\u0308nter-Kresser-300x300.jpg 300w, https:\/\/premierentage.at\/2021\/wp-content\/uploads\/2021\/10\/750px-TAXISPALAIS-37.-O\u0308GW-Scho\u0308pfer_Foto-Gu\u0308nter-Kresser-150x150.jpg 150w\" sizes=\"(max-width: 750px) 100vw, 750px\" \/>\t\t\t\t\t\t\t\t\t\t\t\t\t\t\t<\/div>\n\t\t\t\t<\/div>\n\t\t\t\t<div class=\"elementor-element elementor-element-21626cf9 elementor-widget elementor-widget-text-editor\" data-id=\"21626cf9\" data-element_type=\"widget\" data-e-type=\"widget\" data-widget_type=\"text-editor.default\">\n\t\t\t\t<div class=\"elementor-widget-container\">\n\t\t\t\t\t\t\t\t\t<p>D\u00a0\u00a0\u00a0\u00a0\u00a0Im Rahmen der Ausstellung \u201eRetrospektive \u00d6sterreichischer Grafikwettbewerb \u2014 20 Jahre im TAXISPALAIS\u201c spricht die K\u00fcnstlerin und Preistr\u00e4gerin Nora Sch\u00f6pfer mit der Kuratorin der Ausstellung, Projektleiterin Linnea Streit. Ausgehend von ihrer pr\u00e4mierten Arbeit transcening perception 2 wird die Besch\u00e4ftigung mit dem Thema der Wahrnehmung in Sch\u00f6pfers Grafiken, Malereien und Installationen im Zentrum des Gespr\u00e4chs stehen. Wie k\u00f6nnen neue Erkenntnisse \u00fcber andere Lebensformen, beispielsweise zu Kommunikationswegen zwischen B\u00e4umen, unseren Blick auf die Welt ver\u00e4ndern und wie l\u00e4sst sich dem in k\u00fcnstlerischen Arbeiten nachsp\u00fcren?<br \/><br \/>Der Eintritt ist frei. F\u00fcr die Teilnahme am K\u00fcnstleringespr\u00e4ch sind ein 3-G-Nachweis und eine FFP2-Maske erforderlich. Wenn Sie teilnehmen m\u00f6chten, registrieren Sie sich bitte unter www.taxispalais.art oder telefonisch via +43 512 508 3173.<\/p>\t\t\t\t\t\t\t\t<\/div>\n\t\t\t\t<\/div>\n\t\t\t\t<div class=\"elementor-element elementor-element-5f799e5 elementor-widget elementor-widget-text-editor\" data-id=\"5f799e5\" data-element_type=\"widget\" data-e-type=\"widget\" data-widget_type=\"text-editor.default\">\n\t\t\t\t<div class=\"elementor-widget-container\">\n\t\t\t\t\t\t\t\t\t<p>Eintritt frei<\/p>\t\t\t\t\t\t\t\t<\/div>\n\t\t\t\t<\/div>\n\t\t\t\t<div class=\"elementor-element elementor-element-1d502b6 elementor-widget elementor-widget-text-editor\" data-id=\"1d502b6\" data-element_type=\"widget\" data-e-type=\"widget\" data-widget_type=\"text-editor.default\">\n\t\t\t\t<div class=\"elementor-widget-container\">\n\t\t\t\t\t\t\t\t\t<p>Nach der \u00dcberblicksschau der gesamten Einreichungen im Rahmen der letzten Ausgabe widmen wir uns dieses Jahr einem anderen \u00dcberblick. Die Preistr\u00e4ger_innen der 37. Ausgabe zeigen ihre Werke gemeinsam mit den je h\u00f6chstpr\u00e4mierten Arbeiten der letzten 20 Jahre: eine gegenw\u00e4rtige Retrospektive aller im TAXISPALAIS pr\u00e4sentierten \u00d6sterreichischen Grafikwettbewerbe.<\/p>\t\t\t\t\t\t\t\t<\/div>\n\t\t\t\t<\/div>\n\t\t\t\t<div class=\"elementor-element elementor-element-5ab2417 elementor-widget elementor-widget-text-editor\" data-id=\"5ab2417\" data-element_type=\"widget\" data-e-type=\"widget\" data-widget_type=\"text-editor.default\">\n\t\t\t\t<div class=\"elementor-widget-container\">\n\t\t\t\t\t\t\t\t\t<p>Kuratiert von Linnea Streit<\/p>\t\t\t\t\t\t\t\t<\/div>\n\t\t\t\t<\/div>\n\t\t\t\t\t<\/div>\n\t\t<\/div>\n\t\t\t\t\t<\/div>\n\t\t<\/section>\n\t\t\t\t<\/div>\n\t\t","protected":false},"excerpt":{"rendered":"<p>ZUR\u00dcCK Taxispalais. Kunsthalle Tirol FR 5. NOV 17.00 K\u00fcnstleringespr\u00e4ch \u2013 Nora Sch\u00f6pfer im Gespr\u00e4ch mit Linnea Streit Talk \u00a9 TAXISPALAIS Kunsthalle Tirol TAXISPALAIS Kunsthalle TirolMaria-Theresien-Stra\u00dfe 456020 Innsbruck T +43 512 508 3171www.taxispalais.art Montag geschlossenDi\u2013So 11:00 \u2013 18:00Donnerstag 11:00 \u2013 20:00 D\u00a0\u00a0\u00a0\u00a0\u00a0Im Rahmen der Ausstellung \u201eRetrospektive \u00d6sterreichischer Grafikwettbewerb \u2014 20 Jahre im TAXISPALAIS\u201c spricht die K\u00fcnstlerin [&hellip;]<\/p>\n","protected":false},"author":1,"featured_media":0,"parent":0,"menu_order":0,"comment_status":"closed","ping_status":"closed","template":"elementor_header_footer","meta":{"footnotes":""},"class_list":["post-1364","page","type-page","status-publish","hentry"],"_links":{"self":[{"href":"https:\/\/premierentage.at\/2021\/wp-json\/wp\/v2\/pages\/1364","targetHints":{"allow":["GET"]}}],"collection":[{"href":"https:\/\/premierentage.at\/2021\/wp-json\/wp\/v2\/pages"}],"about":[{"href":"https:\/\/premierentage.at\/2021\/wp-json\/wp\/v2\/types\/page"}],"author":[{"embeddable":true,"href":"https:\/\/premierentage.at\/2021\/wp-json\/wp\/v2\/users\/1"}],"replies":[{"embeddable":true,"href":"https:\/\/premierentage.at\/2021\/wp-json\/wp\/v2\/comments?post=1364"}],"version-history":[{"count":90,"href":"https:\/\/premierentage.at\/2021\/wp-json\/wp\/v2\/pages\/1364\/revisions"}],"predecessor-version":[{"id":5781,"href":"https:\/\/premierentage.at\/2021\/wp-json\/wp\/v2\/pages\/1364\/revisions\/5781"}],"wp:attachment":[{"href":"https:\/\/premierentage.at\/2021\/wp-json\/wp\/v2\/media?parent=1364"}],"curies":[{"name":"wp","href":"https:\/\/api.w.org\/{rel}","templated":true}]}}