{"id":1433,"date":"2021-10-05T10:26:33","date_gmt":"2021-10-05T10:26:33","guid":{"rendered":"https:\/\/premierentage.at\/2021\/?page_id=1433"},"modified":"2021-10-21T09:07:51","modified_gmt":"2021-10-21T09:07:51","slug":"die-farbe-des-granatapfels","status":"publish","type":"page","link":"https:\/\/premierentage.at\/2021\/die-farbe-des-granatapfels\/","title":{"rendered":"Die Farbe des Granatapfels"},"content":{"rendered":"\t\t<div data-elementor-type=\"wp-page\" data-elementor-id=\"1433\" class=\"elementor elementor-1433\">\n\t\t\t\t\t\t<section class=\"elementor-section elementor-top-section elementor-element elementor-element-1320d38a elementor-section-boxed elementor-section-height-default elementor-section-height-default\" data-id=\"1320d38a\" data-element_type=\"section\" data-e-type=\"section\" data-settings=\"{&quot;background_background&quot;:&quot;classic&quot;}\">\n\t\t\t\t\t\t<div class=\"elementor-container elementor-column-gap-default\">\n\t\t\t\t\t<div class=\"elementor-column elementor-col-100 elementor-top-column elementor-element elementor-element-16cee0df\" data-id=\"16cee0df\" data-element_type=\"column\" data-e-type=\"column\">\n\t\t\t<div class=\"elementor-widget-wrap elementor-element-populated\">\n\t\t\t\t\t\t<div class=\"elementor-element elementor-element-717d83d3 graulink elementor-widget elementor-widget-text-editor\" data-id=\"717d83d3\" data-element_type=\"widget\" data-e-type=\"widget\" id=\"btn-back\" data-widget_type=\"text-editor.default\">\n\t\t\t\t<div class=\"elementor-widget-container\">\n\t\t\t\t\t\t\t\t\t<span style=\"color: #000000;\"><a href=\"javascript:history.back()\">ZUR\u00dcCK<\/a><\/span>\t\t\t\t\t\t\t\t<\/div>\n\t\t\t\t<\/div>\n\t\t\t\t<div class=\"elementor-element elementor-element-6a008814 elementor-widget elementor-widget-text-editor\" data-id=\"6a008814\" data-element_type=\"widget\" data-e-type=\"widget\" data-widget_type=\"text-editor.default\">\n\t\t\t\t<div class=\"elementor-widget-container\">\n\t\t\t\t\t\t\t\t\t<p><a href=\"https:\/\/www.leokino.at\/\"><span style=\"text-decoration: underline;\">Cinematograph<\/span><\/a><\/p>\t\t\t\t\t\t\t\t<\/div>\n\t\t\t\t<\/div>\n\t\t\t\t<div class=\"elementor-element elementor-element-24c658e6 elementor-widget elementor-widget-text-editor\" data-id=\"24c658e6\" data-element_type=\"widget\" data-e-type=\"widget\" data-widget_type=\"text-editor.default\">\n\t\t\t\t<div class=\"elementor-widget-container\">\n\t\t\t\t\t\t\t\t\t<p>FR 5. NOV<\/p>\t\t\t\t\t\t\t\t<\/div>\n\t\t\t\t<\/div>\n\t\t\t\t<div class=\"elementor-element elementor-element-54a00c23 elementor-widget elementor-widget-text-editor\" data-id=\"54a00c23\" data-element_type=\"widget\" data-e-type=\"widget\" data-widget_type=\"text-editor.default\">\n\t\t\t\t<div class=\"elementor-widget-container\">\n\t\t\t\t\t\t\t\t\t<p>17.30<\/p>\t\t\t\t\t\t\t\t<\/div>\n\t\t\t\t<\/div>\n\t\t\t\t<div class=\"elementor-element elementor-element-3ac3bf13 elementor-widget elementor-widget-text-editor\" data-id=\"3ac3bf13\" data-element_type=\"widget\" data-e-type=\"widget\" data-widget_type=\"text-editor.default\">\n\t\t\t\t<div class=\"elementor-widget-container\">\n\t\t\t\t\t\t\t\t\t<p>DIAMETRALE Kooperation: Die Farbe des Granatapfels \u2013 Sayat Nova<\/p>\t\t\t\t\t\t\t\t<\/div>\n\t\t\t\t<\/div>\n\t\t\t\t<div class=\"elementor-element elementor-element-857a39f elementor-widget elementor-widget-text-editor\" data-id=\"857a39f\" data-element_type=\"widget\" data-e-type=\"widget\" data-widget_type=\"text-editor.default\">\n\t\t\t\t<div class=\"elementor-widget-container\">\n\t\t\t\t\t\t\t\t\t<p><span style=\"color: #000000;\">Screening<\/span><\/p>\t\t\t\t\t\t\t\t<\/div>\n\t\t\t\t<\/div>\n\t\t\t\t<div class=\"elementor-element elementor-element-51d0b03b elementor-absolute elementor-widget__width-initial elementor-widget elementor-widget-text-editor\" data-id=\"51d0b03b\" data-element_type=\"widget\" data-e-type=\"widget\" data-settings=\"{&quot;_position&quot;:&quot;absolute&quot;}\" data-widget_type=\"text-editor.default\">\n\t\t\t\t<div class=\"elementor-widget-container\">\n\t\t\t\t\t\t\t\t\t<p><a href=\"http:\/\/\u00a9 trigon-film.org\" data-wplink-url-error=\"true\">\u00a9 trigon-film.org<\/a><\/p><p>Cinematograph<br \/>Museumstra\u00dfe 31<br \/>6020 Innsbruck<\/p><p>Telefon: +45 512 56047050<\/p>\t\t\t\t\t\t\t\t<\/div>\n\t\t\t\t<\/div>\n\t\t\t\t<div class=\"elementor-element elementor-element-5a8093be elementor-widget elementor-widget-image\" data-id=\"5a8093be\" data-element_type=\"widget\" data-e-type=\"widget\" data-widget_type=\"image.default\">\n\t\t\t\t<div class=\"elementor-widget-container\">\n\t\t\t\t\t\t\t\t\t\t\t\t\t\t\t<img fetchpriority=\"high\" decoding=\"async\" width=\"750\" height=\"422\" src=\"https:\/\/premierentage.at\/2021\/wp-content\/uploads\/2021\/10\/750px-Sayat_03-c-trigon-film.org_.jpg\" class=\"attachment-full size-full wp-image-1201\" alt=\"\" srcset=\"https:\/\/premierentage.at\/2021\/wp-content\/uploads\/2021\/10\/750px-Sayat_03-c-trigon-film.org_.jpg 750w, https:\/\/premierentage.at\/2021\/wp-content\/uploads\/2021\/10\/750px-Sayat_03-c-trigon-film.org_-300x169.jpg 300w\" sizes=\"(max-width: 750px) 100vw, 750px\" \/>\t\t\t\t\t\t\t\t\t\t\t\t\t\t\t<\/div>\n\t\t\t\t<\/div>\n\t\t\t\t<div class=\"elementor-element elementor-element-1ee15584 elementor-widget elementor-widget-text-editor\" data-id=\"1ee15584\" data-element_type=\"widget\" data-e-type=\"widget\" data-widget_type=\"text-editor.default\">\n\t\t\t\t<div class=\"elementor-widget-container\">\n\t\t\t\t\t\t\t\t\t<p>D\u00a0\u00a0\u00a0\u00a0 Sergej Paradschanow, Armenien, 1969<\/p><p>79 Min., armenische Originalfassung mit deutschen Unteriteln, DCP<\/p><p>Sergej Paradschanow zeigt in liebevoll-ironischen Tableaus Stationen aus dem Leben des Poeten Sayat Nova: das Aufwachsen inmitten von B\u00fcchern, die erste Liebe, die Zeit am Hof. Dabei strebt er an, ins poetische Universum des Dichters einzudringen, es gleichsam mit seinem eigenen zu verschmelzen. Der Filmhistoriker Ulrich Gregor schreibt: \u201eDer Reichtum der optischen und akustischen Partitur, die symbolischen Gestalten, die durch den ganzen Film gehen, die Montage\u00fcberg\u00e4nge, die der assoziativen Bewegung des dichterischen Gedankens dienen, erschlie\u00dfen neue M\u00f6glichkeiten poetischer filmischer Ausdruckskraft.\u201c Sergej Paradschanows Bilder und Sayat Novas Poesie dringen tief in die christlich-orientalische Kultur Armeniens vor und sind sorgsam und streng komponiert. Ein ganz spezieller Augenschmaus.<\/p>\t\t\t\t\t\t\t\t<\/div>\n\t\t\t\t<\/div>\n\t\t\t\t<div class=\"elementor-element elementor-element-21626cf9 elementor-widget elementor-widget-text-editor\" data-id=\"21626cf9\" data-element_type=\"widget\" data-e-type=\"widget\" data-widget_type=\"text-editor.default\">\n\t\t\t\t<div class=\"elementor-widget-container\">\n\t\t\t\t\t\t\t\t\t<p>E\u00a0\u00a0\u00a0\u00a0\u00a0 Sergei Parajanov, Armenia, 1969<br \/>79 min, Armenian original with German subtitles, DCP<\/p><p>In affectionately ironic tableaux Sergei Parajanov presents stations from the life of the poet Sayat Nova \u2013 growing up among books, his first love, the time at court. The director aspires to delve into Nova\u2019s poetic universe, to blend it with his own, as it were. Film historian Ulrich Gregor wrote: \u201cThe wealth of the optical and acoustic score, the symbolic figures populating the film, the scenic montage, serving the associative movement of the poetic thought, open up new possibilities of poetic cinematographic expression.\u201d Sergei Parajanov\u2019s images and Sayat Nova\u2019s poetry advance deeply into the Christian-Oriental culture of Armenia and are composed very carefully and stringently. A very special cinematographic treat.<\/p>\t\t\t\t\t\t\t\t<\/div>\n\t\t\t\t<\/div>\n\t\t\t\t\t<\/div>\n\t\t<\/div>\n\t\t\t\t\t<\/div>\n\t\t<\/section>\n\t\t\t\t<\/div>\n\t\t","protected":false},"excerpt":{"rendered":"<p>ZUR\u00dcCK Cinematograph FR 5. NOV 17.30 DIAMETRALE Kooperation: Die Farbe des Granatapfels \u2013 Sayat Nova Screening \u00a9 trigon-film.org CinematographMuseumstra\u00dfe 316020 Innsbruck Telefon: +45 512 56047050 D\u00a0\u00a0\u00a0\u00a0 Sergej Paradschanow, Armenien, 1969 79 Min., armenische Originalfassung mit deutschen Unteriteln, DCP Sergej Paradschanow zeigt in liebevoll-ironischen Tableaus Stationen aus dem Leben des Poeten Sayat Nova: das Aufwachsen inmitten [&hellip;]<\/p>\n","protected":false},"author":1,"featured_media":0,"parent":0,"menu_order":0,"comment_status":"closed","ping_status":"closed","template":"elementor_header_footer","meta":{"footnotes":""},"class_list":["post-1433","page","type-page","status-publish","hentry"],"_links":{"self":[{"href":"https:\/\/premierentage.at\/2021\/wp-json\/wp\/v2\/pages\/1433","targetHints":{"allow":["GET"]}}],"collection":[{"href":"https:\/\/premierentage.at\/2021\/wp-json\/wp\/v2\/pages"}],"about":[{"href":"https:\/\/premierentage.at\/2021\/wp-json\/wp\/v2\/types\/page"}],"author":[{"embeddable":true,"href":"https:\/\/premierentage.at\/2021\/wp-json\/wp\/v2\/users\/1"}],"replies":[{"embeddable":true,"href":"https:\/\/premierentage.at\/2021\/wp-json\/wp\/v2\/comments?post=1433"}],"version-history":[{"count":37,"href":"https:\/\/premierentage.at\/2021\/wp-json\/wp\/v2\/pages\/1433\/revisions"}],"predecessor-version":[{"id":5625,"href":"https:\/\/premierentage.at\/2021\/wp-json\/wp\/v2\/pages\/1433\/revisions\/5625"}],"wp:attachment":[{"href":"https:\/\/premierentage.at\/2021\/wp-json\/wp\/v2\/media?parent=1433"}],"curies":[{"name":"wp","href":"https:\/\/api.w.org\/{rel}","templated":true}]}}