{"id":1472,"date":"2021-10-05T10:48:00","date_gmt":"2021-10-05T10:48:00","guid":{"rendered":"https:\/\/premierentage.at\/2021\/?page_id=1472"},"modified":"2021-10-21T09:23:32","modified_gmt":"2021-10-21T09:23:32","slug":"peles-empire","status":"publish","type":"page","link":"https:\/\/premierentage.at\/2021\/peles-empire\/","title":{"rendered":"PELES EMPIRE"},"content":{"rendered":"\t\t<div data-elementor-type=\"wp-page\" data-elementor-id=\"1472\" class=\"elementor elementor-1472\">\n\t\t\t\t\t\t<section class=\"elementor-section elementor-top-section elementor-element elementor-element-1320d38a elementor-section-boxed elementor-section-height-default elementor-section-height-default\" data-id=\"1320d38a\" data-element_type=\"section\" data-e-type=\"section\" data-settings=\"{&quot;background_background&quot;:&quot;classic&quot;}\">\n\t\t\t\t\t\t<div class=\"elementor-container elementor-column-gap-default\">\n\t\t\t\t\t<div class=\"elementor-column elementor-col-100 elementor-top-column elementor-element elementor-element-16cee0df\" data-id=\"16cee0df\" data-element_type=\"column\" data-e-type=\"column\">\n\t\t\t<div class=\"elementor-widget-wrap elementor-element-populated\">\n\t\t\t\t\t\t<div class=\"elementor-element elementor-element-717d83d3 graulink elementor-widget elementor-widget-text-editor\" data-id=\"717d83d3\" data-element_type=\"widget\" data-e-type=\"widget\" id=\"btn-back\" data-widget_type=\"text-editor.default\">\n\t\t\t\t<div class=\"elementor-widget-container\">\n\t\t\t\t\t\t\t\t\t<span style=\"color: #000000;\"><a href=\"javascript:history.back()\">ZUR\u00dcCK<\/a><\/span>\t\t\t\t\t\t\t\t<\/div>\n\t\t\t\t<\/div>\n\t\t\t\t<div class=\"elementor-element elementor-element-6a008814 elementor-widget elementor-widget-text-editor\" data-id=\"6a008814\" data-element_type=\"widget\" data-e-type=\"widget\" data-widget_type=\"text-editor.default\">\n\t\t\t\t<div class=\"elementor-widget-container\">\n\t\t\t\t\t\t\t\t\t<p><a href=\"https:\/\/premierentage.at\/2021\/widauer\/\"><span style=\"text-decoration: underline;\">Galerie Widauer<\/span><\/a><\/p>\t\t\t\t\t\t\t\t<\/div>\n\t\t\t\t<\/div>\n\t\t\t\t<div class=\"elementor-element elementor-element-24c658e6 elementor-widget elementor-widget-text-editor\" data-id=\"24c658e6\" data-element_type=\"widget\" data-e-type=\"widget\" data-widget_type=\"text-editor.default\">\n\t\t\t\t<div class=\"elementor-widget-container\">\n\t\t\t\t\t\t\t\t\t<p>FR 5. NOV<\/p>\t\t\t\t\t\t\t\t<\/div>\n\t\t\t\t<\/div>\n\t\t\t\t<div class=\"elementor-element elementor-element-54a00c23 elementor-widget elementor-widget-text-editor\" data-id=\"54a00c23\" data-element_type=\"widget\" data-e-type=\"widget\" data-widget_type=\"text-editor.default\">\n\t\t\t\t<div class=\"elementor-widget-container\">\n\t\t\t\t\t\t\t\t\t<p>20.00<\/p>\t\t\t\t\t\t\t\t<\/div>\n\t\t\t\t<\/div>\n\t\t\t\t<div class=\"elementor-element elementor-element-3ac3bf13 elementor-widget elementor-widget-text-editor\" data-id=\"3ac3bf13\" data-element_type=\"widget\" data-e-type=\"widget\" data-widget_type=\"text-editor.default\">\n\t\t\t\t<div class=\"elementor-widget-container\">\n\t\t\t\t\t\t\t\t\t<p>PELES EMPIRE<\/p>\t\t\t\t\t\t\t\t<\/div>\n\t\t\t\t<\/div>\n\t\t\t\t<div class=\"elementor-element elementor-element-51d0b03b elementor-absolute elementor-widget__width-initial elementor-widget elementor-widget-text-editor\" data-id=\"51d0b03b\" data-element_type=\"widget\" data-e-type=\"widget\" data-settings=\"{&quot;_position&quot;:&quot;absolute&quot;}\" data-widget_type=\"text-editor.default\">\n\t\t\t\t<div class=\"elementor-widget-container\">\n\t\t\t\t\t\t\t\t\t<p>\u00a9 Trevor Good<\/p><p>GALERIE JOHANN WIDAUER<br \/>Erlerstra\u00dfe 13<br \/>6020 Innsbruck<\/p><p>T +43 512 58 38 48<br \/><a href=\"http:\/\/www.widauer.at\">www.widauer.at<\/a><\/p><p>Montag geschlossen<br \/>Di\u2013Do 14:00 \u2013 18:00<br \/>Freitag 09:00 \u2013 13:00<br \/>Sa\u2013So geschlossen<\/p>\t\t\t\t\t\t\t\t<\/div>\n\t\t\t\t<\/div>\n\t\t\t\t<div class=\"elementor-element elementor-element-857a39f elementor-widget elementor-widget-text-editor\" data-id=\"857a39f\" data-element_type=\"widget\" data-e-type=\"widget\" data-widget_type=\"text-editor.default\">\n\t\t\t\t<div class=\"elementor-widget-container\">\n\t\t\t\t\t\t\t\t\t<p><span style=\"color: #000000;\">Vernissage<\/span><\/p>\t\t\t\t\t\t\t\t<\/div>\n\t\t\t\t<\/div>\n\t\t\t\t<div class=\"elementor-element elementor-element-5a8093be elementor-widget elementor-widget-image\" data-id=\"5a8093be\" data-element_type=\"widget\" data-e-type=\"widget\" data-widget_type=\"image.default\">\n\t\t\t\t<div class=\"elementor-widget-container\">\n\t\t\t\t\t\t\t\t\t\t\t\t\t\t\t<img fetchpriority=\"high\" decoding=\"async\" width=\"750\" height=\"1000\" src=\"https:\/\/premierentage.at\/2021\/wp-content\/uploads\/2021\/10\/750px-Peles-Empire_Installationsansicht-the-long-sleep-of-amber-E-Werk-Luckenwalde-2021_photo-Trevor-Good.png\" class=\"attachment-full size-full wp-image-1211\" alt=\"\" srcset=\"https:\/\/premierentage.at\/2021\/wp-content\/uploads\/2021\/10\/750px-Peles-Empire_Installationsansicht-the-long-sleep-of-amber-E-Werk-Luckenwalde-2021_photo-Trevor-Good.png 750w, https:\/\/premierentage.at\/2021\/wp-content\/uploads\/2021\/10\/750px-Peles-Empire_Installationsansicht-the-long-sleep-of-amber-E-Werk-Luckenwalde-2021_photo-Trevor-Good-225x300.png 225w\" sizes=\"(max-width: 750px) 100vw, 750px\" \/>\t\t\t\t\t\t\t\t\t\t\t\t\t\t\t<\/div>\n\t\t\t\t<\/div>\n\t\t\t\t<div class=\"elementor-element elementor-element-1ee15584 elementor-widget elementor-widget-text-editor\" data-id=\"1ee15584\" data-element_type=\"widget\" data-e-type=\"widget\" data-widget_type=\"text-editor.default\">\n\t\t\t\t<div class=\"elementor-widget-container\">\n\t\t\t\t\t\t\t\t\t<p>D \u00a0\u00a0\u00a0\u00a0 Peles Empire wurde 2005 in Frankfurt gegr\u00fcndet. Der Name ist dem rum\u00e4nischen Schloss Pele\u015f entlehnt, dessen R\u00e4ume eklektizistische Innenausstattung diverser architektonischer Epochen in sich vereinen. Das Prinzip des Aneignens und Reproduzierens stellt die Grundlage der k\u00fcnstlerischen Praxis dar. Papier, Keramik und Jesmonite geh\u00f6ren zum Materialrepertoire der K\u00fcnstlerinnen und bilden ein Spannungsfeld zwischen industrieller und manueller Produktionsweise. Nicht nur vorgefundene Situationen finden eine \u00dcbersetzung in die Arbeit, auch die eigenen Werke und Installationen werden als fotografische Abbildung teilweise \u00fcbernommen. Dar\u00fcber hinaus ist der Wechsel zwischen zweidimensionaler und dreidimensionaler Wiedergabe eine Konstante im Werk von Peles Empire.<\/p>\t\t\t\t\t\t\t\t<\/div>\n\t\t\t\t<\/div>\n\t\t\t\t<div class=\"elementor-element elementor-element-5d7da5c elementor-widget elementor-widget-text-editor\" data-id=\"5d7da5c\" data-element_type=\"widget\" data-e-type=\"widget\" data-widget_type=\"text-editor.default\">\n\t\t\t\t<div class=\"elementor-widget-container\">\n\t\t\t\t\t\t\t\t\t<p>E\u00a0\u00a0\u00a0\u00a0\u00a0 Peles Empire was founded in Frankfurt in 2005. The name is borrowed from the Romanian Pele\u015f castle, whose rooms combine the eclectic interior design of diverse architectural eras. The principle of appropriation and reproduction represents the basis of artistic practice. Paper, ceramics and jesmonite are part of the artists&#8216; repertoire of materials and form a field of tension between industrial and manual modes of production. Not only do found situations find a translation into the work, the artists\u2019 own works and installations too are partially adopted as photographic reproductions. Furthermore, the alternation between two-dimensional and three-dimensional reproduction is a constant in the work of Peles Empire.<\/p>\t\t\t\t\t\t\t\t<\/div>\n\t\t\t\t<\/div>\n\t\t\t\t\t<\/div>\n\t\t<\/div>\n\t\t\t\t\t<\/div>\n\t\t<\/section>\n\t\t\t\t<\/div>\n\t\t","protected":false},"excerpt":{"rendered":"<p>ZUR\u00dcCK Galerie Widauer FR 5. NOV 20.00 PELES EMPIRE \u00a9 Trevor Good GALERIE JOHANN WIDAUERErlerstra\u00dfe 136020 Innsbruck T +43 512 58 38 48www.widauer.at Montag geschlossenDi\u2013Do 14:00 \u2013 18:00Freitag 09:00 \u2013 13:00Sa\u2013So geschlossen Vernissage D \u00a0\u00a0\u00a0\u00a0 Peles Empire wurde 2005 in Frankfurt gegr\u00fcndet. Der Name ist dem rum\u00e4nischen Schloss Pele\u015f entlehnt, dessen R\u00e4ume eklektizistische Innenausstattung diverser [&hellip;]<\/p>\n","protected":false},"author":1,"featured_media":0,"parent":0,"menu_order":0,"comment_status":"closed","ping_status":"closed","template":"elementor_header_footer","meta":{"footnotes":""},"class_list":["post-1472","page","type-page","status-publish","hentry"],"_links":{"self":[{"href":"https:\/\/premierentage.at\/2021\/wp-json\/wp\/v2\/pages\/1472","targetHints":{"allow":["GET"]}}],"collection":[{"href":"https:\/\/premierentage.at\/2021\/wp-json\/wp\/v2\/pages"}],"about":[{"href":"https:\/\/premierentage.at\/2021\/wp-json\/wp\/v2\/types\/page"}],"author":[{"embeddable":true,"href":"https:\/\/premierentage.at\/2021\/wp-json\/wp\/v2\/users\/1"}],"replies":[{"embeddable":true,"href":"https:\/\/premierentage.at\/2021\/wp-json\/wp\/v2\/comments?post=1472"}],"version-history":[{"count":37,"href":"https:\/\/premierentage.at\/2021\/wp-json\/wp\/v2\/pages\/1472\/revisions"}],"predecessor-version":[{"id":5640,"href":"https:\/\/premierentage.at\/2021\/wp-json\/wp\/v2\/pages\/1472\/revisions\/5640"}],"wp:attachment":[{"href":"https:\/\/premierentage.at\/2021\/wp-json\/wp\/v2\/media?parent=1472"}],"curies":[{"name":"wp","href":"https:\/\/api.w.org\/{rel}","templated":true}]}}