{"id":1496,"date":"2021-10-05T12:36:40","date_gmt":"2021-10-05T12:36:40","guid":{"rendered":"https:\/\/premierentage.at\/2021\/?page_id=1496"},"modified":"2021-10-21T09:36:13","modified_gmt":"2021-10-21T09:36:13","slug":"tina-kult-pampa-2","status":"publish","type":"page","link":"https:\/\/premierentage.at\/2021\/tina-kult-pampa-2\/","title":{"rendered":"Oliver Laric. RLB Kunstpreis"},"content":{"rendered":"\t\t<div data-elementor-type=\"wp-page\" data-elementor-id=\"1496\" class=\"elementor elementor-1496\">\n\t\t\t\t\t\t<section class=\"elementor-section elementor-top-section elementor-element elementor-element-1320d38a elementor-section-boxed elementor-section-height-default elementor-section-height-default\" data-id=\"1320d38a\" data-element_type=\"section\" data-e-type=\"section\" data-settings=\"{&quot;background_background&quot;:&quot;classic&quot;}\">\n\t\t\t\t\t\t<div class=\"elementor-container elementor-column-gap-default\">\n\t\t\t\t\t<div class=\"elementor-column elementor-col-100 elementor-top-column elementor-element elementor-element-16cee0df\" data-id=\"16cee0df\" data-element_type=\"column\" data-e-type=\"column\">\n\t\t\t<div class=\"elementor-widget-wrap elementor-element-populated\">\n\t\t\t\t\t\t<div class=\"elementor-element elementor-element-717d83d3 graulink elementor-widget elementor-widget-text-editor\" data-id=\"717d83d3\" data-element_type=\"widget\" data-e-type=\"widget\" id=\"btn-back\" data-widget_type=\"text-editor.default\">\n\t\t\t\t<div class=\"elementor-widget-container\">\n\t\t\t\t\t\t\t\t\t<span style=\"color: #000000;\"><a href=\"javascript:history.back()\">ZUR\u00dcCK<\/a><\/span>\t\t\t\t\t\t\t\t<\/div>\n\t\t\t\t<\/div>\n\t\t\t\t<div class=\"elementor-element elementor-element-6a008814 elementor-widget elementor-widget-text-editor\" data-id=\"6a008814\" data-element_type=\"widget\" data-e-type=\"widget\" data-widget_type=\"text-editor.default\">\n\t\t\t\t<div class=\"elementor-widget-container\">\n\t\t\t\t\t\t\t\t\t<p><a href=\"https:\/\/premierentage.at\/2021\/ferdinandeum\/\"><span style=\"text-decoration: underline;\">Tiroler Landesmuseen \u2013 Ferdinandeum<\/span><\/a><\/p>\t\t\t\t\t\t\t\t<\/div>\n\t\t\t\t<\/div>\n\t\t\t\t<div class=\"elementor-element elementor-element-24c658e6 elementor-widget elementor-widget-text-editor\" data-id=\"24c658e6\" data-element_type=\"widget\" data-e-type=\"widget\" data-widget_type=\"text-editor.default\">\n\t\t\t\t<div class=\"elementor-widget-container\">\n\t\t\t\t\t\t\t\t\t<p>SA 6. NOV<\/p>\t\t\t\t\t\t\t\t<\/div>\n\t\t\t\t<\/div>\n\t\t\t\t<div class=\"elementor-element elementor-element-54a00c23 elementor-widget elementor-widget-text-editor\" data-id=\"54a00c23\" data-element_type=\"widget\" data-e-type=\"widget\" data-widget_type=\"text-editor.default\">\n\t\t\t\t<div class=\"elementor-widget-container\">\n\t\t\t\t\t\t\t\t\t<p>10.30<\/p>\t\t\t\t\t\t\t\t<\/div>\n\t\t\t\t<\/div>\n\t\t\t\t<div class=\"elementor-element elementor-element-3ac3bf13 elementor-widget elementor-widget-text-editor\" data-id=\"3ac3bf13\" data-element_type=\"widget\" data-e-type=\"widget\" data-widget_type=\"text-editor.default\">\n\t\t\t\t<div class=\"elementor-widget-container\">\n\t\t\t\t\t\t\t\t\t<p>Oliver Laric. RLB Kunstpreis<\/p>\t\t\t\t\t\t\t\t<\/div>\n\t\t\t\t<\/div>\n\t\t\t\t<div class=\"elementor-element elementor-element-51d0b03b elementor-absolute elementor-widget__width-initial elementor-widget elementor-widget-text-editor\" data-id=\"51d0b03b\" data-element_type=\"widget\" data-e-type=\"widget\" data-settings=\"{&quot;_position&quot;:&quot;absolute&quot;}\" data-widget_type=\"text-editor.default\">\n\t\t\t\t<div class=\"elementor-widget-container\">\n\t\t\t\t\t\t\t\t\t<p>\u00a9 Wolfgang Lackner<\/p><p>Tiroler Landesmuseum Ferdinandeum<br \/>Museumstra\u00dfe 15<br \/>6020 Innsbruck<\/p><p>T +43 512 594 89<br \/><a href=\"http:\/\/www.tiroler-landesmuseen.at\">www.tiroler-landesmuseen.at<\/a><\/p><p>MO geschlossen<br \/>DI \u2013 SO 10:00 \u2013 18:00<\/p>\t\t\t\t\t\t\t\t<\/div>\n\t\t\t\t<\/div>\n\t\t\t\t<div class=\"elementor-element elementor-element-857a39f elementor-widget elementor-widget-text-editor\" data-id=\"857a39f\" data-element_type=\"widget\" data-e-type=\"widget\" data-widget_type=\"text-editor.default\">\n\t\t\t\t<div class=\"elementor-widget-container\">\n\t\t\t\t\t\t\t\t\t<p><span style=\"color: #000000;\">Guided Tour <br><\/span><\/p>\t\t\t\t\t\t\t\t<\/div>\n\t\t\t\t<\/div>\n\t\t\t\t<div class=\"elementor-element elementor-element-5a8093be elementor-widget elementor-widget-image\" data-id=\"5a8093be\" data-element_type=\"widget\" data-e-type=\"widget\" data-widget_type=\"image.default\">\n\t\t\t\t<div class=\"elementor-widget-container\">\n\t\t\t\t\t\t\t\t\t\t\t\t\t\t\t<img fetchpriority=\"high\" decoding=\"async\" width=\"750\" height=\"500\" src=\"https:\/\/premierentage.at\/2021\/wp-content\/uploads\/2021\/10\/750px-A04_Laric_c_Wolfgang_Lackner-1920x1280-1.jpg\" class=\"attachment-full size-full wp-image-1225\" alt=\"\" srcset=\"https:\/\/premierentage.at\/2021\/wp-content\/uploads\/2021\/10\/750px-A04_Laric_c_Wolfgang_Lackner-1920x1280-1.jpg 750w, https:\/\/premierentage.at\/2021\/wp-content\/uploads\/2021\/10\/750px-A04_Laric_c_Wolfgang_Lackner-1920x1280-1-300x200.jpg 300w\" sizes=\"(max-width: 750px) 100vw, 750px\" \/>\t\t\t\t\t\t\t\t\t\t\t\t\t\t\t<\/div>\n\t\t\t\t<\/div>\n\t\t\t\t<div class=\"elementor-element elementor-element-1ee15584 elementor-widget elementor-widget-text-editor\" data-id=\"1ee15584\" data-element_type=\"widget\" data-e-type=\"widget\" data-widget_type=\"text-editor.default\">\n\t\t\t\t<div class=\"elementor-widget-container\">\n\t\t\t\t\t\t\t\t\t<p>D \u00a0\u00a0\u00a0\u00a0Oliver Laric, 1981 in Innsbruck geboren, z\u00e4hlt heute zu den wichtigsten K\u00fcnstler*innen seiner Generation. Er hat an der Universit\u00e4t f\u00fcr angewandte Kunst Wien studiert und lebt heute in Berlin. Seine Werke wurden in zahlreichen Einzelausstellungen, u .a. im S.M.A.K. in Gent, in der Kunsthalle Winterthur, in der Secession in Wien, im Hirshhorn Museum in Washington und in der Skulpturhalle Basel sowie in Gruppenausstellungen auf der S\u00e3o Paulo Bienal, im ZKM Karlsruhe, im Centre Pompidou in Paris und auf der Seoul Mediacity Biennale pr\u00e4sentiert. Er wurde 2020 mit dem RLB Kunstpreis ausgezeichnet, in dessen Rahmen die Ausstellung im Ferdinandeum erfolgt. In Innsbruck zeigt er zwei aktuelle Videoarbeiten und auch vier Skulpturen, die aus extrem detaillierten 3D-Scans von historischen Werken entstehen, die der K\u00fcnstler in internationalen Sammlungen realisiert und auf dem Portal threedscans.com zum freien Download verf\u00fcgbar sind. Larics Arbeiten stellen museologische Kategorien wie Autorschaft, Original, Kopie oder Reproduktion in Frage und greifen in einen aktuellen Diskurs \u00fcber die Bedeutung von Zusammenarbeit und Austausch in der k\u00fcnstlerischen Arbeit ein.<\/p>\t\t\t\t\t\t\t\t<\/div>\n\t\t\t\t<\/div>\n\t\t\t\t<div class=\"elementor-element elementor-element-5d7da5c elementor-widget elementor-widget-text-editor\" data-id=\"5d7da5c\" data-element_type=\"widget\" data-e-type=\"widget\" data-widget_type=\"text-editor.default\">\n\t\t\t\t<div class=\"elementor-widget-container\">\n\t\t\t\t\t\t\t\t\t<p>E\u00a0\u00a0\u00a0\u00a0 Oliver Laric, born in Innsbruck in 1981, today belongs to the most important artists of his generation. He studied at the University of Applied Arts in Vienna and now lives in Berlin. His works have been presented in numerous solo exhibitions, e.g. at S.M.A.K. in Ghent, at Kunsthalle Winterthur, at the Vienna Secession, at the Hirshhorn Museum in Washington, and at Skulpturhalle Basel, as well as in group shows at the S\u00e3o Paulo Bienal, at ZKM Karlsruhe, at the Centre Pompidou in Paris, and at the Seoul Mediacity Biennial. In 2020, he was awarded the RLB art award, in the context of which the exhibition at Ferdinandeum takes place. In Innsbruck he presents two recent video works as well as four sculptures based on extremely detailed 3D scans of historical works that the artist realises in international collections and makes publicly available to download for free via the web portal threedscans.com. Laric\u2019s works question the museological categories of authorship, original, copy or reproduction and engage in the current discourse on the meaning of collaboration and exchange in the artistic work process. <\/p>\t\t\t\t\t\t\t\t<\/div>\n\t\t\t\t<\/div>\n\t\t\t\t\t<\/div>\n\t\t<\/div>\n\t\t\t\t\t<\/div>\n\t\t<\/section>\n\t\t\t\t<\/div>\n\t\t","protected":false},"excerpt":{"rendered":"<p>ZUR\u00dcCK Tiroler Landesmuseen \u2013 Ferdinandeum SA 6. NOV 10.30 Oliver Laric. RLB Kunstpreis \u00a9 Wolfgang Lackner Tiroler Landesmuseum FerdinandeumMuseumstra\u00dfe 156020 Innsbruck T +43 512 594 89www.tiroler-landesmuseen.at MO geschlossenDI \u2013 SO 10:00 \u2013 18:00 Guided Tour D \u00a0\u00a0\u00a0\u00a0Oliver Laric, 1981 in Innsbruck geboren, z\u00e4hlt heute zu den wichtigsten K\u00fcnstler*innen seiner Generation. Er hat an der Universit\u00e4t [&hellip;]<\/p>\n","protected":false},"author":1,"featured_media":0,"parent":0,"menu_order":0,"comment_status":"closed","ping_status":"closed","template":"elementor_header_footer","meta":{"footnotes":""},"class_list":["post-1496","page","type-page","status-publish","hentry"],"_links":{"self":[{"href":"https:\/\/premierentage.at\/2021\/wp-json\/wp\/v2\/pages\/1496","targetHints":{"allow":["GET"]}}],"collection":[{"href":"https:\/\/premierentage.at\/2021\/wp-json\/wp\/v2\/pages"}],"about":[{"href":"https:\/\/premierentage.at\/2021\/wp-json\/wp\/v2\/types\/page"}],"author":[{"embeddable":true,"href":"https:\/\/premierentage.at\/2021\/wp-json\/wp\/v2\/users\/1"}],"replies":[{"embeddable":true,"href":"https:\/\/premierentage.at\/2021\/wp-json\/wp\/v2\/comments?post=1496"}],"version-history":[{"count":46,"href":"https:\/\/premierentage.at\/2021\/wp-json\/wp\/v2\/pages\/1496\/revisions"}],"predecessor-version":[{"id":5681,"href":"https:\/\/premierentage.at\/2021\/wp-json\/wp\/v2\/pages\/1496\/revisions\/5681"}],"wp:attachment":[{"href":"https:\/\/premierentage.at\/2021\/wp-json\/wp\/v2\/media?parent=1496"}],"curies":[{"name":"wp","href":"https:\/\/api.w.org\/{rel}","templated":true}]}}