{"id":1551,"date":"2021-10-05T13:26:51","date_gmt":"2021-10-05T13:26:51","guid":{"rendered":"https:\/\/premierentage.at\/2021\/?page_id=1551"},"modified":"2021-10-21T09:37:58","modified_gmt":"2021-10-21T09:37:58","slug":"fuehrung-solid-architecture-neubau-sillgasse","status":"publish","type":"page","link":"https:\/\/premierentage.at\/2021\/fuehrung-solid-architecture-neubau-sillgasse\/","title":{"rendered":"F\u00fchrung SOLID architecture Neubau Sillgasse"},"content":{"rendered":"\t\t<div data-elementor-type=\"wp-page\" data-elementor-id=\"1551\" class=\"elementor elementor-1551\">\n\t\t\t\t\t\t<section class=\"elementor-section elementor-top-section elementor-element elementor-element-1320d38a elementor-section-boxed elementor-section-height-default elementor-section-height-default\" data-id=\"1320d38a\" data-element_type=\"section\" data-e-type=\"section\" data-settings=\"{&quot;background_background&quot;:&quot;classic&quot;}\">\n\t\t\t\t\t\t<div class=\"elementor-container elementor-column-gap-default\">\n\t\t\t\t\t<div class=\"elementor-column elementor-col-100 elementor-top-column elementor-element elementor-element-16cee0df\" data-id=\"16cee0df\" data-element_type=\"column\" data-e-type=\"column\">\n\t\t\t<div class=\"elementor-widget-wrap elementor-element-populated\">\n\t\t\t\t\t\t<div class=\"elementor-element elementor-element-717d83d3 graulink elementor-widget elementor-widget-text-editor\" data-id=\"717d83d3\" data-element_type=\"widget\" data-e-type=\"widget\" id=\"btn-back\" data-widget_type=\"text-editor.default\">\n\t\t\t\t<div class=\"elementor-widget-container\">\n\t\t\t\t\t\t\t\t\t<span style=\"color: #000000;\"><a href=\"javascript:history.back()\">ZUR\u00dcCK<\/a><\/span>\t\t\t\t\t\t\t\t<\/div>\n\t\t\t\t<\/div>\n\t\t\t\t<div class=\"elementor-element elementor-element-6a008814 elementor-widget elementor-widget-text-editor\" data-id=\"6a008814\" data-element_type=\"widget\" data-e-type=\"widget\" data-widget_type=\"text-editor.default\">\n\t\t\t\t<div class=\"elementor-widget-container\">\n\t\t\t\t\t\t\t\t\t<p><a href=\"https:\/\/premierentage.at\/2021\/aut\/\"><span style=\"text-decoration: underline;\">aut. architektur und tirol<\/span><\/a><\/p>\t\t\t\t\t\t\t\t<\/div>\n\t\t\t\t<\/div>\n\t\t\t\t<div class=\"elementor-element elementor-element-24c658e6 elementor-widget elementor-widget-text-editor\" data-id=\"24c658e6\" data-element_type=\"widget\" data-e-type=\"widget\" data-widget_type=\"text-editor.default\">\n\t\t\t\t<div class=\"elementor-widget-container\">\n\t\t\t\t\t\t\t\t\t<p>SA 6. NOV<\/p>\t\t\t\t\t\t\t\t<\/div>\n\t\t\t\t<\/div>\n\t\t\t\t<div class=\"elementor-element elementor-element-54a00c23 elementor-widget elementor-widget-text-editor\" data-id=\"54a00c23\" data-element_type=\"widget\" data-e-type=\"widget\" data-widget_type=\"text-editor.default\">\n\t\t\t\t<div class=\"elementor-widget-container\">\n\t\t\t\t\t\t\t\t\t<p>12.00<\/p>\t\t\t\t\t\t\t\t<\/div>\n\t\t\t\t<\/div>\n\t\t\t\t<div class=\"elementor-element elementor-element-3ac3bf13 elementor-widget elementor-widget-text-editor\" data-id=\"3ac3bf13\" data-element_type=\"widget\" data-e-type=\"widget\" data-widget_type=\"text-editor.default\">\n\t\t\t\t<div class=\"elementor-widget-container\">\n\t\t\t\t\t\t\t\t\t<p>F\u00fchrung mit den Architekten von SOLID architecture durch den Neubau BG\/BRG Sillgasse<\/p>\t\t\t\t\t\t\t\t<\/div>\n\t\t\t\t<\/div>\n\t\t\t\t<div class=\"elementor-element elementor-element-51d0b03b elementor-absolute elementor-widget__width-initial elementor-widget elementor-widget-text-editor\" data-id=\"51d0b03b\" data-element_type=\"widget\" data-e-type=\"widget\" data-settings=\"{&quot;_position&quot;:&quot;absolute&quot;}\" data-widget_type=\"text-editor.default\">\n\t\t\t\t<div class=\"elementor-widget-container\">\n\t\t\t\t\t\t\t\t\t<p>\u00a9 SOLID architecture<\/p><p>aut. architektur und tirol<br \/>im Adambr\u00e4u, Lois-Welzenbacher-Platz 1<br \/>6020 Innsbruck<\/p><p>Tel +43 512 571567<br \/>office@aut.cc<br \/><a href=\"http:\/\/www.aut.cc\">www.aut.cc<\/a><\/p><p>Di\u2013Fr 11\u201318 Uhr, Sa 11\u201317 Uhr<br \/>an Sonn- und Feiertagen geschlossen<\/p>\t\t\t\t\t\t\t\t<\/div>\n\t\t\t\t<\/div>\n\t\t\t\t<div class=\"elementor-element elementor-element-857a39f elementor-widget elementor-widget-text-editor\" data-id=\"857a39f\" data-element_type=\"widget\" data-e-type=\"widget\" data-widget_type=\"text-editor.default\">\n\t\t\t\t<div class=\"elementor-widget-container\">\n\t\t\t\t\t\t\t\t\t<p><span style=\"color: #000000;\">Guided Tour<\/span><\/p>\t\t\t\t\t\t\t\t<\/div>\n\t\t\t\t<\/div>\n\t\t\t\t<div class=\"elementor-element elementor-element-5a8093be elementor-widget elementor-widget-image\" data-id=\"5a8093be\" data-element_type=\"widget\" data-e-type=\"widget\" data-widget_type=\"image.default\">\n\t\t\t\t<div class=\"elementor-widget-container\">\n\t\t\t\t\t\t\t\t\t\t\t\t\t\t\t<img fetchpriority=\"high\" decoding=\"async\" width=\"750\" height=\"1000\" src=\"https:\/\/premierentage.at\/2021\/wp-content\/uploads\/2021\/10\/750px-SOLID_114_B_1245522.jpg\" class=\"attachment-full size-full wp-image-1228\" alt=\"\" srcset=\"https:\/\/premierentage.at\/2021\/wp-content\/uploads\/2021\/10\/750px-SOLID_114_B_1245522.jpg 750w, https:\/\/premierentage.at\/2021\/wp-content\/uploads\/2021\/10\/750px-SOLID_114_B_1245522-225x300.jpg 225w\" sizes=\"(max-width: 750px) 100vw, 750px\" \/>\t\t\t\t\t\t\t\t\t\t\t\t\t\t\t<\/div>\n\t\t\t\t<\/div>\n\t\t\t\t<div class=\"elementor-element elementor-element-1ee15584 elementor-widget elementor-widget-text-editor\" data-id=\"1ee15584\" data-element_type=\"widget\" data-e-type=\"widget\" data-widget_type=\"text-editor.default\">\n\t\t\t\t<div class=\"elementor-widget-container\">\n\t\t\t\t\t\t\t\t\t<p>D \u00a0\u00a0\u00a0Das im Innsbrucker Zentrum gelegene, neu errichtete BG\/BRG Sillgasse u\u0308berzeugte bereits die Jury des EU-weiten, offenen Wettbewerbs durch seine st\u00e4dtebauliche Einbettung in das sehr dichte Umfeld. SOLID architecture konzipierte einen in drei Teile gegliederten Bauk\u00f6rper, der mittels Knicks in der Baulinie auf den Kontext reagiert. \u00dcber einen Vorplatz gelangt man in das Erdgescho\u00df, auf dem vier Obergescho\u00dfe sitzen. Im Mittelteil befinden sich die Verwaltung und Sonderunterrichtsr\u00e4ume, in den beiden Seitenteilen jeweils fu\u0308nf rund um eine zentrale Lernzone angeordnete Stammklassen, sogenannte Cluster, mit direktem Zugang zur Balkonzone, die alle Bauteile miteinander verbindet und als Freiluftklasse genutzt werden kann.<\/p><p>Die Architekten von SOLID architecture und Direktor Harald Pittl fu\u0308hren durch das Schulgeb\u00e4ude.<\/p><p><span style=\"text-decoration: underline;\">Veranstaltungsort<\/span>:<br \/>Sillgasse 10, 6020 Innsbruck<\/p><p><span style=\"color: #000000;\">Hier der Link zur <a style=\"color: #000000;\" href=\"https:\/\/aut.cc\/veranstaltungen\/vor-ort-211\">\u21b3 <span style=\"text-decoration: underline;\">Veranstaltung <\/span><\/a>und zur <\/span><a href=\"https:\/\/aut.cc\/veranstaltungen\/vor-ort-211\/anmeldung\"><span style=\"color: #000000;\">\u21b3 <span style=\"text-decoration: underline;\">Anmeldung.<\/span><\/span><\/a><\/p>\t\t\t\t\t\t\t\t<\/div>\n\t\t\t\t<\/div>\n\t\t\t\t<div class=\"elementor-element elementor-element-5d7da5c elementor-widget elementor-widget-text-editor\" data-id=\"5d7da5c\" data-element_type=\"widget\" data-e-type=\"widget\" data-widget_type=\"text-editor.default\">\n\t\t\t\t<div class=\"elementor-widget-container\">\n\t\t\t\t\t\t\t\t\t<p>E\u00a0\u00a0\u00a0The newly erected BG\/BRG Sillgasse school building, situated in the centre of Innsbruck, convinced the jury of the EU-wide, open competition thanks to its perfect embedding in a very dense urban setting. SOLID architecture has conceived a structure consisting of three parts that reacts to the context by way of a kink in the alignment. Crossing a forecourt, the visitor enters the ground floor, on which sit four upper floors. The building in the middle accommodates administration and special classrooms. The two other buildings each contain five regular classrooms, arranged around a central learning zone, so-called clusters, with direct access to the balcony that connects all the buildings and can also be used as an open-air classroom.<\/p><p>The architects of SOLID architecture and director Harald Pittl take visitors on a tour through the school building.<\/p><p><span style=\"text-decoration: underline;\">Event location:<\/span><br \/>Sillgasse 10, 6020 Innsbruck<span style=\"color: #000000;\">\u00a0L<br \/>To the <a style=\"color: #000000;\" href=\"https:\/\/aut.cc\/veranstaltungen\/vor-ort-211\">\u21b3 <span style=\"text-decoration: underline;\">Event <\/span><\/a>und <a style=\"color: #000000;\" href=\"https:\/\/aut.cc\/veranstaltungen\/vor-ort-211\/anmeldung\">\u21b3 <\/a><span style=\"text-decoration: underline;\">Registration<\/span><\/span>.<\/p>\t\t\t\t\t\t\t\t<\/div>\n\t\t\t\t<\/div>\n\t\t\t\t\t<\/div>\n\t\t<\/div>\n\t\t\t\t\t<\/div>\n\t\t<\/section>\n\t\t\t\t<\/div>\n\t\t","protected":false},"excerpt":{"rendered":"<p>ZUR\u00dcCK aut. architektur und tirol SA 6. NOV 12.00 F\u00fchrung mit den Architekten von SOLID architecture durch den Neubau BG\/BRG Sillgasse \u00a9 SOLID architecture aut. architektur und tirolim Adambr\u00e4u, Lois-Welzenbacher-Platz 16020 Innsbruck Tel +43 512 571567office@aut.ccwww.aut.cc Di\u2013Fr 11\u201318 Uhr, Sa 11\u201317 Uhran Sonn- und Feiertagen geschlossen Guided Tour D \u00a0\u00a0\u00a0Das im Innsbrucker Zentrum gelegene, neu [&hellip;]<\/p>\n","protected":false},"author":1,"featured_media":0,"parent":0,"menu_order":0,"comment_status":"closed","ping_status":"closed","template":"elementor_header_footer","meta":{"footnotes":""},"class_list":["post-1551","page","type-page","status-publish","hentry"],"_links":{"self":[{"href":"https:\/\/premierentage.at\/2021\/wp-json\/wp\/v2\/pages\/1551","targetHints":{"allow":["GET"]}}],"collection":[{"href":"https:\/\/premierentage.at\/2021\/wp-json\/wp\/v2\/pages"}],"about":[{"href":"https:\/\/premierentage.at\/2021\/wp-json\/wp\/v2\/types\/page"}],"author":[{"embeddable":true,"href":"https:\/\/premierentage.at\/2021\/wp-json\/wp\/v2\/users\/1"}],"replies":[{"embeddable":true,"href":"https:\/\/premierentage.at\/2021\/wp-json\/wp\/v2\/comments?post=1551"}],"version-history":[{"count":43,"href":"https:\/\/premierentage.at\/2021\/wp-json\/wp\/v2\/pages\/1551\/revisions"}],"predecessor-version":[{"id":5693,"href":"https:\/\/premierentage.at\/2021\/wp-json\/wp\/v2\/pages\/1551\/revisions\/5693"}],"wp:attachment":[{"href":"https:\/\/premierentage.at\/2021\/wp-json\/wp\/v2\/media?parent=1551"}],"curies":[{"name":"wp","href":"https:\/\/api.w.org\/{rel}","templated":true}]}}