{"id":1568,"date":"2021-10-05T13:53:40","date_gmt":"2021-10-05T13:53:40","guid":{"rendered":"https:\/\/premierentage.at\/2021\/?page_id=1568"},"modified":"2021-10-21T09:03:13","modified_gmt":"2021-10-21T09:03:13","slug":"expertenfuehrung","status":"publish","type":"page","link":"https:\/\/premierentage.at\/2021\/expertenfuehrung\/","title":{"rendered":"Expertenf\u00fchrung"},"content":{"rendered":"\t\t<div data-elementor-type=\"wp-page\" data-elementor-id=\"1568\" class=\"elementor elementor-1568\">\n\t\t\t\t\t\t<section class=\"elementor-section elementor-top-section elementor-element elementor-element-1320d38a elementor-section-boxed elementor-section-height-default elementor-section-height-default\" data-id=\"1320d38a\" data-element_type=\"section\" data-e-type=\"section\" data-settings=\"{&quot;background_background&quot;:&quot;classic&quot;}\">\n\t\t\t\t\t\t<div class=\"elementor-container elementor-column-gap-default\">\n\t\t\t\t\t<div class=\"elementor-column elementor-col-100 elementor-top-column elementor-element elementor-element-16cee0df\" data-id=\"16cee0df\" data-element_type=\"column\" data-e-type=\"column\">\n\t\t\t<div class=\"elementor-widget-wrap elementor-element-populated\">\n\t\t\t\t\t\t<div class=\"elementor-element elementor-element-717d83d3 graulink elementor-widget elementor-widget-text-editor\" data-id=\"717d83d3\" data-element_type=\"widget\" data-e-type=\"widget\" id=\"btn-back\" data-widget_type=\"text-editor.default\">\n\t\t\t\t<div class=\"elementor-widget-container\">\n\t\t\t\t\t\t\t\t\t<span style=\"color: #000000;\"><a href=\"javascript:history.back()\">ZUR\u00dcCK<\/a><\/span>\t\t\t\t\t\t\t\t<\/div>\n\t\t\t\t<\/div>\n\t\t\t\t<div class=\"elementor-element elementor-element-6a008814 elementor-widget elementor-widget-text-editor\" data-id=\"6a008814\" data-element_type=\"widget\" data-e-type=\"widget\" data-widget_type=\"text-editor.default\">\n\t\t\t\t<div class=\"elementor-widget-container\">\n\t\t\t\t\t\t\t\t\t<p><span style=\"text-decoration: underline;\">La Cantina<br \/><\/span><\/p>\t\t\t\t\t\t\t\t<\/div>\n\t\t\t\t<\/div>\n\t\t\t\t<div class=\"elementor-element elementor-element-24c658e6 elementor-widget elementor-widget-text-editor\" data-id=\"24c658e6\" data-element_type=\"widget\" data-e-type=\"widget\" data-widget_type=\"text-editor.default\">\n\t\t\t\t<div class=\"elementor-widget-container\">\n\t\t\t\t\t\t\t\t\t<p>FR 5. NOV<\/p>\t\t\t\t\t\t\t\t<\/div>\n\t\t\t\t<\/div>\n\t\t\t\t<div class=\"elementor-element elementor-element-54a00c23 elementor-widget elementor-widget-text-editor\" data-id=\"54a00c23\" data-element_type=\"widget\" data-e-type=\"widget\" data-widget_type=\"text-editor.default\">\n\t\t\t\t<div class=\"elementor-widget-container\">\n\t\t\t\t\t\t\t\t\t<p>16.00<\/p>\t\t\t\t\t\t\t\t<\/div>\n\t\t\t\t<\/div>\n\t\t\t\t<div class=\"elementor-element elementor-element-3ac3bf13 elementor-widget elementor-widget-text-editor\" data-id=\"3ac3bf13\" data-element_type=\"widget\" data-e-type=\"widget\" data-widget_type=\"text-editor.default\">\n\t\t\t\t<div class=\"elementor-widget-container\">\n\t\t\t\t\t\t\t\t\t<p>Expertenf\u00fchrung<\/p>\t\t\t\t\t\t\t\t<\/div>\n\t\t\t\t<\/div>\n\t\t\t\t<div class=\"elementor-element elementor-element-51d0b03b elementor-absolute elementor-widget__width-initial elementor-widget elementor-widget-text-editor\" data-id=\"51d0b03b\" data-element_type=\"widget\" data-e-type=\"widget\" data-settings=\"{&quot;_position&quot;:&quot;absolute&quot;}\" data-widget_type=\"text-editor.default\">\n\t\t\t\t<div class=\"elementor-widget-container\">\n\t\t\t\t\t\t\t\t\t<p>\u00a9 Oliver Khafagi, 2018<\/p><p>La Cantina \u2013 Intermezzo italiano<br \/>Sparkassenpl. 2<br \/>6020 Innsbruck<\/p>\t\t\t\t\t\t\t\t<\/div>\n\t\t\t\t<\/div>\n\t\t\t\t<div class=\"elementor-element elementor-element-857a39f elementor-widget elementor-widget-text-editor\" data-id=\"857a39f\" data-element_type=\"widget\" data-e-type=\"widget\" data-widget_type=\"text-editor.default\">\n\t\t\t\t<div class=\"elementor-widget-container\">\n\t\t\t\t\t\t\t\t\t<p><span style=\"color: #000000;\">Guided Tour<\/span><\/p>\t\t\t\t\t\t\t\t<\/div>\n\t\t\t\t<\/div>\n\t\t\t\t<div class=\"elementor-element elementor-element-5a8093be elementor-widget elementor-widget-image\" data-id=\"5a8093be\" data-element_type=\"widget\" data-e-type=\"widget\" data-widget_type=\"image.default\">\n\t\t\t\t<div class=\"elementor-widget-container\">\n\t\t\t\t\t\t\t\t\t\t\t\t\t\t\t<img fetchpriority=\"high\" decoding=\"async\" width=\"789\" height=\"1184\" src=\"https:\/\/premierentage.at\/2021\/wp-content\/uploads\/2021\/10\/DSC02375-2.jpg\" class=\"attachment-full size-full wp-image-2180\" alt=\"\" srcset=\"https:\/\/premierentage.at\/2021\/wp-content\/uploads\/2021\/10\/DSC02375-2.jpg 789w, https:\/\/premierentage.at\/2021\/wp-content\/uploads\/2021\/10\/DSC02375-2-200x300.jpg 200w, https:\/\/premierentage.at\/2021\/wp-content\/uploads\/2021\/10\/DSC02375-2-682x1024.jpg 682w, https:\/\/premierentage.at\/2021\/wp-content\/uploads\/2021\/10\/DSC02375-2-768x1152.jpg 768w\" sizes=\"(max-width: 789px) 100vw, 789px\" \/>\t\t\t\t\t\t\t\t\t\t\t\t\t\t\t<\/div>\n\t\t\t\t<\/div>\n\t\t\t\t<div class=\"elementor-element elementor-element-1ee15584 elementor-widget elementor-widget-text-editor\" data-id=\"1ee15584\" data-element_type=\"widget\" data-e-type=\"widget\" data-widget_type=\"text-editor.default\">\n\t\t\t\t<div class=\"elementor-widget-container\">\n\t\t\t\t\t\t\t\t\t<p>D&nbsp;&nbsp;&nbsp;&nbsp;&nbsp; <a href=\"_wp_link_placeholder\" data-wplink-edit=\"true\">Severin D\u00fcnser ist seit 2012 Kurator f\u00fcr zeitgen\u00f6ssische Kunst am Belvedere in Wien. 2009 gr\u00fcndete er gemeinsam mit Christian Kobald den Kunstverein COCO, der seit 2012 auf Projektbasis weitergef\u00fchrt wird. Zuvor leitete er den Projektraum der Galerie Krinzinger und schrieb unter anderem f\u00fcr Spike und mono.kultur. In den letzten Jahren realisierte er u.a. die Gruppenausstellungen &#8222;On Heavy Rotation&#8220;, &#8222;\u00dcber das Neue&#8220;, &#8222;Der Wert der Freiheit&#8220;, &#8222;Instructions for Happiness&#8220;, &#8222;Das Begreifen&#8220;, &#8222;Das Gestische&#8220;, &#8222;Das Anliegen&#8220; und &#8222;Flirting with Strangers&#8220;.<\/a><\/p>\t\t\t\t\t\t\t\t<\/div>\n\t\t\t\t<\/div>\n\t\t\t\t<div class=\"elementor-element elementor-element-5d7da5c elementor-widget elementor-widget-text-editor\" data-id=\"5d7da5c\" data-element_type=\"widget\" data-e-type=\"widget\" data-widget_type=\"text-editor.default\">\n\t\t\t\t<div class=\"elementor-widget-container\">\n\t\t\t\t\t\t\t\t\t<p>E\u00a0\u00a0\u00a0\u00a0\u00a0 Severin D\u00fcnser works as curator of contemporary art at the Belvedere 21 in Vienna since 2012. Together with Christian Kobald, he founded COCO Kunstverein in 2009 (entirely project-based since 2012). Prior to this, he managed the project space of Galerie Krinzinger and wrote for, among others, Spike and mono.kultur. Most recently he realised the group shows &#8222;On Heavy Rotation&#8220;, &#8222;On the New&#8220;, &#8222;The Value of Freedom&#8220;, &#8222;Instructions for Happiness&#8220;, &#8222;The Grasping&#8220;, &#8222;The Gestural&#8220;, &#8222;The Concern&#8220;, and &#8222;Flirting with Strangers&#8220;.<\/p>\t\t\t\t\t\t\t\t<\/div>\n\t\t\t\t<\/div>\n\t\t\t\t\t<\/div>\n\t\t<\/div>\n\t\t\t\t\t<\/div>\n\t\t<\/section>\n\t\t\t\t<\/div>\n\t\t","protected":false},"excerpt":{"rendered":"<p>ZUR\u00dcCK La Cantina FR 5. NOV 16.00 Expertenf\u00fchrung \u00a9 Oliver Khafagi, 2018 La Cantina \u2013 Intermezzo italianoSparkassenpl. 26020 Innsbruck Guided Tour D&nbsp;&nbsp;&nbsp;&nbsp;&nbsp; Severin D\u00fcnser ist seit 2012 Kurator f\u00fcr zeitgen\u00f6ssische Kunst am Belvedere in Wien. 2009 gr\u00fcndete er gemeinsam mit Christian Kobald den Kunstverein COCO, der seit 2012 auf Projektbasis weitergef\u00fchrt wird. Zuvor leitete er [&hellip;]<\/p>\n","protected":false},"author":1,"featured_media":0,"parent":0,"menu_order":0,"comment_status":"closed","ping_status":"closed","template":"elementor_header_footer","meta":{"footnotes":""},"class_list":["post-1568","page","type-page","status-publish","hentry"],"_links":{"self":[{"href":"https:\/\/premierentage.at\/2021\/wp-json\/wp\/v2\/pages\/1568","targetHints":{"allow":["GET"]}}],"collection":[{"href":"https:\/\/premierentage.at\/2021\/wp-json\/wp\/v2\/pages"}],"about":[{"href":"https:\/\/premierentage.at\/2021\/wp-json\/wp\/v2\/types\/page"}],"author":[{"embeddable":true,"href":"https:\/\/premierentage.at\/2021\/wp-json\/wp\/v2\/users\/1"}],"replies":[{"embeddable":true,"href":"https:\/\/premierentage.at\/2021\/wp-json\/wp\/v2\/comments?post=1568"}],"version-history":[{"count":56,"href":"https:\/\/premierentage.at\/2021\/wp-json\/wp\/v2\/pages\/1568\/revisions"}],"predecessor-version":[{"id":5613,"href":"https:\/\/premierentage.at\/2021\/wp-json\/wp\/v2\/pages\/1568\/revisions\/5613"}],"wp:attachment":[{"href":"https:\/\/premierentage.at\/2021\/wp-json\/wp\/v2\/media?parent=1568"}],"curies":[{"name":"wp","href":"https:\/\/api.w.org\/{rel}","templated":true}]}}