{"id":1582,"date":"2021-10-05T14:02:09","date_gmt":"2021-10-05T14:02:09","guid":{"rendered":"https:\/\/premierentage.at\/2021\/?page_id=1582"},"modified":"2021-10-21T09:47:04","modified_gmt":"2021-10-21T09:47:04","slug":"unter-uns-begegnungen-von-valerie-fritz","status":"publish","type":"page","link":"https:\/\/premierentage.at\/2021\/unter-uns-begegnungen-von-valerie-fritz\/","title":{"rendered":"Unter uns. Begegnungen von Valerie Fritz"},"content":{"rendered":"\t\t<div data-elementor-type=\"wp-page\" data-elementor-id=\"1582\" class=\"elementor elementor-1582\">\n\t\t\t\t\t\t<section class=\"elementor-section elementor-top-section elementor-element elementor-element-1320d38a elementor-section-boxed elementor-section-height-default elementor-section-height-default\" data-id=\"1320d38a\" data-element_type=\"section\" data-e-type=\"section\" data-settings=\"{&quot;background_background&quot;:&quot;classic&quot;}\">\n\t\t\t\t\t\t<div class=\"elementor-container elementor-column-gap-default\">\n\t\t\t\t\t<div class=\"elementor-column elementor-col-100 elementor-top-column elementor-element elementor-element-16cee0df\" data-id=\"16cee0df\" data-element_type=\"column\" data-e-type=\"column\">\n\t\t\t<div class=\"elementor-widget-wrap elementor-element-populated\">\n\t\t\t\t\t\t<div class=\"elementor-element elementor-element-717d83d3 graulink elementor-widget elementor-widget-text-editor\" data-id=\"717d83d3\" data-element_type=\"widget\" data-e-type=\"widget\" id=\"btn-back\" data-widget_type=\"text-editor.default\">\n\t\t\t\t<div class=\"elementor-widget-container\">\n\t\t\t\t\t\t\t\t\t<span style=\"color: #000000;\"><a href=\"javascript:history.back()\">ZUR\u00dcCK<\/a><\/span>\t\t\t\t\t\t\t\t<\/div>\n\t\t\t\t<\/div>\n\t\t\t\t<div class=\"elementor-element elementor-element-6a008814 elementor-widget elementor-widget-text-editor\" data-id=\"6a008814\" data-element_type=\"widget\" data-e-type=\"widget\" data-widget_type=\"text-editor.default\">\n\t\t\t\t<div class=\"elementor-widget-container\">\n\t\t\t\t\t\t\t\t\t<p><a href=\"https:\/\/premierentage.at\/2021\/vogelweide\/\"><span style=\"text-decoration: underline;\">Kulturverein Vogelweide<\/span><\/a><\/p>\t\t\t\t\t\t\t\t<\/div>\n\t\t\t\t<\/div>\n\t\t\t\t<div class=\"elementor-element elementor-element-24c658e6 elementor-widget elementor-widget-text-editor\" data-id=\"24c658e6\" data-element_type=\"widget\" data-e-type=\"widget\" data-widget_type=\"text-editor.default\">\n\t\t\t\t<div class=\"elementor-widget-container\">\n\t\t\t\t\t\t\t\t\t<p>SA 6. NOV<\/p>\t\t\t\t\t\t\t\t<\/div>\n\t\t\t\t<\/div>\n\t\t\t\t<div class=\"elementor-element elementor-element-54a00c23 elementor-widget elementor-widget-text-editor\" data-id=\"54a00c23\" data-element_type=\"widget\" data-e-type=\"widget\" data-widget_type=\"text-editor.default\">\n\t\t\t\t<div class=\"elementor-widget-container\">\n\t\t\t\t\t\t\t\t\t<p>15.30<\/p>\t\t\t\t\t\t\t\t<\/div>\n\t\t\t\t<\/div>\n\t\t\t\t<div class=\"elementor-element elementor-element-3ac3bf13 elementor-widget elementor-widget-text-editor\" data-id=\"3ac3bf13\" data-element_type=\"widget\" data-e-type=\"widget\" data-widget_type=\"text-editor.default\">\n\t\t\t\t<div class=\"elementor-widget-container\">\n\t\t\t\t\t\t\t\t\t<p>Unter uns. Begegnungen von Valerie Fritz<\/p>\t\t\t\t\t\t\t\t<\/div>\n\t\t\t\t<\/div>\n\t\t\t\t<div class=\"elementor-element elementor-element-51d0b03b elementor-absolute elementor-widget__width-initial elementor-widget elementor-widget-text-editor\" data-id=\"51d0b03b\" data-element_type=\"widget\" data-e-type=\"widget\" data-settings=\"{&quot;_position&quot;:&quot;absolute&quot;}\" data-widget_type=\"text-editor.default\">\n\t\t\t\t<div class=\"elementor-widget-container\">\n\t\t\t\t\t\t\t\t\t<p>\u00a9 Valeria Fritz<\/p><p>Kulturverein Vogelweide<br \/>Waltherpark<br \/>6020 Innsbruck<\/p><p>T +43 676 3498084<br \/><a href=\"http:\/\/www.vogelweide.org\">www.vogelweide.org<\/a><\/p>\t\t\t\t\t\t\t\t<\/div>\n\t\t\t\t<\/div>\n\t\t\t\t<div class=\"elementor-element elementor-element-857a39f elementor-widget elementor-widget-text-editor\" data-id=\"857a39f\" data-element_type=\"widget\" data-e-type=\"widget\" data-widget_type=\"text-editor.default\">\n\t\t\t\t<div class=\"elementor-widget-container\">\n\t\t\t\t\t\t\t\t\t<p><span style=\"color: #000000;\">Concert<\/span><\/p>\t\t\t\t\t\t\t\t<\/div>\n\t\t\t\t<\/div>\n\t\t\t\t<div class=\"elementor-element elementor-element-5a8093be elementor-widget elementor-widget-image\" data-id=\"5a8093be\" data-element_type=\"widget\" data-e-type=\"widget\" data-widget_type=\"image.default\">\n\t\t\t\t<div class=\"elementor-widget-container\">\n\t\t\t\t\t\t\t\t\t\t\t\t\t\t\t<img fetchpriority=\"high\" decoding=\"async\" width=\"750\" height=\"1140\" src=\"https:\/\/premierentage.at\/2021\/wp-content\/uploads\/2021\/10\/750px-Valerie.jpg\" class=\"attachment-full size-full wp-image-1400\" alt=\"\" srcset=\"https:\/\/premierentage.at\/2021\/wp-content\/uploads\/2021\/10\/750px-Valerie.jpg 750w, https:\/\/premierentage.at\/2021\/wp-content\/uploads\/2021\/10\/750px-Valerie-197x300.jpg 197w, https:\/\/premierentage.at\/2021\/wp-content\/uploads\/2021\/10\/750px-Valerie-674x1024.jpg 674w\" sizes=\"(max-width: 750px) 100vw, 750px\" \/>\t\t\t\t\t\t\t\t\t\t\t\t\t\t\t<\/div>\n\t\t\t\t<\/div>\n\t\t\t\t<div class=\"elementor-element elementor-element-1ee15584 elementor-widget elementor-widget-text-editor\" data-id=\"1ee15584\" data-element_type=\"widget\" data-e-type=\"widget\" data-widget_type=\"text-editor.default\">\n\t\t\t\t<div class=\"elementor-widget-container\">\n\t\t\t\t\t\t\t\t\t<p>D\u00a0\u00a0\u00a0\u00a0\u00a0 Bei diesen Zusammentreffen in lockerer Atmosph\u00e4re stehen der musikalische Austausch, das intensive Live-Erleben von Musik und die wechselwirkende Beziehung zwischen Musikerin und Zuh\u00f6rer*innen im Vordergrund. Ausgehend von der Annahme, dass \u201estillsitzen und and\u00e4chtig zuh\u00f6ren&#8220; als Rezeptionsverhalten im klassischen Konzertformat nicht den W\u00fcnschen und Erwartungen des Publikums im 21. Jahrhundert entspricht, experimentiert die Cellistin Valerie Fritz mit unterschiedlichen Rezeptionssituationen und neuen Auff\u00fchrungsformaten. Ein Konzert kann dann zu einer \u00e4sthetischen Erfahrung auf beiden Seiten f\u00fchren, wenn die n\u00f6tige N\u00e4he entsteht, die einen nachhaltigen musikalischen Austausch erm\u00f6glicht. In den moderierten Konzerten werden insbesondere Werke der aktuellen Musik gespielt, welche sowohl die Stilvielfalt der Neuen Musik verdeutlichen als auch das gro\u00dfe Klangspektrum des Violoncellos abbilden. Valerie Fritz versteht sich hierbei als Vermittlerin zwischen dem Werk und seiner Wirkung bei den H\u00f6rer*innen. Sie fordert ihr Publikum auf, aktiv an den Darbietungen teilzunehmen und mit ihr in Austausch zu treten.<\/p>\t\t\t\t\t\t\t\t<\/div>\n\t\t\t\t<\/div>\n\t\t\t\t<div class=\"elementor-element elementor-element-5d7da5c elementor-widget elementor-widget-text-editor\" data-id=\"5d7da5c\" data-element_type=\"widget\" data-e-type=\"widget\" data-widget_type=\"text-editor.default\">\n\t\t\t\t<div class=\"elementor-widget-container\">\n\t\t\t\t\t\t\t\t\t<p>E\u00a0\u00a0\u00a0\u00a0\u00a0 The central aspect in these encounters in a casual atmosphere is the musical exchange, the intensive experience of live music, and the mutual relationship between musician and listeners. Starting out from the assumption that to sit still and listen attentively, i.e. the reception mode of the classical concert format, does not meet the wishes and expectations of the 21st century audience, the cellist Valerie Fritz experiments with various settings and new performance formats. A concert can lead to an aesthetic experience on both sides if there is the necessary proximity enabling a sustainable musical exchange. The moderated concerts primarily present contemporary musical pieces that not only illustrate the stylistic variety of New Music but also the violoncello\u2019s large sound spectrum. Valerie Fritz considers herself a mediator between the work and its effect on the listeners. She challenges her audience to take part in the performance and to enter into a dialogue with her.<\/p>\t\t\t\t\t\t\t\t<\/div>\n\t\t\t\t<\/div>\n\t\t\t\t\t<\/div>\n\t\t<\/div>\n\t\t\t\t\t<\/div>\n\t\t<\/section>\n\t\t\t\t<\/div>\n\t\t","protected":false},"excerpt":{"rendered":"<p>ZUR\u00dcCK Kulturverein Vogelweide SA 6. NOV 15.30 Unter uns. Begegnungen von Valerie Fritz \u00a9 Valeria Fritz Kulturverein VogelweideWaltherpark6020 Innsbruck T +43 676 3498084www.vogelweide.org Concert D\u00a0\u00a0\u00a0\u00a0\u00a0 Bei diesen Zusammentreffen in lockerer Atmosph\u00e4re stehen der musikalische Austausch, das intensive Live-Erleben von Musik und die wechselwirkende Beziehung zwischen Musikerin und Zuh\u00f6rer*innen im Vordergrund. Ausgehend von der Annahme, dass [&hellip;]<\/p>\n","protected":false},"author":1,"featured_media":0,"parent":0,"menu_order":0,"comment_status":"closed","ping_status":"closed","template":"elementor_header_footer","meta":{"footnotes":""},"class_list":["post-1582","page","type-page","status-publish","hentry"],"_links":{"self":[{"href":"https:\/\/premierentage.at\/2021\/wp-json\/wp\/v2\/pages\/1582","targetHints":{"allow":["GET"]}}],"collection":[{"href":"https:\/\/premierentage.at\/2021\/wp-json\/wp\/v2\/pages"}],"about":[{"href":"https:\/\/premierentage.at\/2021\/wp-json\/wp\/v2\/types\/page"}],"author":[{"embeddable":true,"href":"https:\/\/premierentage.at\/2021\/wp-json\/wp\/v2\/users\/1"}],"replies":[{"embeddable":true,"href":"https:\/\/premierentage.at\/2021\/wp-json\/wp\/v2\/comments?post=1582"}],"version-history":[{"count":31,"href":"https:\/\/premierentage.at\/2021\/wp-json\/wp\/v2\/pages\/1582\/revisions"}],"predecessor-version":[{"id":5725,"href":"https:\/\/premierentage.at\/2021\/wp-json\/wp\/v2\/pages\/1582\/revisions\/5725"}],"wp:attachment":[{"href":"https:\/\/premierentage.at\/2021\/wp-json\/wp\/v2\/media?parent=1582"}],"curies":[{"name":"wp","href":"https:\/\/api.w.org\/{rel}","templated":true}]}}