{"id":1595,"date":"2021-10-05T14:21:07","date_gmt":"2021-10-05T14:21:07","guid":{"rendered":"https:\/\/premierentage.at\/2021\/?page_id=1595"},"modified":"2021-10-21T09:45:49","modified_gmt":"2021-10-21T09:45:49","slug":"jakub-ferris-sunray-acrobat-gespraech-mit-sezgin-byonik","status":"publish","type":"page","link":"https:\/\/premierentage.at\/2021\/jakub-ferris-sunray-acrobat-gespraech-mit-sezgin-byonik\/","title":{"rendered":"Jakub Ferris. Sunray Acrobat, Gespr\u00e4ch mit Sezgin Byonik"},"content":{"rendered":"\t\t<div data-elementor-type=\"wp-page\" data-elementor-id=\"1595\" class=\"elementor elementor-1595\">\n\t\t\t\t\t\t<section class=\"elementor-section elementor-top-section elementor-element elementor-element-1320d38a elementor-section-boxed elementor-section-height-default elementor-section-height-default\" data-id=\"1320d38a\" data-element_type=\"section\" data-e-type=\"section\" data-settings=\"{&quot;background_background&quot;:&quot;classic&quot;}\">\n\t\t\t\t\t\t<div class=\"elementor-container elementor-column-gap-default\">\n\t\t\t\t\t<div class=\"elementor-column elementor-col-100 elementor-top-column elementor-element elementor-element-16cee0df\" data-id=\"16cee0df\" data-element_type=\"column\" data-e-type=\"column\">\n\t\t\t<div class=\"elementor-widget-wrap elementor-element-populated\">\n\t\t\t\t\t\t<div class=\"elementor-element elementor-element-717d83d3 graulink elementor-widget elementor-widget-text-editor\" data-id=\"717d83d3\" data-element_type=\"widget\" data-e-type=\"widget\" id=\"btn-back\" data-widget_type=\"text-editor.default\">\n\t\t\t\t<div class=\"elementor-widget-container\">\n\t\t\t\t\t\t\t\t\t<span style=\"color: #000000;\"><a href=\"javascript:history.back()\">ZUR\u00dcCK<\/a><\/span>\t\t\t\t\t\t\t\t<\/div>\n\t\t\t\t<\/div>\n\t\t\t\t<div class=\"elementor-element elementor-element-6a008814 elementor-widget elementor-widget-text-editor\" data-id=\"6a008814\" data-element_type=\"widget\" data-e-type=\"widget\" data-widget_type=\"text-editor.default\">\n\t\t\t\t<div class=\"elementor-widget-container\">\n\t\t\t\t\t\t\t\t\t<p><a href=\"_wp_link_placeholder\" data-wplink-edit=\"true\"><span style=\"text-decoration: underline;\">Kunstraum Innsbruck<\/span><\/a><\/p>\t\t\t\t\t\t\t\t<\/div>\n\t\t\t\t<\/div>\n\t\t\t\t<div class=\"elementor-element elementor-element-24c658e6 elementor-widget elementor-widget-text-editor\" data-id=\"24c658e6\" data-element_type=\"widget\" data-e-type=\"widget\" data-widget_type=\"text-editor.default\">\n\t\t\t\t<div class=\"elementor-widget-container\">\n\t\t\t\t\t\t\t\t\t<p>SA 6. NOV<\/p>\t\t\t\t\t\t\t\t<\/div>\n\t\t\t\t<\/div>\n\t\t\t\t<div class=\"elementor-element elementor-element-54a00c23 elementor-widget elementor-widget-text-editor\" data-id=\"54a00c23\" data-element_type=\"widget\" data-e-type=\"widget\" data-widget_type=\"text-editor.default\">\n\t\t\t\t<div class=\"elementor-widget-container\">\n\t\t\t\t\t\t\t\t\t<p>16.00<\/p>\t\t\t\t\t\t\t\t<\/div>\n\t\t\t\t<\/div>\n\t\t\t\t<div class=\"elementor-element elementor-element-3ac3bf13 elementor-widget elementor-widget-text-editor\" data-id=\"3ac3bf13\" data-element_type=\"widget\" data-e-type=\"widget\" data-widget_type=\"text-editor.default\">\n\t\t\t\t<div class=\"elementor-widget-container\">\n\t\t\t\t\t\t\t\t\t<p>Jakup Ferri. Sunray Acrobat, Gespr\u00e4ch mit Sezgin Byonik<\/p>\t\t\t\t\t\t\t\t<\/div>\n\t\t\t\t<\/div>\n\t\t\t\t<div class=\"elementor-element elementor-element-51d0b03b elementor-absolute elementor-widget__width-initial elementor-widget elementor-widget-text-editor\" data-id=\"51d0b03b\" data-element_type=\"widget\" data-e-type=\"widget\" data-settings=\"{&quot;_position&quot;:&quot;absolute&quot;}\" data-widget_type=\"text-editor.default\">\n\t\t\t\t<div class=\"elementor-widget-container\">\n\t\t\t\t\t\t\t\t\t<p>\u00a9 Jakup Ferri<\/p><p>KUNSTRAUM INNSBRUCK<br \/>Maria-Theresien-Stra\u00dfe 34<br \/>6020 Innsbruck<\/p><p>T +43 512 584000<br \/><a href=\"http:\/\/www.kri.art\">www.kri.art<\/a><\/p><p>Montag geschlossen<br \/>Di\u2013Fr 12:00 \u2013 18:00<br \/>Samstag 10:00 \u2013 15:00<br \/>Sonntag geschlossen<\/p>\t\t\t\t\t\t\t\t<\/div>\n\t\t\t\t<\/div>\n\t\t\t\t<div class=\"elementor-element elementor-element-857a39f elementor-widget elementor-widget-text-editor\" data-id=\"857a39f\" data-element_type=\"widget\" data-e-type=\"widget\" data-widget_type=\"text-editor.default\">\n\t\t\t\t<div class=\"elementor-widget-container\">\n\t\t\t\t\t\t\t\t\t<p><span style=\"color: #000000;\">Talk<\/span><\/p>\t\t\t\t\t\t\t\t<\/div>\n\t\t\t\t<\/div>\n\t\t\t\t<div class=\"elementor-element elementor-element-5a8093be elementor-widget elementor-widget-image\" data-id=\"5a8093be\" data-element_type=\"widget\" data-e-type=\"widget\" data-widget_type=\"image.default\">\n\t\t\t\t<div class=\"elementor-widget-container\">\n\t\t\t\t\t\t\t\t\t\t\t\t\t\t\t<img fetchpriority=\"high\" decoding=\"async\" width=\"750\" height=\"592\" src=\"https:\/\/premierentage.at\/2021\/wp-content\/uploads\/2021\/10\/750px-005k.jpg\" class=\"attachment-full size-full wp-image-1246\" alt=\"\" srcset=\"https:\/\/premierentage.at\/2021\/wp-content\/uploads\/2021\/10\/750px-005k.jpg 750w, https:\/\/premierentage.at\/2021\/wp-content\/uploads\/2021\/10\/750px-005k-300x237.jpg 300w\" sizes=\"(max-width: 750px) 100vw, 750px\" \/>\t\t\t\t\t\t\t\t\t\t\t\t\t\t\t<\/div>\n\t\t\t\t<\/div>\n\t\t\t\t<div class=\"elementor-element elementor-element-1ee15584 elementor-widget elementor-widget-text-editor\" data-id=\"1ee15584\" data-element_type=\"widget\" data-e-type=\"widget\" data-widget_type=\"text-editor.default\">\n\t\t\t\t<div class=\"elementor-widget-container\">\n\t\t\t\t\t\t\t\t\t<p>D\u00a0 \u00a0\u00a0\u00a0 Im Rahmen der Einzelausstellung Jakup Ferri im Kunstraum Innsbruck sprechen Szegin Boynik und Ivana Marjanovi\u0107 \u00fcber die lebendige Kunstszene in Pristina und im Kosovo, politische Hintergr\u00fcnde, vergangene und aktuelle Entwicklungen und Kollaborationen. W\u00e4hrend Ferris Arbeiten im Detail pulsieren, im \u201eKleinen\u201c und Allt\u00e4glichen \u2013 den Orten, an denen das Leben, trotz der kapitalistischen Krise und Zerst\u00f6rung rundherum, explodiert \u2013, w\u00e4hlen andere K\u00fcnstler*innen und Akteur*innen unterschiedliche Wege und Strategien.<\/p><p>Sezgin Boynik (1977), geboren in Prizren, lebt und arbeitet in Helsinki und Prizren. Er ist Theoretiker und K\u00fcnstler und hat zu verschiedensten Themen publiziert, wie Punk, Zaum, konkreter Poesie und linke Avantgarde. Er ist Herausgeber von Rab-Rab Press (www.rabrab.fi).<\/p>\t\t\t\t\t\t\t\t<\/div>\n\t\t\t\t<\/div>\n\t\t\t\t<div class=\"elementor-element elementor-element-5d7da5c elementor-widget elementor-widget-text-editor\" data-id=\"5d7da5c\" data-element_type=\"widget\" data-e-type=\"widget\" data-widget_type=\"text-editor.default\">\n\t\t\t\t<div class=\"elementor-widget-container\">\n\t\t\t\t\t\t\t\t\t<p>E\u00a0\u00a0\u00a0\u00a0 As part of the programme of Jakup Ferri\u2019s solo exhibition at Kunstraum Innsbruck, Sezgin Boynik and Ivana Marjanovi talk about the vivid art scene in Pristina and Kosovo, political backgrounds, past and present developments and collaborations. While Ferri\u2019s works focus on the \u201csmall\u201d and everyday things, the places where life explodes, despite the surrounding capitalist destruction and crisis, other artists and actors have varying approaches and strategies. \u00a0<\/p><p>Sezgin Boynik (1977) was born in Prizren and lives in Helsinki and Prizren. He is a theoretician and artist and has published texts on the most varied topics, including punk, zaum, concrete poetry and the left avant-garde. He is the editor of Rab-Rab Press (www.rabrab.fi).<\/p>\t\t\t\t\t\t\t\t<\/div>\n\t\t\t\t<\/div>\n\t\t\t\t\t<\/div>\n\t\t<\/div>\n\t\t\t\t\t<\/div>\n\t\t<\/section>\n\t\t\t\t<\/div>\n\t\t","protected":false},"excerpt":{"rendered":"<p>ZUR\u00dcCK Kunstraum Innsbruck SA 6. NOV 16.00 Jakup Ferri. Sunray Acrobat, Gespr\u00e4ch mit Sezgin Byonik \u00a9 Jakup Ferri KUNSTRAUM INNSBRUCKMaria-Theresien-Stra\u00dfe 346020 Innsbruck T +43 512 584000www.kri.art Montag geschlossenDi\u2013Fr 12:00 \u2013 18:00Samstag 10:00 \u2013 15:00Sonntag geschlossen Talk D\u00a0 \u00a0\u00a0\u00a0 Im Rahmen der Einzelausstellung Jakup Ferri im Kunstraum Innsbruck sprechen Szegin Boynik und Ivana Marjanovi\u0107 \u00fcber die [&hellip;]<\/p>\n","protected":false},"author":1,"featured_media":0,"parent":0,"menu_order":0,"comment_status":"closed","ping_status":"closed","template":"elementor_header_footer","meta":{"footnotes":""},"class_list":["post-1595","page","type-page","status-publish","hentry"],"_links":{"self":[{"href":"https:\/\/premierentage.at\/2021\/wp-json\/wp\/v2\/pages\/1595","targetHints":{"allow":["GET"]}}],"collection":[{"href":"https:\/\/premierentage.at\/2021\/wp-json\/wp\/v2\/pages"}],"about":[{"href":"https:\/\/premierentage.at\/2021\/wp-json\/wp\/v2\/types\/page"}],"author":[{"embeddable":true,"href":"https:\/\/premierentage.at\/2021\/wp-json\/wp\/v2\/users\/1"}],"replies":[{"embeddable":true,"href":"https:\/\/premierentage.at\/2021\/wp-json\/wp\/v2\/comments?post=1595"}],"version-history":[{"count":60,"href":"https:\/\/premierentage.at\/2021\/wp-json\/wp\/v2\/pages\/1595\/revisions"}],"predecessor-version":[{"id":5715,"href":"https:\/\/premierentage.at\/2021\/wp-json\/wp\/v2\/pages\/1595\/revisions\/5715"}],"wp:attachment":[{"href":"https:\/\/premierentage.at\/2021\/wp-json\/wp\/v2\/media?parent=1595"}],"curies":[{"name":"wp","href":"https:\/\/api.w.org\/{rel}","templated":true}]}}