{"id":16,"date":"2021-09-23T13:23:45","date_gmt":"2021-09-23T13:23:45","guid":{"rendered":"https:\/\/premierentage.at\/2021\/?page_id=16"},"modified":"2021-10-30T16:19:14","modified_gmt":"2021-10-30T16:19:14","slug":"info","status":"publish","type":"page","link":"https:\/\/premierentage.at\/2021\/info\/","title":{"rendered":"INFO"},"content":{"rendered":"\t\t<div data-elementor-type=\"wp-page\" data-elementor-id=\"16\" class=\"elementor elementor-16\">\n\t\t\t\t\t\t<section class=\"elementor-section elementor-top-section elementor-element elementor-element-25cbc442 elementor-section-full_width elementor-section-height-default elementor-section-height-default\" data-id=\"25cbc442\" data-element_type=\"section\" data-e-type=\"section\" data-settings=\"{&quot;background_background&quot;:&quot;classic&quot;}\">\n\t\t\t\t\t\t<div class=\"elementor-container elementor-column-gap-default\">\n\t\t\t\t\t<div class=\"elementor-column elementor-col-100 elementor-top-column elementor-element elementor-element-3d49187b\" data-id=\"3d49187b\" data-element_type=\"column\" data-e-type=\"column\">\n\t\t\t<div class=\"elementor-widget-wrap elementor-element-populated\">\n\t\t\t\t\t\t<div class=\"elementor-element elementor-element-677c9457 elementor-widget__width-auto elementor-widget-mobile__width-inherit elementor-widget elementor-widget-text-editor\" data-id=\"677c9457\" data-element_type=\"widget\" data-e-type=\"widget\" data-widget_type=\"text-editor.default\">\n\t\t\t\t<div class=\"elementor-widget-container\">\n\t\t\t\t\t\t\t\t\t<p><a href=\"https:\/\/premierentage.at\/2021\/info\/\"><span style=\"color: #000000;\">\u00d6FFNUNGSZEITEN<\/span><\/a><\/p>\t\t\t\t\t\t\t\t<\/div>\n\t\t\t\t<\/div>\n\t\t\t\t<div class=\"elementor-element elementor-element-2b966e6f elementor-widget__width-auto elementor-widget-mobile__width-inherit elementor-widget elementor-widget-text-editor\" data-id=\"2b966e6f\" data-element_type=\"widget\" data-e-type=\"widget\" data-widget_type=\"text-editor.default\">\n\t\t\t\t<div class=\"elementor-widget-container\">\n\t\t\t\t\t\t\t\t\t<span style=\"color: #000000;\"><a style=\"color: #c6c6c5;\" href=\"https:\/\/premierentage.at\/2021\/presse\/\">PRESSE<\/a><\/span>\t\t\t\t\t\t\t\t<\/div>\n\t\t\t\t<\/div>\n\t\t\t\t<div class=\"elementor-element elementor-element-1ccb974f elementor-widget__width-auto elementor-widget-mobile__width-inherit elementor-widget elementor-widget-text-editor\" data-id=\"1ccb974f\" data-element_type=\"widget\" data-e-type=\"widget\" data-widget_type=\"text-editor.default\">\n\t\t\t\t<div class=\"elementor-widget-container\">\n\t\t\t\t\t\t\t\t\t<span style=\"color: #000000;\"><a href=\"https:\/\/premierentage.at\/2021\/impressum\/\"><span style=\"color: #c6c6c5;\">IMPRESSUM<\/span><\/a><\/span>\t\t\t\t\t\t\t\t<\/div>\n\t\t\t\t<\/div>\n\t\t\t\t\t<\/div>\n\t\t<\/div>\n\t\t\t\t\t<\/div>\n\t\t<\/section>\n\t\t\t\t<section class=\"elementor-section elementor-top-section elementor-element elementor-element-4880e855 elementor-section-boxed elementor-section-height-default elementor-section-height-default\" data-id=\"4880e855\" data-element_type=\"section\" data-e-type=\"section\" data-settings=\"{&quot;background_background&quot;:&quot;classic&quot;}\">\n\t\t\t\t\t\t<div class=\"elementor-container elementor-column-gap-default\">\n\t\t\t\t\t<div class=\"elementor-column elementor-col-100 elementor-top-column elementor-element elementor-element-4cc7c5b\" data-id=\"4cc7c5b\" data-element_type=\"column\" data-e-type=\"column\">\n\t\t\t<div class=\"elementor-widget-wrap elementor-element-populated\">\n\t\t\t\t\t\t<div class=\"elementor-element elementor-element-50aa51c8 elementor-widget elementor-widget-text-editor\" data-id=\"50aa51c8\" data-element_type=\"widget\" data-e-type=\"widget\" data-widget_type=\"text-editor.default\">\n\t\t\t\t<div class=\"elementor-widget-container\">\n\t\t\t\t\t\t\t\t\t<p><span style=\"color: #000000;\">D<\/span><\/p>\t\t\t\t\t\t\t\t<\/div>\n\t\t\t\t<\/div>\n\t\t\t\t<div class=\"elementor-element elementor-element-2098f205 elementor-widget elementor-widget-text-editor\" data-id=\"2098f205\" data-element_type=\"widget\" data-e-type=\"widget\" data-widget_type=\"text-editor.default\">\n\t\t\t\t<div class=\"elementor-widget-container\">\n\t\t\t\t\t\t\t\t\t<p>Die teilnehmenden Institutionen haben an den <br \/>Veranstaltungstagen wie folgt ge\u00f6ffnet:<\/p>\t\t\t\t\t\t\t\t<\/div>\n\t\t\t\t<\/div>\n\t\t\t\t<div class=\"elementor-element elementor-element-cf04f15 elementor-widget elementor-widget-text-editor\" data-id=\"cf04f15\" data-element_type=\"widget\" data-e-type=\"widget\" data-widget_type=\"text-editor.default\">\n\t\t\t\t<div class=\"elementor-widget-container\">\n\t\t\t\t\t\t\t\t\t<p>DO 17.00 \u2013 22.00<br \/>(nur die Institutionen mit Premieren haben ge\u00f6ffnet)<br \/>FR 11.00 \u2013 22.00<br \/>SA 11.00 \u2013 17.00<\/p><p>*Abweichende \u00d6ffnungszeiten:<br \/>K\u00fcnstlerhaus B\u00fcchsenhausen ge\u00f6ffnet Sa, 6.11., 18.30 \u2013 20.30h<br \/>Tiroler Landesmuseen ge\u00f6ffnet Fr, 5.11.,<br \/>und Sa, 6.11., 9.00 \u2013 17.00h<br \/>Galerie der Stadt Schwaz ge\u00f6ffnet FR, 5.11., 12.00-18.00h und SA, 6.11., 10.00 &#8211; 15.00h<\/p>\t\t\t\t\t\t\t\t<\/div>\n\t\t\t\t<\/div>\n\t\t\t\t<div class=\"elementor-element elementor-element-1393d08b elementor-absolute elementor-widget__width-initial elementor-widget elementor-widget-text-editor\" data-id=\"1393d08b\" data-element_type=\"widget\" data-e-type=\"widget\" data-settings=\"{&quot;_position&quot;:&quot;absolute&quot;}\" data-widget_type=\"text-editor.default\">\n\t\t\t\t<div class=\"elementor-widget-container\">\n\t\t\t\t\t\t\t\t\t<p>Bitte beachten Sie, dass es aufgrund der COVID19-Verordnungen zu kurzfristigen \u00c4nderungen im Programm kommen kann, konsultieren Sie f\u00fcr kurzfristige \u00c4nderungen und Updates unsere Social Media Plattformen (Facebook oder Instagram). Au\u00dferdem gilt: H\u00e4nde waschen, Abstand halten und MNS Maske nicht vergessen!<\/p>\t\t\t\t\t\t\t\t<\/div>\n\t\t\t\t<\/div>\n\t\t\t\t<div class=\"elementor-element elementor-element-256d0f87 elementor-widget elementor-widget-text-editor\" data-id=\"256d0f87\" data-element_type=\"widget\" data-e-type=\"widget\" data-widget_type=\"text-editor.default\">\n\t\t\t\t<div class=\"elementor-widget-container\">\n\t\t\t\t\t\t\t\t\t<p>Freier Eintritt zu allen Veranstaltungen. <br \/>F\u00fcr die Teilnahme an den Expert*Innenf\u00fchrungen und Artwalks wird um eine Anmeldung unter office@premierentage.at gebeten.<\/p><p><br \/>Etwaige Anmeldemodalit\u00e4ten findet man beim jeweiligen Programmpunkt.<\/p>\t\t\t\t\t\t\t\t<\/div>\n\t\t\t\t<\/div>\n\t\t\t\t<div class=\"elementor-element elementor-element-304864ce elementor-widget elementor-widget-spacer\" data-id=\"304864ce\" data-element_type=\"widget\" data-e-type=\"widget\" data-widget_type=\"spacer.default\">\n\t\t\t\t<div class=\"elementor-widget-container\">\n\t\t\t\t\t\t\t<div class=\"elementor-spacer\">\n\t\t\t<div class=\"elementor-spacer-inner\"><\/div>\n\t\t<\/div>\n\t\t\t\t\t\t<\/div>\n\t\t\t\t<\/div>\n\t\t\t\t<div class=\"elementor-element elementor-element-33b1d293 elementor-widget elementor-widget-text-editor\" data-id=\"33b1d293\" data-element_type=\"widget\" data-e-type=\"widget\" data-widget_type=\"text-editor.default\">\n\t\t\t\t<div class=\"elementor-widget-container\">\n\t\t\t\t\t\t\t\t\t<p><span style=\"color: #000000;\">E<\/span><\/p>\t\t\t\t\t\t\t\t<\/div>\n\t\t\t\t<\/div>\n\t\t\t\t<div class=\"elementor-element elementor-element-1f9a18a0 elementor-widget elementor-widget-text-editor\" data-id=\"1f9a18a0\" data-element_type=\"widget\" data-e-type=\"widget\" data-widget_type=\"text-editor.default\">\n\t\t\t\t<div class=\"elementor-widget-container\">\n\t\t\t\t\t\t\t\t\t<p>All the institutions participating are open during <br \/>Premierentage as follows:<\/p>\t\t\t\t\t\t\t\t<\/div>\n\t\t\t\t<\/div>\n\t\t\t\t<div class=\"elementor-element elementor-element-2b4778d elementor-widget elementor-widget-text-editor\" data-id=\"2b4778d\" data-element_type=\"widget\" data-e-type=\"widget\" data-widget_type=\"text-editor.default\">\n\t\t\t\t<div class=\"elementor-widget-container\">\n\t\t\t\t\t\t\t\t\t<p>THU 5 \u2013 10 p.m.<br \/>(only the institutions with PREMIERES will be open)<br \/>FRI 11 a.m. \u2013 10 p.m.<br \/>SAT 11 a.m. \u2013 5 p.m.<\/p><p>*Different opening hours:<br \/>K\u00fcnstlerhaus B\u00fcchsenhausen: Sat, NOV 6: 6.30 \u2013 to 8.30 p.m.<br \/>Tiroler Landesmuseen: Fri, NOV 5 and Sat, NOV 6: 9 a.m. to 5 p.m.<br \/>Galerie der Stadt Schwaz: Fri, NOV 5, 12-6 p.m. und Sat, NOV 6: 10 a.m. to 3 p.m.<\/p>\t\t\t\t\t\t\t\t<\/div>\n\t\t\t\t<\/div>\n\t\t\t\t<div class=\"elementor-element elementor-element-7ab3b1a4 elementor-widget elementor-widget-text-editor\" data-id=\"7ab3b1a4\" data-element_type=\"widget\" data-e-type=\"widget\" data-widget_type=\"text-editor.default\">\n\t\t\t\t<div class=\"elementor-widget-container\">\n\t\t\t\t\t\t\t\t\t<p>Free admission to all events. Please register for the Expert Tours and Artwalks under office@premierentage.at<\/p><p><br \/>Possible registration modalities can be found at the respective program points.<\/p>\t\t\t\t\t\t\t\t<\/div>\n\t\t\t\t<\/div>\n\t\t\t\t<div class=\"elementor-element elementor-element-5601e71f elementor-widget elementor-widget-spacer\" data-id=\"5601e71f\" data-element_type=\"widget\" data-e-type=\"widget\" data-widget_type=\"spacer.default\">\n\t\t\t\t<div class=\"elementor-widget-container\">\n\t\t\t\t\t\t\t<div class=\"elementor-spacer\">\n\t\t\t<div class=\"elementor-spacer-inner\"><\/div>\n\t\t<\/div>\n\t\t\t\t\t\t<\/div>\n\t\t\t\t<\/div>\n\t\t\t\t\t<\/div>\n\t\t<\/div>\n\t\t\t\t\t<\/div>\n\t\t<\/section>\n\t\t\t\t<\/div>\n\t\t","protected":false},"excerpt":{"rendered":"<p>\u00d6FFNUNGSZEITEN PRESSEIMPRESSUM D Die teilnehmenden Institutionen haben an den Veranstaltungstagen wie folgt ge\u00f6ffnet: DO 17.00 \u2013 22.00(nur die Institutionen mit Premieren haben ge\u00f6ffnet)FR 11.00 \u2013 22.00SA 11.00 \u2013 17.00 *Abweichende \u00d6ffnungszeiten:K\u00fcnstlerhaus B\u00fcchsenhausen ge\u00f6ffnet Sa, 6.11., 18.30 \u2013 20.30hTiroler Landesmuseen ge\u00f6ffnet Fr, 5.11.,und Sa, 6.11., 9.00 \u2013 17.00hGalerie der Stadt Schwaz ge\u00f6ffnet FR, 5.11., 12.00-18.00h und [&hellip;]<\/p>\n","protected":false},"author":1,"featured_media":0,"parent":0,"menu_order":0,"comment_status":"closed","ping_status":"closed","template":"elementor_header_footer","meta":{"footnotes":""},"class_list":["post-16","page","type-page","status-publish","hentry"],"_links":{"self":[{"href":"https:\/\/premierentage.at\/2021\/wp-json\/wp\/v2\/pages\/16","targetHints":{"allow":["GET"]}}],"collection":[{"href":"https:\/\/premierentage.at\/2021\/wp-json\/wp\/v2\/pages"}],"about":[{"href":"https:\/\/premierentage.at\/2021\/wp-json\/wp\/v2\/types\/page"}],"author":[{"embeddable":true,"href":"https:\/\/premierentage.at\/2021\/wp-json\/wp\/v2\/users\/1"}],"replies":[{"embeddable":true,"href":"https:\/\/premierentage.at\/2021\/wp-json\/wp\/v2\/comments?post=16"}],"version-history":[{"count":118,"href":"https:\/\/premierentage.at\/2021\/wp-json\/wp\/v2\/pages\/16\/revisions"}],"predecessor-version":[{"id":5843,"href":"https:\/\/premierentage.at\/2021\/wp-json\/wp\/v2\/pages\/16\/revisions\/5843"}],"wp:attachment":[{"href":"https:\/\/premierentage.at\/2021\/wp-json\/wp\/v2\/media?parent=16"}],"curies":[{"name":"wp","href":"https:\/\/api.w.org\/{rel}","templated":true}]}}