{"id":1612,"date":"2021-10-05T14:31:43","date_gmt":"2021-10-05T14:31:43","guid":{"rendered":"https:\/\/premierentage.at\/2021\/?page_id=1612"},"modified":"2021-10-21T09:44:38","modified_gmt":"2021-10-21T09:44:38","slug":"olga-stefan-gestures-of-resistance","status":"publish","type":"page","link":"https:\/\/premierentage.at\/2021\/olga-stefan-gestures-of-resistance\/","title":{"rendered":"Olga Stefan \u2013 Gestures of Resistance"},"content":{"rendered":"\t\t<div data-elementor-type=\"wp-page\" data-elementor-id=\"1612\" class=\"elementor elementor-1612\">\n\t\t\t\t\t\t<section class=\"elementor-section elementor-top-section elementor-element elementor-element-1320d38a elementor-section-boxed elementor-section-height-default elementor-section-height-default\" data-id=\"1320d38a\" data-element_type=\"section\" data-e-type=\"section\" data-settings=\"{&quot;background_background&quot;:&quot;classic&quot;}\">\n\t\t\t\t\t\t<div class=\"elementor-container elementor-column-gap-default\">\n\t\t\t\t\t<div class=\"elementor-column elementor-col-100 elementor-top-column elementor-element elementor-element-16cee0df\" data-id=\"16cee0df\" data-element_type=\"column\" data-e-type=\"column\">\n\t\t\t<div class=\"elementor-widget-wrap elementor-element-populated\">\n\t\t\t\t\t\t<div class=\"elementor-element elementor-element-717d83d3 graulink elementor-widget elementor-widget-text-editor\" data-id=\"717d83d3\" data-element_type=\"widget\" data-e-type=\"widget\" id=\"btn-back\" data-widget_type=\"text-editor.default\">\n\t\t\t\t<div class=\"elementor-widget-container\">\n\t\t\t\t\t\t\t\t\t<span style=\"color: #000000;\"><a href=\"javascript:history.back()\">ZUR\u00dcCK<\/a><\/span>\t\t\t\t\t\t\t\t<\/div>\n\t\t\t\t<\/div>\n\t\t\t\t<div class=\"elementor-element elementor-element-6a008814 elementor-widget elementor-widget-text-editor\" data-id=\"6a008814\" data-element_type=\"widget\" data-e-type=\"widget\" data-widget_type=\"text-editor.default\">\n\t\t\t\t<div class=\"elementor-widget-container\">\n\t\t\t\t\t\t\t\t\t<p><a href=\"https:\/\/premierentage.at\/2021\/bu%cc%88chsenhausen\/\"><span style=\"text-decoration: underline;\">K\u00fcnstlerhaus B\u00fcchsenhausen<\/span><\/a><\/p>\t\t\t\t\t\t\t\t<\/div>\n\t\t\t\t<\/div>\n\t\t\t\t<div class=\"elementor-element elementor-element-24c658e6 elementor-widget elementor-widget-text-editor\" data-id=\"24c658e6\" data-element_type=\"widget\" data-e-type=\"widget\" data-widget_type=\"text-editor.default\">\n\t\t\t\t<div class=\"elementor-widget-container\">\n\t\t\t\t\t\t\t\t\t<p>SA 6. NOV<\/p>\t\t\t\t\t\t\t\t<\/div>\n\t\t\t\t<\/div>\n\t\t\t\t<div class=\"elementor-element elementor-element-54a00c23 elementor-widget elementor-widget-text-editor\" data-id=\"54a00c23\" data-element_type=\"widget\" data-e-type=\"widget\" data-widget_type=\"text-editor.default\">\n\t\t\t\t<div class=\"elementor-widget-container\">\n\t\t\t\t\t\t\t\t\t<p>18.30<\/p>\t\t\t\t\t\t\t\t<\/div>\n\t\t\t\t<\/div>\n\t\t\t\t<div class=\"elementor-element elementor-element-3ac3bf13 elementor-widget elementor-widget-text-editor\" data-id=\"3ac3bf13\" data-element_type=\"widget\" data-e-type=\"widget\" data-widget_type=\"text-editor.default\">\n\t\t\t\t<div class=\"elementor-widget-container\">\n\t\t\t\t\t\t\t\t\t<p><span style=\"color: #000000;\"><a style=\"color: #000000;\" href=\"https:\/\/premierentage.at\/2021\/die-coole-oide\/\">Olga Stefan \u2013 Gestures of Resistance<\/a><\/span><\/p>\t\t\t\t\t\t\t\t<\/div>\n\t\t\t\t<\/div>\n\t\t\t\t<div class=\"elementor-element elementor-element-51d0b03b elementor-absolute elementor-widget elementor-widget-text-editor\" data-id=\"51d0b03b\" data-element_type=\"widget\" data-e-type=\"widget\" data-settings=\"{&quot;_position&quot;:&quot;absolute&quot;}\" data-widget_type=\"text-editor.default\">\n\t\t\t\t<div class=\"elementor-widget-container\">\n\t\t\t\t\t\t\t\t\t<p>\u00a9 Olga \u0218tefan<br \/><br \/>K\u00fcnstlerhaus B\u00fcchsenhausen<br \/>Weiherburggasse 13<br \/>6020 Innsbruck<\/p>\t\t\t\t\t\t\t\t<\/div>\n\t\t\t\t<\/div>\n\t\t\t\t<div class=\"elementor-element elementor-element-857a39f elementor-widget elementor-widget-text-editor\" data-id=\"857a39f\" data-element_type=\"widget\" data-e-type=\"widget\" data-widget_type=\"text-editor.default\">\n\t\t\t\t<div class=\"elementor-widget-container\">\n\t\t\t\t\t\t\t\t\t<p><span style=\"color: #000000;\">Screening + Talk<\/span><\/p>\t\t\t\t\t\t\t\t<\/div>\n\t\t\t\t<\/div>\n\t\t\t\t<div class=\"elementor-element elementor-element-5a8093be elementor-widget elementor-widget-image\" data-id=\"5a8093be\" data-element_type=\"widget\" data-e-type=\"widget\" data-widget_type=\"image.default\">\n\t\t\t\t<div class=\"elementor-widget-container\">\n\t\t\t\t\t\t\t\t\t\t\t\t\t\t\t<img fetchpriority=\"high\" decoding=\"async\" width=\"750\" height=\"404\" src=\"https:\/\/premierentage.at\/2021\/wp-content\/uploads\/2021\/10\/750px-GOR_still-documents.png\" class=\"attachment-full size-full wp-image-1253\" alt=\"\" srcset=\"https:\/\/premierentage.at\/2021\/wp-content\/uploads\/2021\/10\/750px-GOR_still-documents.png 750w, https:\/\/premierentage.at\/2021\/wp-content\/uploads\/2021\/10\/750px-GOR_still-documents-300x162.png 300w\" sizes=\"(max-width: 750px) 100vw, 750px\" \/>\t\t\t\t\t\t\t\t\t\t\t\t\t\t\t<\/div>\n\t\t\t\t<\/div>\n\t\t\t\t<div class=\"elementor-element elementor-element-1ee15584 elementor-widget elementor-widget-text-editor\" data-id=\"1ee15584\" data-element_type=\"widget\" data-e-type=\"widget\" data-widget_type=\"text-editor.default\">\n\t\t\t\t<div class=\"elementor-widget-container\">\n\t\t\t\t\t\t\t\t\t<p>D\u00a0\u00a0\u00a0\u00a0\u00a0 Der Dokumentarfilm Gestures of Resistance (2019) der diesj\u00e4hrigen B\u00fcchsenhausen Fellow Olga \u0218tefan verbindet die pers\u00f6nlichen Zeugnisse einiger der letzten \u00dcberlebenden des Holocausts aus Rum\u00e4nien, Tschechien und der Slowakei durch ihre Erz\u00e4hlungen \u00fcber den antifaschistischen Widerstand \u2013 den bewaffneten, den zivilen sowie den durch Kunst und Solidarit\u00e4t erzeugten Widerstand. Der Film verwebt aktuelle Protestbewegungen und individuelle Solidarit\u00e4tsaktionen mit Zeugnissen von Holocaust\u00fcberlebenden, Archivmaterial und Kunst. \u0218tefan \u00fcberpr\u00fcft diese Geschichten auf ihre Relevanz f\u00fcr die heutige Gesellschaft, in der politisch rechtsgerichtete Bewegungen an Macht gewinnen, und fordert uns dazu auf, Widerstand gegen diese Tendenzen zu leisten.<\/p>\t\t\t\t\t\t\t\t<\/div>\n\t\t\t\t<\/div>\n\t\t\t\t<div class=\"elementor-element elementor-element-5d7da5c elementor-widget elementor-widget-text-editor\" data-id=\"5d7da5c\" data-element_type=\"widget\" data-e-type=\"widget\" data-widget_type=\"text-editor.default\">\n\t\t\t\t<div class=\"elementor-widget-container\">\n\t\t\t\t\t\t\t\t\t<p>E\u00a0\u00a0\u00a0\u00a0\u00a0 The documentary Gestures of Resistance (2019), by this year\u2019s B\u00fcchsenhausen Fellow Olga \u0218tefan, entwines the personal testimony of the last survivors of the Holocaust in Romania, the Czech Republic and Slovakia through their tales of anti-Fascist resistance \u2013 armed and civilian resistance as well as resistance carried out through art and solidarity. The film interweaves current protest movements and individual acts of solidarity with testimonials of Holocaust survivors, archive material and art. \u0218tefan questions these stories as to their relevance for contemporary society, in which right-leaning political movements are gaining power once more, and challenges us to resist these tendencies. <\/p>\t\t\t\t\t\t\t\t<\/div>\n\t\t\t\t<\/div>\n\t\t\t\t\t<\/div>\n\t\t<\/div>\n\t\t\t\t\t<\/div>\n\t\t<\/section>\n\t\t\t\t<\/div>\n\t\t","protected":false},"excerpt":{"rendered":"<p>ZUR\u00dcCK K\u00fcnstlerhaus B\u00fcchsenhausen SA 6. NOV 18.30 Olga Stefan \u2013 Gestures of Resistance \u00a9 Olga \u0218tefan K\u00fcnstlerhaus B\u00fcchsenhausenWeiherburggasse 136020 Innsbruck Screening + Talk D\u00a0\u00a0\u00a0\u00a0\u00a0 Der Dokumentarfilm Gestures of Resistance (2019) der diesj\u00e4hrigen B\u00fcchsenhausen Fellow Olga \u0218tefan verbindet die pers\u00f6nlichen Zeugnisse einiger der letzten \u00dcberlebenden des Holocausts aus Rum\u00e4nien, Tschechien und der Slowakei durch ihre Erz\u00e4hlungen [&hellip;]<\/p>\n","protected":false},"author":1,"featured_media":0,"parent":0,"menu_order":0,"comment_status":"closed","ping_status":"closed","template":"elementor_header_footer","meta":{"footnotes":""},"class_list":["post-1612","page","type-page","status-publish","hentry"],"_links":{"self":[{"href":"https:\/\/premierentage.at\/2021\/wp-json\/wp\/v2\/pages\/1612","targetHints":{"allow":["GET"]}}],"collection":[{"href":"https:\/\/premierentage.at\/2021\/wp-json\/wp\/v2\/pages"}],"about":[{"href":"https:\/\/premierentage.at\/2021\/wp-json\/wp\/v2\/types\/page"}],"author":[{"embeddable":true,"href":"https:\/\/premierentage.at\/2021\/wp-json\/wp\/v2\/users\/1"}],"replies":[{"embeddable":true,"href":"https:\/\/premierentage.at\/2021\/wp-json\/wp\/v2\/comments?post=1612"}],"version-history":[{"count":37,"href":"https:\/\/premierentage.at\/2021\/wp-json\/wp\/v2\/pages\/1612\/revisions"}],"predecessor-version":[{"id":5709,"href":"https:\/\/premierentage.at\/2021\/wp-json\/wp\/v2\/pages\/1612\/revisions\/5709"}],"wp:attachment":[{"href":"https:\/\/premierentage.at\/2021\/wp-json\/wp\/v2\/media?parent=1612"}],"curies":[{"name":"wp","href":"https:\/\/api.w.org\/{rel}","templated":true}]}}