{"id":1620,"date":"2021-10-05T14:38:05","date_gmt":"2021-10-05T14:38:05","guid":{"rendered":"https:\/\/premierentage.at\/2021\/?page_id=1620"},"modified":"2021-10-21T09:45:17","modified_gmt":"2021-10-21T09:45:17","slug":"portraets-gespraech-mit-albrecht-fuchs","status":"publish","type":"page","link":"https:\/\/premierentage.at\/2021\/portraets-gespraech-mit-albrecht-fuchs\/","title":{"rendered":"Portr\u00e4ts, Gespr\u00e4ch mit Albrecht Fuchs"},"content":{"rendered":"\t\t<div data-elementor-type=\"wp-page\" data-elementor-id=\"1620\" class=\"elementor elementor-1620\">\n\t\t\t\t\t\t<section class=\"elementor-section elementor-top-section elementor-element elementor-element-1320d38a elementor-section-boxed elementor-section-height-default elementor-section-height-default\" data-id=\"1320d38a\" data-element_type=\"section\" data-e-type=\"section\" data-settings=\"{&quot;background_background&quot;:&quot;classic&quot;}\">\n\t\t\t\t\t\t<div class=\"elementor-container elementor-column-gap-default\">\n\t\t\t\t\t<div class=\"elementor-column elementor-col-100 elementor-top-column elementor-element elementor-element-16cee0df\" data-id=\"16cee0df\" data-element_type=\"column\" data-e-type=\"column\">\n\t\t\t<div class=\"elementor-widget-wrap elementor-element-populated\">\n\t\t\t\t\t\t<div class=\"elementor-element elementor-element-717d83d3 graulink elementor-widget elementor-widget-text-editor\" data-id=\"717d83d3\" data-element_type=\"widget\" data-e-type=\"widget\" id=\"btn-back\" data-widget_type=\"text-editor.default\">\n\t\t\t\t<div class=\"elementor-widget-container\">\n\t\t\t\t\t\t\t\t\t<span style=\"color: #000000;\"><a href=\"javascript:history.back()\">ZUR\u00dcCK<\/a><\/span>\t\t\t\t\t\t\t\t<\/div>\n\t\t\t\t<\/div>\n\t\t\t\t<div class=\"elementor-element elementor-element-6a008814 elementor-widget elementor-widget-text-editor\" data-id=\"6a008814\" data-element_type=\"widget\" data-e-type=\"widget\" data-widget_type=\"text-editor.default\">\n\t\t\t\t<div class=\"elementor-widget-container\">\n\t\t\t\t\t\t\t\t\t<p><a href=\"https:\/\/premierentage.at\/2021\/galerie-thoman\/\"><span style=\"text-decoration: underline;\">Galerie Elisabeth &amp; Klaus Thoman<\/span><\/a><\/p>\t\t\t\t\t\t\t\t<\/div>\n\t\t\t\t<\/div>\n\t\t\t\t<div class=\"elementor-element elementor-element-24c658e6 elementor-widget elementor-widget-text-editor\" data-id=\"24c658e6\" data-element_type=\"widget\" data-e-type=\"widget\" data-widget_type=\"text-editor.default\">\n\t\t\t\t<div class=\"elementor-widget-container\">\n\t\t\t\t\t\t\t\t\t<p>SA 6. NOV<\/p>\t\t\t\t\t\t\t\t<\/div>\n\t\t\t\t<\/div>\n\t\t\t\t<div class=\"elementor-element elementor-element-54a00c23 elementor-widget elementor-widget-text-editor\" data-id=\"54a00c23\" data-element_type=\"widget\" data-e-type=\"widget\" data-widget_type=\"text-editor.default\">\n\t\t\t\t<div class=\"elementor-widget-container\">\n\t\t\t\t\t\t\t\t\t<p>17.00<\/p>\t\t\t\t\t\t\t\t<\/div>\n\t\t\t\t<\/div>\n\t\t\t\t<div class=\"elementor-element elementor-element-3ac3bf13 elementor-widget elementor-widget-text-editor\" data-id=\"3ac3bf13\" data-element_type=\"widget\" data-e-type=\"widget\" data-widget_type=\"text-editor.default\">\n\t\t\t\t<div class=\"elementor-widget-container\">\n\t\t\t\t\t\t\t\t\t<p>Portr\u00e4ts, Gespr\u00e4ch mit Albrecht Fuchs<\/p>\t\t\t\t\t\t\t\t<\/div>\n\t\t\t\t<\/div>\n\t\t\t\t<div class=\"elementor-element elementor-element-51d0b03b elementor-absolute elementor-widget__width-initial elementor-widget elementor-widget-text-editor\" data-id=\"51d0b03b\" data-element_type=\"widget\" data-e-type=\"widget\" data-settings=\"{&quot;_position&quot;:&quot;absolute&quot;}\" data-widget_type=\"text-editor.default\">\n\t\t\t\t<div class=\"elementor-widget-container\">\n\t\t\t\t\t\t\t\t\t<p>\u00a9 Albrecht Fuchs<\/p><p>Galerie Elisabeth &amp; Klaus Thoman<br \/>Maria-Theresien-Stra\u00dfe 34<br \/>6020 Innsbruck<\/p><p>T +43 151 20 840<br \/><a href=\"http:\/\/www.galeriethoman.com\">www.galeriethoman.com<\/a><\/p><p>Montag geschlossen<br \/>Di\u2013Fr\u00a0 12:00 \u2013 18:00<br \/>Samstag\u00a0 11:00 \u2013 16:00<\/p>\t\t\t\t\t\t\t\t<\/div>\n\t\t\t\t<\/div>\n\t\t\t\t<div class=\"elementor-element elementor-element-857a39f elementor-widget elementor-widget-text-editor\" data-id=\"857a39f\" data-element_type=\"widget\" data-e-type=\"widget\" data-widget_type=\"text-editor.default\">\n\t\t\t\t<div class=\"elementor-widget-container\">\n\t\t\t\t\t\t\t\t\t<p><span style=\"color: #000000;\">Talk<\/span><\/p>\t\t\t\t\t\t\t\t<\/div>\n\t\t\t\t<\/div>\n\t\t\t\t<div class=\"elementor-element elementor-element-5a8093be elementor-widget elementor-widget-image\" data-id=\"5a8093be\" data-element_type=\"widget\" data-e-type=\"widget\" data-widget_type=\"image.default\">\n\t\t\t\t<div class=\"elementor-widget-container\">\n\t\t\t\t\t\t\t\t\t\t\t\t\t\t\t<img fetchpriority=\"high\" decoding=\"async\" width=\"750\" height=\"586\" src=\"https:\/\/premierentage.at\/2021\/wp-content\/uploads\/2021\/10\/750px-Eva_Bodnar_2685_gea\u0308nderter_Ausschnitt.jpg\" class=\"attachment-full size-full wp-image-1250\" alt=\"\" srcset=\"https:\/\/premierentage.at\/2021\/wp-content\/uploads\/2021\/10\/750px-Eva_Bodnar_2685_gea\u0308nderter_Ausschnitt.jpg 750w, https:\/\/premierentage.at\/2021\/wp-content\/uploads\/2021\/10\/750px-Eva_Bodnar_2685_gea\u0308nderter_Ausschnitt-300x234.jpg 300w\" sizes=\"(max-width: 750px) 100vw, 750px\" \/>\t\t\t\t\t\t\t\t\t\t\t\t\t\t\t<\/div>\n\t\t\t\t<\/div>\n\t\t\t\t<div class=\"elementor-element elementor-element-1ee15584 elementor-widget elementor-widget-text-editor\" data-id=\"1ee15584\" data-element_type=\"widget\" data-e-type=\"widget\" data-widget_type=\"text-editor.default\">\n\t\t\t\t<div class=\"elementor-widget-container\">\n\t\t\t\t\t\t\t\t\t<p>D\u00a0\u00a0\u00a0\u00a0\u00a0 Portraits ist die erste Solo-Ausstellung von Albrecht Fuchs (*1964 in Bielefeld, lebt in K\u00f6ln) in der Galerie Elisabeth &amp; Klaus Thoman. Fuchs besch\u00e4ftigt sich schon lange mit der Fotografie und setzt sich hier besonders mit den Portr\u00e4ts von internationalen K\u00fcnstlerpers\u00f6nlichkeiten auseinander.<\/p><p>Mit diesen ebenso sachlichen wie sensiblen Portr\u00e4tfotografien geh\u00f6rt Albrecht Fuchs seit vielen Jahren zu den auch von den Portraitierten hoch gesch\u00e4tzten Kollegen. Seine Werke entstehen in Ateliers, im Au\u00dfenraum, in privater und sonstiger Umgebung.<\/p><p>Erg\u00e4nzend zu den Fotoarbeiten von Albrecht Fuchs sind in der Ausstellung Arbeiten von einigen K\u00fcnstlerInnen zu sehen, die er portraitiert hat.<\/p>\t\t\t\t\t\t\t\t<\/div>\n\t\t\t\t<\/div>\n\t\t\t\t<div class=\"elementor-element elementor-element-5d7da5c elementor-widget elementor-widget-text-editor\" data-id=\"5d7da5c\" data-element_type=\"widget\" data-e-type=\"widget\" data-widget_type=\"text-editor.default\">\n\t\t\t\t<div class=\"elementor-widget-container\">\n\t\t\t\t\t\t\t\t\t<p>E\u00a0\u00a0\u00a0\u00a0\u00a0 Portraits is the first solo exhibition of Albrecht Fuchs (b. 1964 in Bielefeld, lives in Cologne) at Galerie Elisabeth &amp; Klaus Thoman. Fuchs has been interested in the medium of photography for a long time and especially has been focusing on the portraits of international artist personalities.<\/p><p>With these photographic portraits, as sober as they are sensitive, the artist has gained a reputation for himself not least with the colleagues portrayed. His works are created in the studio, outdoors, in private and other settings.<\/p><p>To supplement the photographic works by Albrecht Fuchs the exhibition presents works by some of the artists he has portrayed.<\/p>\t\t\t\t\t\t\t\t<\/div>\n\t\t\t\t<\/div>\n\t\t\t\t\t<\/div>\n\t\t<\/div>\n\t\t\t\t\t<\/div>\n\t\t<\/section>\n\t\t\t\t<\/div>\n\t\t","protected":false},"excerpt":{"rendered":"<p>ZUR\u00dcCK Galerie Elisabeth &amp; Klaus Thoman SA 6. NOV 17.00 Portr\u00e4ts, Gespr\u00e4ch mit Albrecht Fuchs \u00a9 Albrecht Fuchs Galerie Elisabeth &amp; Klaus ThomanMaria-Theresien-Stra\u00dfe 346020 Innsbruck T +43 151 20 840www.galeriethoman.com Montag geschlossenDi\u2013Fr\u00a0 12:00 \u2013 18:00Samstag\u00a0 11:00 \u2013 16:00 Talk D\u00a0\u00a0\u00a0\u00a0\u00a0 Portraits ist die erste Solo-Ausstellung von Albrecht Fuchs (*1964 in Bielefeld, lebt in K\u00f6ln) in [&hellip;]<\/p>\n","protected":false},"author":1,"featured_media":0,"parent":0,"menu_order":0,"comment_status":"closed","ping_status":"closed","template":"elementor_header_footer","meta":{"footnotes":""},"class_list":["post-1620","page","type-page","status-publish","hentry"],"_links":{"self":[{"href":"https:\/\/premierentage.at\/2021\/wp-json\/wp\/v2\/pages\/1620","targetHints":{"allow":["GET"]}}],"collection":[{"href":"https:\/\/premierentage.at\/2021\/wp-json\/wp\/v2\/pages"}],"about":[{"href":"https:\/\/premierentage.at\/2021\/wp-json\/wp\/v2\/types\/page"}],"author":[{"embeddable":true,"href":"https:\/\/premierentage.at\/2021\/wp-json\/wp\/v2\/users\/1"}],"replies":[{"embeddable":true,"href":"https:\/\/premierentage.at\/2021\/wp-json\/wp\/v2\/comments?post=1620"}],"version-history":[{"count":33,"href":"https:\/\/premierentage.at\/2021\/wp-json\/wp\/v2\/pages\/1620\/revisions"}],"predecessor-version":[{"id":5712,"href":"https:\/\/premierentage.at\/2021\/wp-json\/wp\/v2\/pages\/1620\/revisions\/5712"}],"wp:attachment":[{"href":"https:\/\/premierentage.at\/2021\/wp-json\/wp\/v2\/media?parent=1620"}],"curies":[{"name":"wp","href":"https:\/\/api.w.org\/{rel}","templated":true}]}}