{"id":1843,"date":"2021-10-06T09:51:08","date_gmt":"2021-10-06T09:51:08","guid":{"rendered":"https:\/\/premierentage.at\/2021\/?page_id=1843"},"modified":"2021-10-29T09:41:56","modified_gmt":"2021-10-29T09:41:56","slug":"misa-marek-when-souls-meet-again-2021","status":"publish","type":"page","link":"https:\/\/premierentage.at\/2021\/misa-marek-when-souls-meet-again-2021\/","title":{"rendered":"MI\u0160A MAREK \u2013 When Souls Meet Again, 2021"},"content":{"rendered":"\t\t<div data-elementor-type=\"wp-page\" data-elementor-id=\"1843\" class=\"elementor elementor-1843\">\n\t\t\t\t\t\t<section class=\"elementor-section elementor-top-section elementor-element elementor-element-1320d38a elementor-section-boxed elementor-section-height-default elementor-section-height-default\" data-id=\"1320d38a\" data-element_type=\"section\" data-e-type=\"section\" data-settings=\"{&quot;background_background&quot;:&quot;classic&quot;}\">\n\t\t\t\t\t\t<div class=\"elementor-container elementor-column-gap-default\">\n\t\t\t\t\t<div class=\"elementor-column elementor-col-100 elementor-top-column elementor-element elementor-element-16cee0df\" data-id=\"16cee0df\" data-element_type=\"column\" data-e-type=\"column\">\n\t\t\t<div class=\"elementor-widget-wrap elementor-element-populated\">\n\t\t\t\t\t\t<div class=\"elementor-element elementor-element-717d83d3 graulink elementor-widget elementor-widget-text-editor\" data-id=\"717d83d3\" data-element_type=\"widget\" data-e-type=\"widget\" id=\"btn-back\" data-widget_type=\"text-editor.default\">\n\t\t\t\t<div class=\"elementor-widget-container\">\n\t\t\t\t\t\t\t\t\t<span style=\"color: #000000;\"><a href=\"javascript:history.back()\">ZUR\u00dcCK<\/a><\/span>\t\t\t\t\t\t\t\t<\/div>\n\t\t\t\t<\/div>\n\t\t\t\t<div class=\"elementor-element elementor-element-6a008814 elementor-widget elementor-widget-text-editor\" data-id=\"6a008814\" data-element_type=\"widget\" data-e-type=\"widget\" data-widget_type=\"text-editor.default\">\n\t\t\t\t<div class=\"elementor-widget-container\">\n\t\t\t\t\t\t\t\t\t<p><a href=\"https:\/\/premierentage.at\/2021\/the-soap-room\/\"><span style=\"text-decoration: underline;\">THE SOAP ROOM<\/span><\/a><\/p>\t\t\t\t\t\t\t\t<\/div>\n\t\t\t\t<\/div>\n\t\t\t\t<div class=\"elementor-element elementor-element-24c658e6 elementor-widget elementor-widget-text-editor\" data-id=\"24c658e6\" data-element_type=\"widget\" data-e-type=\"widget\" data-widget_type=\"text-editor.default\">\n\t\t\t\t<div class=\"elementor-widget-container\">\n\t\t\t\t\t\t\t\t\t<p>FR 5. NOV<\/p>\t\t\t\t\t\t\t\t<\/div>\n\t\t\t\t<\/div>\n\t\t\t\t<div class=\"elementor-element elementor-element-54a00c23 elementor-widget elementor-widget-text-editor\" data-id=\"54a00c23\" data-element_type=\"widget\" data-e-type=\"widget\" data-widget_type=\"text-editor.default\">\n\t\t\t\t<div class=\"elementor-widget-container\">\n\t\t\t\t\t\t\t\t\t<p>18.00\u201321.00<\/p>\t\t\t\t\t\t\t\t<\/div>\n\t\t\t\t<\/div>\n\t\t\t\t<div class=\"elementor-element elementor-element-3ac3bf13 elementor-widget elementor-widget-text-editor\" data-id=\"3ac3bf13\" data-element_type=\"widget\" data-e-type=\"widget\" data-widget_type=\"text-editor.default\">\n\t\t\t\t<div class=\"elementor-widget-container\">\n\t\t\t\t\t\t\t\t\t<p>MI\u0160A MAREK \u2013 When Souls Meet Again, 2021<\/p>\t\t\t\t\t\t\t\t<\/div>\n\t\t\t\t<\/div>\n\t\t\t\t<div class=\"elementor-element elementor-element-857a39f elementor-widget elementor-widget-text-editor\" data-id=\"857a39f\" data-element_type=\"widget\" data-e-type=\"widget\" data-widget_type=\"text-editor.default\">\n\t\t\t\t<div class=\"elementor-widget-container\">\n\t\t\t\t\t\t\t\t\t<p>Audio installation, 3&#8242; 18&#8243;<\/p>\t\t\t\t\t\t\t\t<\/div>\n\t\t\t\t<\/div>\n\t\t\t\t<div class=\"elementor-element elementor-element-51d0b03b elementor-absolute elementor-widget__width-initial elementor-widget elementor-widget-text-editor\" data-id=\"51d0b03b\" data-element_type=\"widget\" data-e-type=\"widget\" data-settings=\"{&quot;_position&quot;:&quot;absolute&quot;}\" data-widget_type=\"text-editor.default\">\n\t\t\t\t<div class=\"elementor-widget-container\">\n\t\t\t\t\t\t\t\t\t<p>\u00a9 Weisses Kreuz<\/p><p>THE SOAP ROOM<br \/>Innstrasse 23<br \/>6020 Innsbruck<br \/>Austria<\/p><p><a href=\"http:\/\/www.thesoaproom.com\">www.thesoaproom.com<\/a><br \/>info@thesoaproom.com<\/p>\t\t\t\t\t\t\t\t<\/div>\n\t\t\t\t<\/div>\n\t\t\t\t<div class=\"elementor-element elementor-element-5a8093be elementor-widget elementor-widget-image\" data-id=\"5a8093be\" data-element_type=\"widget\" data-e-type=\"widget\" data-widget_type=\"image.default\">\n\t\t\t\t<div class=\"elementor-widget-container\">\n\t\t\t\t\t\t\t\t\t\t\t\t\t\t\t<img fetchpriority=\"high\" decoding=\"async\" width=\"750\" height=\"838\" src=\"https:\/\/premierentage.at\/2021\/wp-content\/uploads\/2021\/10\/750px-Misa-Marek_When-Souls-meet-again_@-Weisses-Kreuz.jpg\" class=\"attachment-full size-full wp-image-1839\" alt=\"\" srcset=\"https:\/\/premierentage.at\/2021\/wp-content\/uploads\/2021\/10\/750px-Misa-Marek_When-Souls-meet-again_@-Weisses-Kreuz.jpg 750w, https:\/\/premierentage.at\/2021\/wp-content\/uploads\/2021\/10\/750px-Misa-Marek_When-Souls-meet-again_@-Weisses-Kreuz-268x300.jpg 268w\" sizes=\"(max-width: 750px) 100vw, 750px\" \/>\t\t\t\t\t\t\t\t\t\t\t\t\t\t\t<\/div>\n\t\t\t\t<\/div>\n\t\t\t\t<div class=\"elementor-element elementor-element-1ee15584 elementor-widget elementor-widget-text-editor\" data-id=\"1ee15584\" data-element_type=\"widget\" data-e-type=\"widget\" data-widget_type=\"text-editor.default\">\n\t\t\t\t<div class=\"elementor-widget-container\">\n\t\t\t\t\t\t\t\t\t<p>D\u00a0\u00a0\u00a0\u00a0 <span style=\"color: #000000;\">Altstadthotel Weisses Kreuz, Herzog-Friedrich-Stra\u00dfe 31, 6020 Innsbruck<\/span><br \/><span style=\"text-decoration: underline;\">Treffpunkt<\/span>: Bar Blaue Brigitte, 6. Stock<br \/>Einlass alle 10 Minuten<\/p><p>Die K\u00fcnstlerin Mi\u0161a Marek gibt in ihren Arbeiten Erinnerungen, Emotionen und Sehns\u00fcchten Raum. Sie tut dies durch sinnliche Rekonstruktionen von Beziehungen, k\u00f6rperlichen Erfahrungen oder r\u00e4umlichen Gegebenheiten.<br \/>In der zwischen zwei Spiegeln eingebetteten Audioinstallation When Souls Meet Again besingt eine Stimme jenen Moment zweier Seelen, in dem sie im n\u00e4chsten Leben wieder aufeinandertreffen m\u00f6chten, da sie im jetzigen nicht zueinanderfinden k\u00f6nnen. When Souls Meet Again l\u00e4sst Emotionen von verpassten Momenten, von gro\u00dfer Liebe und Einsamkeit aufkommen.<br \/>(Dank an Altstadthotel Weisses Kreuz)<\/p>\t\t\t\t\t\t\t\t<\/div>\n\t\t\t\t<\/div>\n\t\t\t\t<div class=\"elementor-element elementor-element-21626cf9 elementor-widget elementor-widget-text-editor\" data-id=\"21626cf9\" data-element_type=\"widget\" data-e-type=\"widget\" data-widget_type=\"text-editor.default\">\n\t\t\t\t<div class=\"elementor-widget-container\">\n\t\t\t\t\t\t\t\t\t<p>E&nbsp;&nbsp;&nbsp;<span style=\"color: #000000;\">&nbsp; Altstadthotel Weisses Kreuz, Herzog-Friedrich-Stra\u00dfe 31, 6020 Innsbruck<\/span><br><span style=\"color: #000000;\"><span style=\"text-decoration: underline;\">Meeting point:<\/span> Blaue Brigitte bar, 6th floor<br>Admission every 10 minutes<br><\/span><\/p>\n<p><span style=\"color: #000000;\">In her work, the artist<\/span> Mi\u0161a Marek gives room to memories, emotions and longings. She does this through sensual reconstructions of relationships, physical experiences, or spatial settings. In the audio installation When Souls Meet Again, set between two mirrors, a voice sings about the moment of two souls in which they would like to meet again in the next life, not being able to come together in this one. When Souls Meet Again evokes emotions of lost moments, of great love and loneliness. <br>(thanks to Altstadthotel Weisses Kreuz)<\/p>\t\t\t\t\t\t\t\t<\/div>\n\t\t\t\t<\/div>\n\t\t\t\t\t<\/div>\n\t\t<\/div>\n\t\t\t\t\t<\/div>\n\t\t<\/section>\n\t\t\t\t<\/div>\n\t\t","protected":false},"excerpt":{"rendered":"<p>ZUR\u00dcCK THE SOAP ROOM FR 5. NOV 18.00\u201321.00 MI\u0160A MAREK \u2013 When Souls Meet Again, 2021 Audio installation, 3&#8242; 18&#8243; \u00a9 Weisses Kreuz THE SOAP ROOMInnstrasse 236020 InnsbruckAustria www.thesoaproom.cominfo@thesoaproom.com D\u00a0\u00a0\u00a0\u00a0 Altstadthotel Weisses Kreuz, Herzog-Friedrich-Stra\u00dfe 31, 6020 InnsbruckTreffpunkt: Bar Blaue Brigitte, 6. StockEinlass alle 10 Minuten Die K\u00fcnstlerin Mi\u0161a Marek gibt in ihren Arbeiten Erinnerungen, Emotionen [&hellip;]<\/p>\n","protected":false},"author":1,"featured_media":0,"parent":0,"menu_order":0,"comment_status":"closed","ping_status":"closed","template":"elementor_header_footer","meta":{"footnotes":""},"class_list":["post-1843","page","type-page","status-publish","hentry"],"_links":{"self":[{"href":"https:\/\/premierentage.at\/2021\/wp-json\/wp\/v2\/pages\/1843","targetHints":{"allow":["GET"]}}],"collection":[{"href":"https:\/\/premierentage.at\/2021\/wp-json\/wp\/v2\/pages"}],"about":[{"href":"https:\/\/premierentage.at\/2021\/wp-json\/wp\/v2\/types\/page"}],"author":[{"embeddable":true,"href":"https:\/\/premierentage.at\/2021\/wp-json\/wp\/v2\/users\/1"}],"replies":[{"embeddable":true,"href":"https:\/\/premierentage.at\/2021\/wp-json\/wp\/v2\/comments?post=1843"}],"version-history":[{"count":40,"href":"https:\/\/premierentage.at\/2021\/wp-json\/wp\/v2\/pages\/1843\/revisions"}],"predecessor-version":[{"id":5814,"href":"https:\/\/premierentage.at\/2021\/wp-json\/wp\/v2\/pages\/1843\/revisions\/5814"}],"wp:attachment":[{"href":"https:\/\/premierentage.at\/2021\/wp-json\/wp\/v2\/media?parent=1843"}],"curies":[{"name":"wp","href":"https:\/\/api.w.org\/{rel}","templated":true}]}}