{"id":1856,"date":"2021-10-06T10:31:21","date_gmt":"2021-10-06T10:31:21","guid":{"rendered":"https:\/\/premierentage.at\/2021\/?page_id=1856"},"modified":"2021-10-20T20:26:43","modified_gmt":"2021-10-20T20:26:43","slug":"artdepot","status":"publish","type":"page","link":"https:\/\/premierentage.at\/2021\/artdepot\/","title":{"rendered":"artdepot"},"content":{"rendered":"\t\t<div data-elementor-type=\"wp-page\" data-elementor-id=\"1856\" class=\"elementor elementor-1856\">\n\t\t\t\t\t\t<section class=\"elementor-section elementor-top-section elementor-element elementor-element-1320d38a elementor-section-boxed elementor-section-height-default elementor-section-height-default\" data-id=\"1320d38a\" data-element_type=\"section\" data-e-type=\"section\" data-settings=\"{&quot;background_background&quot;:&quot;classic&quot;}\">\n\t\t\t\t\t\t<div class=\"elementor-container elementor-column-gap-default\">\n\t\t\t\t\t<div class=\"elementor-column elementor-col-100 elementor-top-column elementor-element elementor-element-16cee0df\" data-id=\"16cee0df\" data-element_type=\"column\" data-e-type=\"column\">\n\t\t\t<div class=\"elementor-widget-wrap elementor-element-populated\">\n\t\t\t\t\t\t<div class=\"elementor-element elementor-element-717d83d3 graulink elementor-widget elementor-widget-text-editor\" data-id=\"717d83d3\" data-element_type=\"widget\" data-e-type=\"widget\" id=\"btn-back\" data-widget_type=\"text-editor.default\">\n\t\t\t\t<div class=\"elementor-widget-container\">\n\t\t\t\t\t\t\t\t\t<span style=\"color: #000000;\"><a href=\"javascript:history.back()\">ZUR\u00dcCK<\/a><\/span>\t\t\t\t\t\t\t\t<\/div>\n\t\t\t\t<\/div>\n\t\t\t\t<div class=\"elementor-element elementor-element-51d0b03b elementor-absolute elementor-widget__width-initial elementor-widget elementor-widget-text-editor\" data-id=\"51d0b03b\" data-element_type=\"widget\" data-e-type=\"widget\" data-settings=\"{&quot;_position&quot;:&quot;absolute&quot;}\" data-widget_type=\"text-editor.default\">\n\t\t\t\t<div class=\"elementor-widget-container\">\n\t\t\t\t\t\t\t\t\t<p>artdepot gallery<br \/>Riesengasse 8<br \/>6020 Innsbruck<\/p><p>T +43 650 553 1985<br \/>www.artdepot.co.at<\/p><p>Montag geschlossen<br \/>Di\u2013Fr 11:00 \u2013 18:00<br \/>Samstag 10:00 \u2013 13:00<br \/>Sonntag geschlossen<br \/>\u00a0<\/p>\t\t\t\t\t\t\t\t<\/div>\n\t\t\t\t<\/div>\n\t\t\t\t<div class=\"elementor-element elementor-element-5a8093be elementor-widget elementor-widget-image\" data-id=\"5a8093be\" data-element_type=\"widget\" data-e-type=\"widget\" data-widget_type=\"image.default\">\n\t\t\t\t<div class=\"elementor-widget-container\">\n\t\t\t\t\t\t\t\t\t\t\t\t\t\t\t<img fetchpriority=\"high\" decoding=\"async\" width=\"600\" height=\"450\" src=\"https:\/\/premierentage.at\/2021\/wp-content\/uploads\/2021\/10\/img-1680-600x.jpg\" class=\"attachment-full size-full wp-image-2775\" alt=\"\" srcset=\"https:\/\/premierentage.at\/2021\/wp-content\/uploads\/2021\/10\/img-1680-600x.jpg 600w, https:\/\/premierentage.at\/2021\/wp-content\/uploads\/2021\/10\/img-1680-600x-300x225.jpg 300w\" sizes=\"(max-width: 600px) 100vw, 600px\" \/>\t\t\t\t\t\t\t\t\t\t\t\t\t\t\t<\/div>\n\t\t\t\t<\/div>\n\t\t\t\t<div class=\"elementor-element elementor-element-1ee15584 elementor-widget elementor-widget-text-editor\" data-id=\"1ee15584\" data-element_type=\"widget\" data-e-type=\"widget\" data-widget_type=\"text-editor.default\">\n\t\t\t\t<div class=\"elementor-widget-container\">\n\t\t\t\t\t\t\t\t\t<p>D\u00a0\u00a0\u00a0\u00a0\u00a0 artdepot gallery wurde im Jahr 2008 gegr\u00fcndet. Sie steht f\u00fcr die Verbindung von Kunst und Kultur. Ein wesentliches Anliegen ist die Auseinandersetzung mit Kunst der Gegenwart. Daher ist artdepot gallery auch Diskussionsraum mit dem Ziel, das Verst\u00e4ndnis f\u00fcr neue experimentelle Kunst zu f\u00f6rdern. <\/p>\t\t\t\t\t\t\t\t<\/div>\n\t\t\t\t<\/div>\n\t\t\t\t<div class=\"elementor-element elementor-element-a9a5c25 elementor-widget elementor-widget-text-editor\" data-id=\"a9a5c25\" data-element_type=\"widget\" data-e-type=\"widget\" data-widget_type=\"text-editor.default\">\n\t\t\t\t<div class=\"elementor-widget-container\">\n\t\t\t\t\t\t\t\t\t<p>E\u00a0\u00a0\u00a0\u00a0 artdepot gallery was founded in 2008 as a center of communications for art and culture. With a focus of contemporary art, the gallery enables artists to realize any of their concepts, ideas, and modes of expression and declares itself as an experimental space to realize multifaceted social programs. <\/p>\t\t\t\t\t\t\t\t<\/div>\n\t\t\t\t<\/div>\n\t\t\t\t\t<\/div>\n\t\t<\/div>\n\t\t\t\t\t<\/div>\n\t\t<\/section>\n\t\t\t\t<\/div>\n\t\t","protected":false},"excerpt":{"rendered":"<p>ZUR\u00dcCK artdepot galleryRiesengasse 86020 Innsbruck T +43 650 553 1985www.artdepot.co.at Montag geschlossenDi\u2013Fr 11:00 \u2013 18:00Samstag 10:00 \u2013 13:00Sonntag geschlossen\u00a0 D\u00a0\u00a0\u00a0\u00a0\u00a0 artdepot gallery wurde im Jahr 2008 gegr\u00fcndet. Sie steht f\u00fcr die Verbindung von Kunst und Kultur. Ein wesentliches Anliegen ist die Auseinandersetzung mit Kunst der Gegenwart. Daher ist artdepot gallery auch Diskussionsraum mit dem Ziel, [&hellip;]<\/p>\n","protected":false},"author":1,"featured_media":0,"parent":0,"menu_order":0,"comment_status":"closed","ping_status":"closed","template":"elementor_header_footer","meta":{"footnotes":""},"class_list":["post-1856","page","type-page","status-publish","hentry"],"_links":{"self":[{"href":"https:\/\/premierentage.at\/2021\/wp-json\/wp\/v2\/pages\/1856","targetHints":{"allow":["GET"]}}],"collection":[{"href":"https:\/\/premierentage.at\/2021\/wp-json\/wp\/v2\/pages"}],"about":[{"href":"https:\/\/premierentage.at\/2021\/wp-json\/wp\/v2\/types\/page"}],"author":[{"embeddable":true,"href":"https:\/\/premierentage.at\/2021\/wp-json\/wp\/v2\/users\/1"}],"replies":[{"embeddable":true,"href":"https:\/\/premierentage.at\/2021\/wp-json\/wp\/v2\/comments?post=1856"}],"version-history":[{"count":58,"href":"https:\/\/premierentage.at\/2021\/wp-json\/wp\/v2\/pages\/1856\/revisions"}],"predecessor-version":[{"id":5241,"href":"https:\/\/premierentage.at\/2021\/wp-json\/wp\/v2\/pages\/1856\/revisions\/5241"}],"wp:attachment":[{"href":"https:\/\/premierentage.at\/2021\/wp-json\/wp\/v2\/media?parent=1856"}],"curies":[{"name":"wp","href":"https:\/\/api.w.org\/{rel}","templated":true}]}}