{"id":1862,"date":"2021-10-06T10:32:47","date_gmt":"2021-10-06T10:32:47","guid":{"rendered":"https:\/\/premierentage.at\/2021\/?page_id=1862"},"modified":"2021-10-20T19:53:07","modified_gmt":"2021-10-20T19:53:07","slug":"bilding","status":"publish","type":"page","link":"https:\/\/premierentage.at\/2021\/bilding\/","title":{"rendered":"bilding"},"content":{"rendered":"\t\t<div data-elementor-type=\"wp-page\" data-elementor-id=\"1862\" class=\"elementor elementor-1862\">\n\t\t\t\t\t\t<section class=\"elementor-section elementor-top-section elementor-element elementor-element-1320d38a elementor-section-boxed elementor-section-height-default elementor-section-height-default\" data-id=\"1320d38a\" data-element_type=\"section\" data-e-type=\"section\" data-settings=\"{&quot;background_background&quot;:&quot;classic&quot;}\">\n\t\t\t\t\t\t<div class=\"elementor-container elementor-column-gap-default\">\n\t\t\t\t\t<div class=\"elementor-column elementor-col-100 elementor-top-column elementor-element elementor-element-16cee0df\" data-id=\"16cee0df\" data-element_type=\"column\" data-e-type=\"column\">\n\t\t\t<div class=\"elementor-widget-wrap elementor-element-populated\">\n\t\t\t\t\t\t<div class=\"elementor-element elementor-element-717d83d3 graulink elementor-widget elementor-widget-text-editor\" data-id=\"717d83d3\" data-element_type=\"widget\" data-e-type=\"widget\" id=\"btn-back\" data-widget_type=\"text-editor.default\">\n\t\t\t\t<div class=\"elementor-widget-container\">\n\t\t\t\t\t\t\t\t\t<span style=\"color: #000000;\"><a href=\"javascript:history.back()\">ZUR\u00dcCK<\/a><\/span>\t\t\t\t\t\t\t\t<\/div>\n\t\t\t\t<\/div>\n\t\t\t\t<div class=\"elementor-element elementor-element-51d0b03b elementor-absolute elementor-widget__width-initial elementor-widget elementor-widget-text-editor\" data-id=\"51d0b03b\" data-element_type=\"widget\" data-e-type=\"widget\" data-settings=\"{&quot;_position&quot;:&quot;absolute&quot;}\" data-widget_type=\"text-editor.default\">\n\t\t\t\t<div class=\"elementor-widget-container\">\n\t\t\t\t\t\t\t\t\t<p>bilding. Kunst- und Architekturwerkstatt <br \/>f\u00fcr Kinder und Jugendliche<br \/>Amraser Stra\u00dfe 5a<br \/>6020 Innsbruck<\/p><p>T +43 699 12847939<br \/>www.bilding.at<\/p>\t\t\t\t\t\t\t\t<\/div>\n\t\t\t\t<\/div>\n\t\t\t\t<div class=\"elementor-element elementor-element-5a8093be elementor-widget elementor-widget-image\" data-id=\"5a8093be\" data-element_type=\"widget\" data-e-type=\"widget\" data-widget_type=\"image.default\">\n\t\t\t\t<div class=\"elementor-widget-container\">\n\t\t\t\t\t\t\t\t\t\t\t\t\t\t\t<img fetchpriority=\"high\" decoding=\"async\" width=\"600\" height=\"400\" src=\"https:\/\/premierentage.at\/2021\/wp-content\/uploads\/2021\/10\/bilding-wett-600x.jpg\" class=\"attachment-full size-full wp-image-2759\" alt=\"\" srcset=\"https:\/\/premierentage.at\/2021\/wp-content\/uploads\/2021\/10\/bilding-wett-600x.jpg 600w, https:\/\/premierentage.at\/2021\/wp-content\/uploads\/2021\/10\/bilding-wett-600x-300x200.jpg 300w\" sizes=\"(max-width: 600px) 100vw, 600px\" \/>\t\t\t\t\t\t\t\t\t\t\t\t\t\t\t<\/div>\n\t\t\t\t<\/div>\n\t\t\t\t<div class=\"elementor-element elementor-element-1ee15584 elementor-widget elementor-widget-text-editor\" data-id=\"1ee15584\" data-element_type=\"widget\" data-e-type=\"widget\" data-widget_type=\"text-editor.default\">\n\t\t\t\t<div class=\"elementor-widget-container\">\n\t\t\t\t\t\t\t\t\t<p>D\u00a0\u00a0\u00a0\u00a0\u00a0 bilding ist ein kreativer Freiraum f\u00fcr Kinder und Jugendliche von 4 bis 19 Jahren, welche in den Sparten Malerei, Bildhauerei, Architektur, Grafik-Design, Film und Neue Medien von K\u00fcnstlerInnen und<br \/>ArchitektInnen unterst\u00fctzt werden, ihre kreativen Interessen, F\u00e4higkeiten und Talente zu entdecken und weiterzuentwickeln. <\/p>\t\t\t\t\t\t\t\t<\/div>\n\t\t\t\t<\/div>\n\t\t\t\t<div class=\"elementor-element elementor-element-a9a5c25 elementor-widget elementor-widget-text-editor\" data-id=\"a9a5c25\" data-element_type=\"widget\" data-e-type=\"widget\" data-widget_type=\"text-editor.default\">\n\t\t\t\t<div class=\"elementor-widget-container\">\n\t\t\t\t\t\t\t\t\t<p>E\u00a0\u00a0\u00a0\u00a0 bilding is a creative space for children an young people aged 4 to 19 years, where they are supported and encouraged by artists and architects to discover and develop their creative interests, abilities and talents in the fields of painting, sculpture, architecture, graphic design, film and new media.<\/p>\t\t\t\t\t\t\t\t<\/div>\n\t\t\t\t<\/div>\n\t\t\t\t\t<\/div>\n\t\t<\/div>\n\t\t\t\t\t<\/div>\n\t\t<\/section>\n\t\t\t\t<\/div>\n\t\t","protected":false},"excerpt":{"rendered":"<p>ZUR\u00dcCK bilding. Kunst- und Architekturwerkstatt f\u00fcr Kinder und JugendlicheAmraser Stra\u00dfe 5a6020 Innsbruck T +43 699 12847939www.bilding.at D\u00a0\u00a0\u00a0\u00a0\u00a0 bilding ist ein kreativer Freiraum f\u00fcr Kinder und Jugendliche von 4 bis 19 Jahren, welche in den Sparten Malerei, Bildhauerei, Architektur, Grafik-Design, Film und Neue Medien von K\u00fcnstlerInnen undArchitektInnen unterst\u00fctzt werden, ihre kreativen Interessen, F\u00e4higkeiten und Talente zu [&hellip;]<\/p>\n","protected":false},"author":1,"featured_media":0,"parent":0,"menu_order":0,"comment_status":"closed","ping_status":"closed","template":"elementor_header_footer","meta":{"footnotes":""},"class_list":["post-1862","page","type-page","status-publish","hentry"],"_links":{"self":[{"href":"https:\/\/premierentage.at\/2021\/wp-json\/wp\/v2\/pages\/1862","targetHints":{"allow":["GET"]}}],"collection":[{"href":"https:\/\/premierentage.at\/2021\/wp-json\/wp\/v2\/pages"}],"about":[{"href":"https:\/\/premierentage.at\/2021\/wp-json\/wp\/v2\/types\/page"}],"author":[{"embeddable":true,"href":"https:\/\/premierentage.at\/2021\/wp-json\/wp\/v2\/users\/1"}],"replies":[{"embeddable":true,"href":"https:\/\/premierentage.at\/2021\/wp-json\/wp\/v2\/comments?post=1862"}],"version-history":[{"count":67,"href":"https:\/\/premierentage.at\/2021\/wp-json\/wp\/v2\/pages\/1862\/revisions"}],"predecessor-version":[{"id":5115,"href":"https:\/\/premierentage.at\/2021\/wp-json\/wp\/v2\/pages\/1862\/revisions\/5115"}],"wp:attachment":[{"href":"https:\/\/premierentage.at\/2021\/wp-json\/wp\/v2\/media?parent=1862"}],"curies":[{"name":"wp","href":"https:\/\/api.w.org\/{rel}","templated":true}]}}