{"id":1874,"date":"2021-10-06T10:35:00","date_gmt":"2021-10-06T10:35:00","guid":{"rendered":"https:\/\/premierentage.at\/2021\/?page_id=1874"},"modified":"2021-10-29T09:39:46","modified_gmt":"2021-10-29T09:39:46","slug":"galerie-a4","status":"publish","type":"page","link":"https:\/\/premierentage.at\/2021\/galerie-a4\/","title":{"rendered":"Galerie A4"},"content":{"rendered":"\t\t<div data-elementor-type=\"wp-page\" data-elementor-id=\"1874\" class=\"elementor elementor-1874\">\n\t\t\t\t\t\t<section class=\"elementor-section elementor-top-section elementor-element elementor-element-1320d38a elementor-section-height-full elementor-section-items-top elementor-section-boxed elementor-section-height-default\" data-id=\"1320d38a\" data-element_type=\"section\" data-e-type=\"section\" data-settings=\"{&quot;background_background&quot;:&quot;classic&quot;}\">\n\t\t\t\t\t\t<div class=\"elementor-container elementor-column-gap-default\">\n\t\t\t\t\t<div class=\"elementor-column elementor-col-100 elementor-top-column elementor-element elementor-element-16cee0df\" data-id=\"16cee0df\" data-element_type=\"column\" data-e-type=\"column\">\n\t\t\t<div class=\"elementor-widget-wrap elementor-element-populated\">\n\t\t\t\t\t\t<div class=\"elementor-element elementor-element-717d83d3 graulink elementor-widget elementor-widget-text-editor\" data-id=\"717d83d3\" data-element_type=\"widget\" data-e-type=\"widget\" id=\"btn-back\" data-widget_type=\"text-editor.default\">\n\t\t\t\t<div class=\"elementor-widget-container\">\n\t\t\t\t\t\t\t\t\t<span style=\"color: #000000;\"><a href=\"javascript:history.back()\">ZUR\u00dcCK<\/a><\/span>\t\t\t\t\t\t\t\t<\/div>\n\t\t\t\t<\/div>\n\t\t\t\t<div class=\"elementor-element elementor-element-51d0b03b elementor-absolute elementor-widget elementor-widget-text-editor\" data-id=\"51d0b03b\" data-element_type=\"widget\" data-e-type=\"widget\" data-settings=\"{&quot;_position&quot;:&quot;absolute&quot;}\" data-widget_type=\"text-editor.default\">\n\t\t\t\t<div class=\"elementor-widget-container\">\n\t\t\t\t\t\t\t\t\t<p>\u00a9 Bild: Tina Kult<br \/>\u00a9 Sound: Lale Rodgarkia-Dara<\/p><p>Galerie A4 &amp; Garage Span<br \/>Angerzellgasse 4<br \/>6020 Innsbruck<\/p><p><a href=\"https:\/\/mode.garagespan.at\/\">www.mode.garagespan.at<\/a><\/p><p>Di, Mi, Do 15:00 \u2013 19:00<\/p>\t\t\t\t\t\t\t\t<\/div>\n\t\t\t\t<\/div>\n\t\t\t\t<div class=\"elementor-element elementor-element-5a8093be elementor-widget elementor-widget-image\" data-id=\"5a8093be\" data-element_type=\"widget\" data-e-type=\"widget\" data-widget_type=\"image.default\">\n\t\t\t\t<div class=\"elementor-widget-container\">\n\t\t\t\t\t\t\t\t\t\t\t\t\t\t\t<img fetchpriority=\"high\" decoding=\"async\" width=\"600\" height=\"450\" src=\"https:\/\/premierentage.at\/2021\/wp-content\/uploads\/2021\/10\/foto-galeriea4-garage-span-querformat-img-2339-600x.jpg\" class=\"attachment-full size-full wp-image-2232\" alt=\"\" srcset=\"https:\/\/premierentage.at\/2021\/wp-content\/uploads\/2021\/10\/foto-galeriea4-garage-span-querformat-img-2339-600x.jpg 600w, https:\/\/premierentage.at\/2021\/wp-content\/uploads\/2021\/10\/foto-galeriea4-garage-span-querformat-img-2339-600x-300x225.jpg 300w\" sizes=\"(max-width: 600px) 100vw, 600px\" \/>\t\t\t\t\t\t\t\t\t\t\t\t\t\t\t<\/div>\n\t\t\t\t<\/div>\n\t\t\t\t<div class=\"elementor-element elementor-element-1ee15584 elementor-widget elementor-widget-text-editor\" data-id=\"1ee15584\" data-element_type=\"widget\" data-e-type=\"widget\" data-widget_type=\"text-editor.default\">\n\t\t\t\t<div class=\"elementor-widget-container\">\n\t\t\t\t\t\t\t\t\t<p>D\u00a0\u00a0\u00a0\u00a0\u00a0A4 ist eine Privatgalerie, die seit 2001 spezielle Positionen der zeitgen\u00f6ssischen Kunst, insbesondere von jungen K\u00fcnstlerInnen zeigt. Da kommerzielle Interessen der Galerie sekund\u00e4r sind ergeben sich f\u00fcr die Ausf\u00fchrenden experimentelle M\u00f6glichkeiten.\u00a0Garage Span steht f\u00fcr Label, Atelier und Showroom der Designerin Hermine Span. Plakative Siebbdrucke und das Spiel mit Logos geh\u00f6ren zu den Markenzeichen von Garage Span genauso wie ihre inszenierten Modeperformances, die meist an ungew\u00f6hnlichen Orten stattfinden, wie z.B. am Hauptbahnhof, im Tiroler Landesmuseum, im Taxispalais oder im MAK.<br \/>Kontakt Herminator@garagespan.at<\/p>\t\t\t\t\t\t\t\t<\/div>\n\t\t\t\t<\/div>\n\t\t\t\t<div class=\"elementor-element elementor-element-a9a5c25 elementor-widget elementor-widget-text-editor\" data-id=\"a9a5c25\" data-element_type=\"widget\" data-e-type=\"widget\" data-widget_type=\"text-editor.default\">\n\t\t\t\t<div class=\"elementor-widget-container\">\n\t\t\t\t\t\t\t\t\t<p>E&nbsp;&nbsp;&nbsp;&nbsp; A4 is a private gallery that since 2001 shows special positions of contemporary art, especially of young artists.As commercial interests of the gallery are secondary, experimental possibilities arise for the performers.&nbsp;Garage Span stands for label, studio and showroom of the designer Hermine Span.&nbsp;Iconic screen prints and logos are just as much a hallmark of Garage Span as their staged fashion performances, most of them in unusual locations such at the central station, in the Tiroler Landesmuseum, in the taxi palace or in the MAK.<\/p>\t\t\t\t\t\t\t\t<\/div>\n\t\t\t\t<\/div>\n\t\t\t\t\t<\/div>\n\t\t<\/div>\n\t\t\t\t\t<\/div>\n\t\t<\/section>\n\t\t\t\t<\/div>\n\t\t","protected":false},"excerpt":{"rendered":"<p>ZUR\u00dcCK \u00a9 Bild: Tina Kult\u00a9 Sound: Lale Rodgarkia-Dara Galerie A4 &amp; Garage SpanAngerzellgasse 46020 Innsbruck www.mode.garagespan.at Di, Mi, Do 15:00 \u2013 19:00 D\u00a0\u00a0\u00a0\u00a0\u00a0A4 ist eine Privatgalerie, die seit 2001 spezielle Positionen der zeitgen\u00f6ssischen Kunst, insbesondere von jungen K\u00fcnstlerInnen zeigt. Da kommerzielle Interessen der Galerie sekund\u00e4r sind ergeben sich f\u00fcr die Ausf\u00fchrenden experimentelle M\u00f6glichkeiten.\u00a0Garage Span steht [&hellip;]<\/p>\n","protected":false},"author":1,"featured_media":0,"parent":0,"menu_order":0,"comment_status":"closed","ping_status":"closed","template":"elementor_header_footer","meta":{"footnotes":""},"class_list":["post-1874","page","type-page","status-publish","hentry"],"_links":{"self":[{"href":"https:\/\/premierentage.at\/2021\/wp-json\/wp\/v2\/pages\/1874","targetHints":{"allow":["GET"]}}],"collection":[{"href":"https:\/\/premierentage.at\/2021\/wp-json\/wp\/v2\/pages"}],"about":[{"href":"https:\/\/premierentage.at\/2021\/wp-json\/wp\/v2\/types\/page"}],"author":[{"embeddable":true,"href":"https:\/\/premierentage.at\/2021\/wp-json\/wp\/v2\/users\/1"}],"replies":[{"embeddable":true,"href":"https:\/\/premierentage.at\/2021\/wp-json\/wp\/v2\/comments?post=1874"}],"version-history":[{"count":41,"href":"https:\/\/premierentage.at\/2021\/wp-json\/wp\/v2\/pages\/1874\/revisions"}],"predecessor-version":[{"id":5808,"href":"https:\/\/premierentage.at\/2021\/wp-json\/wp\/v2\/pages\/1874\/revisions\/5808"}],"wp:attachment":[{"href":"https:\/\/premierentage.at\/2021\/wp-json\/wp\/v2\/media?parent=1874"}],"curies":[{"name":"wp","href":"https:\/\/api.w.org\/{rel}","templated":true}]}}