{"id":1876,"date":"2021-10-06T10:35:18","date_gmt":"2021-10-06T10:35:18","guid":{"rendered":"https:\/\/premierentage.at\/2021\/?page_id=1876"},"modified":"2021-10-20T20:43:14","modified_gmt":"2021-10-20T20:43:14","slug":"galerie-der-stadt-schwaz","status":"publish","type":"page","link":"https:\/\/premierentage.at\/2021\/galerie-der-stadt-schwaz\/","title":{"rendered":"Galerie der Stadt Schwaz"},"content":{"rendered":"\t\t<div data-elementor-type=\"wp-page\" data-elementor-id=\"1876\" class=\"elementor elementor-1876\">\n\t\t\t\t\t\t<section class=\"elementor-section elementor-top-section elementor-element elementor-element-1320d38a elementor-section-boxed elementor-section-height-default elementor-section-height-default\" data-id=\"1320d38a\" data-element_type=\"section\" data-e-type=\"section\" data-settings=\"{&quot;background_background&quot;:&quot;classic&quot;}\">\n\t\t\t\t\t\t<div class=\"elementor-container elementor-column-gap-default\">\n\t\t\t\t\t<div class=\"elementor-column elementor-col-100 elementor-top-column elementor-element elementor-element-16cee0df\" data-id=\"16cee0df\" data-element_type=\"column\" data-e-type=\"column\">\n\t\t\t<div class=\"elementor-widget-wrap elementor-element-populated\">\n\t\t\t\t\t\t<div class=\"elementor-element elementor-element-717d83d3 graulink elementor-widget elementor-widget-text-editor\" data-id=\"717d83d3\" data-element_type=\"widget\" data-e-type=\"widget\" id=\"btn-back\" data-widget_type=\"text-editor.default\">\n\t\t\t\t<div class=\"elementor-widget-container\">\n\t\t\t\t\t\t\t\t\t<span style=\"color: #000000;\"><a href=\"javascript:history.back()\">ZUR\u00dcCK<\/a><\/span>\t\t\t\t\t\t\t\t<\/div>\n\t\t\t\t<\/div>\n\t\t\t\t<div class=\"elementor-element elementor-element-51d0b03b elementor-absolute elementor-widget__width-initial elementor-widget elementor-widget-text-editor\" data-id=\"51d0b03b\" data-element_type=\"widget\" data-e-type=\"widget\" data-settings=\"{&quot;_position&quot;:&quot;absolute&quot;}\" data-widget_type=\"text-editor.default\">\n\t\t\t\t<div class=\"elementor-widget-container\">\n\t\t\t\t\t\t\t\t\t<p>Galerie der Stadt Schwaz<br \/>Franz-Josef-Stra\u00dfe 27<br \/>6130 Schwaz<\/p><p>T +43 (0) 5242 739 83<br \/>www.stadtgalerieschwaz.at<\/p><p>MI, DO, FR 12:00 \u2013 18:00<br \/>Samstag 10:00 \u2013 15:00<br \/>SO\u2013DI geschlossen<\/p><p>\u00a0<\/p>\t\t\t\t\t\t\t\t<\/div>\n\t\t\t\t<\/div>\n\t\t\t\t<div class=\"elementor-element elementor-element-5a8093be elementor-widget elementor-widget-image\" data-id=\"5a8093be\" data-element_type=\"widget\" data-e-type=\"widget\" data-widget_type=\"image.default\">\n\t\t\t\t<div class=\"elementor-widget-container\">\n\t\t\t\t\t\t\t\t\t\t\t\t\t\t\t<img fetchpriority=\"high\" decoding=\"async\" width=\"600\" height=\"400\" src=\"https:\/\/premierentage.at\/2021\/wp-content\/uploads\/2021\/10\/ansicht-galerie-der-stadt-schwaz-600x.jpg\" class=\"attachment-full size-full wp-image-2236\" alt=\"\" srcset=\"https:\/\/premierentage.at\/2021\/wp-content\/uploads\/2021\/10\/ansicht-galerie-der-stadt-schwaz-600x.jpg 600w, https:\/\/premierentage.at\/2021\/wp-content\/uploads\/2021\/10\/ansicht-galerie-der-stadt-schwaz-600x-300x200.jpg 300w\" sizes=\"(max-width: 600px) 100vw, 600px\" \/>\t\t\t\t\t\t\t\t\t\t\t\t\t\t\t<\/div>\n\t\t\t\t<\/div>\n\t\t\t\t<div class=\"elementor-element elementor-element-1ee15584 elementor-widget elementor-widget-text-editor\" data-id=\"1ee15584\" data-element_type=\"widget\" data-e-type=\"widget\" data-widget_type=\"text-editor.default\">\n\t\t\t\t<div class=\"elementor-widget-container\">\n\t\t\t\t\t\t\t\t\t<p>D\u00a0\u00a0\u00a0\u00a0\u00a0Die Stadtgalerie Schwaz ist ein engagiertes Ausstellungsforum f\u00fcr zeitgen\u00f6ssische Kunst. Die Institution besteht seit 1994 und ist im historischen Stadtpalais Enzenberg situiert. Gezeigt werden f\u00fcnf Ausstellungen pro Jahr, kombiniert mit einem reichhaltigen Vermittlungsprogramm. Die R\u00e4umlichkeiten liegen im ersten Stock und sind nur \u00fcber Stiegen erreichbar.<\/p>\t\t\t\t\t\t\t\t<\/div>\n\t\t\t\t<\/div>\n\t\t\t\t<div class=\"elementor-element elementor-element-a9a5c25 elementor-widget elementor-widget-text-editor\" data-id=\"a9a5c25\" data-element_type=\"widget\" data-e-type=\"widget\" data-widget_type=\"text-editor.default\">\n\t\t\t\t<div class=\"elementor-widget-container\">\n\t\t\t\t\t\t\t\t\t<p>E\u00a0\u00a0\u00a0\u00a0 The Gallery of the City of Schwaz is an exhibition forum dedicated to contemporary art. The institution exists since 1994 and is situated in the historic Palais Enzenberg. It shows five exhibitions a year, accompanied by a rich educational program. The rooms are located on the first floor and can only be reached via staircases.<\/p>\t\t\t\t\t\t\t\t<\/div>\n\t\t\t\t<\/div>\n\t\t\t\t\t<\/div>\n\t\t<\/div>\n\t\t\t\t\t<\/div>\n\t\t<\/section>\n\t\t\t\t<\/div>\n\t\t","protected":false},"excerpt":{"rendered":"<p>ZUR\u00dcCK Galerie der Stadt SchwazFranz-Josef-Stra\u00dfe 276130 Schwaz T +43 (0) 5242 739 83www.stadtgalerieschwaz.at MI, DO, FR 12:00 \u2013 18:00Samstag 10:00 \u2013 15:00SO\u2013DI geschlossen \u00a0 D\u00a0\u00a0\u00a0\u00a0\u00a0Die Stadtgalerie Schwaz ist ein engagiertes Ausstellungsforum f\u00fcr zeitgen\u00f6ssische Kunst. Die Institution besteht seit 1994 und ist im historischen Stadtpalais Enzenberg situiert. Gezeigt werden f\u00fcnf Ausstellungen pro Jahr, kombiniert mit einem [&hellip;]<\/p>\n","protected":false},"author":1,"featured_media":0,"parent":0,"menu_order":0,"comment_status":"closed","ping_status":"closed","template":"elementor_header_footer","meta":{"footnotes":""},"class_list":["post-1876","page","type-page","status-publish","hentry"],"_links":{"self":[{"href":"https:\/\/premierentage.at\/2021\/wp-json\/wp\/v2\/pages\/1876","targetHints":{"allow":["GET"]}}],"collection":[{"href":"https:\/\/premierentage.at\/2021\/wp-json\/wp\/v2\/pages"}],"about":[{"href":"https:\/\/premierentage.at\/2021\/wp-json\/wp\/v2\/types\/page"}],"author":[{"embeddable":true,"href":"https:\/\/premierentage.at\/2021\/wp-json\/wp\/v2\/users\/1"}],"replies":[{"embeddable":true,"href":"https:\/\/premierentage.at\/2021\/wp-json\/wp\/v2\/comments?post=1876"}],"version-history":[{"count":40,"href":"https:\/\/premierentage.at\/2021\/wp-json\/wp\/v2\/pages\/1876\/revisions"}],"predecessor-version":[{"id":5318,"href":"https:\/\/premierentage.at\/2021\/wp-json\/wp\/v2\/pages\/1876\/revisions\/5318"}],"wp:attachment":[{"href":"https:\/\/premierentage.at\/2021\/wp-json\/wp\/v2\/media?parent=1876"}],"curies":[{"name":"wp","href":"https:\/\/api.w.org\/{rel}","templated":true}]}}