{"id":1878,"date":"2021-10-06T10:35:32","date_gmt":"2021-10-06T10:35:32","guid":{"rendered":"https:\/\/premierentage.at\/2021\/?page_id=1878"},"modified":"2021-10-20T20:29:47","modified_gmt":"2021-10-20T20:29:47","slug":"galerie-nothburga","status":"publish","type":"page","link":"https:\/\/premierentage.at\/2021\/galerie-nothburga\/","title":{"rendered":"Galerie Nothburga"},"content":{"rendered":"\t\t<div data-elementor-type=\"wp-page\" data-elementor-id=\"1878\" class=\"elementor elementor-1878\">\n\t\t\t\t\t\t<section class=\"elementor-section elementor-top-section elementor-element elementor-element-1320d38a elementor-section-boxed elementor-section-height-default elementor-section-height-default\" data-id=\"1320d38a\" data-element_type=\"section\" data-e-type=\"section\" data-settings=\"{&quot;background_background&quot;:&quot;classic&quot;}\">\n\t\t\t\t\t\t<div class=\"elementor-container elementor-column-gap-default\">\n\t\t\t\t\t<div class=\"elementor-column elementor-col-100 elementor-top-column elementor-element elementor-element-16cee0df\" data-id=\"16cee0df\" data-element_type=\"column\" data-e-type=\"column\">\n\t\t\t<div class=\"elementor-widget-wrap elementor-element-populated\">\n\t\t\t\t\t\t<div class=\"elementor-element elementor-element-717d83d3 graulink elementor-widget elementor-widget-text-editor\" data-id=\"717d83d3\" data-element_type=\"widget\" data-e-type=\"widget\" id=\"btn-back\" data-widget_type=\"text-editor.default\">\n\t\t\t\t<div class=\"elementor-widget-container\">\n\t\t\t\t\t\t\t\t\t<span style=\"color: #000000;\"><a href=\"javascript:history.back()\">ZUR\u00dcCK<\/a><\/span>\t\t\t\t\t\t\t\t<\/div>\n\t\t\t\t<\/div>\n\t\t\t\t<div class=\"elementor-element elementor-element-51d0b03b elementor-absolute elementor-widget__width-initial elementor-widget elementor-widget-text-editor\" data-id=\"51d0b03b\" data-element_type=\"widget\" data-e-type=\"widget\" data-settings=\"{&quot;_position&quot;:&quot;absolute&quot;}\" data-widget_type=\"text-editor.default\">\n\t\t\t\t<div class=\"elementor-widget-container\">\n\t\t\t\t\t\t\t\t\t<p>Galerie Nothburga<br \/>Innrain 41<br \/>6020 Innsbruck<\/p><p>T +43 512 563761<br \/>www.galerienothburga.at<\/p><p>Mi \u2013 Fr 16:00 \u2013 19:00<br \/>Samstag 11:00 \u2013 13:00<br \/>So\u2013Di geschlossen<\/p>\t\t\t\t\t\t\t\t<\/div>\n\t\t\t\t<\/div>\n\t\t\t\t<div class=\"elementor-element elementor-element-5a8093be elementor-widget elementor-widget-image\" data-id=\"5a8093be\" data-element_type=\"widget\" data-e-type=\"widget\" data-widget_type=\"image.default\">\n\t\t\t\t<div class=\"elementor-widget-container\">\n\t\t\t\t\t\t\t\t\t\t\t\t\t\t\t<img fetchpriority=\"high\" decoding=\"async\" width=\"600\" height=\"442\" src=\"https:\/\/premierentage.at\/2021\/wp-content\/uploads\/2021\/10\/galerie-nothburgateam-hell-kopie-600x.jpg\" class=\"attachment-full size-full wp-image-2240\" alt=\"\" srcset=\"https:\/\/premierentage.at\/2021\/wp-content\/uploads\/2021\/10\/galerie-nothburgateam-hell-kopie-600x.jpg 600w, https:\/\/premierentage.at\/2021\/wp-content\/uploads\/2021\/10\/galerie-nothburgateam-hell-kopie-600x-300x221.jpg 300w\" sizes=\"(max-width: 600px) 100vw, 600px\" \/>\t\t\t\t\t\t\t\t\t\t\t\t\t\t\t<\/div>\n\t\t\t\t<\/div>\n\t\t\t\t<div class=\"elementor-element elementor-element-1ee15584 elementor-widget elementor-widget-text-editor\" data-id=\"1ee15584\" data-element_type=\"widget\" data-e-type=\"widget\" data-widget_type=\"text-editor.default\">\n\t\t\t\t<div class=\"elementor-widget-container\">\n\t\t\t\t\t\t\t\t\t<p>D\u00a0\u00a0\u00a0\u00a0\u00a0 1979 gr\u00fcndete A. Rangger im Ansitz Albersheim die \u00bbYnnsprugger Werkstatt\u00ab und diese wurde unter Prof. Elfriede Gerber ab 1995 zur Galerie Nothburga. Ein Team von K\u00fcnstlern und Kunstenthusiasten verbindet etablierte und unbekannte, junge und \u00e4ltere K\u00fcnstler mit Schwerpunkt aus dem alpinen Raum. Mit K\u00fcnstlern aus der ganzen Welt wird ein spannendes Programm erstellt.<\/p>\t\t\t\t\t\t\t\t<\/div>\n\t\t\t\t<\/div>\n\t\t\t\t<div class=\"elementor-element elementor-element-a9a5c25 elementor-widget elementor-widget-text-editor\" data-id=\"a9a5c25\" data-element_type=\"widget\" data-e-type=\"widget\" data-widget_type=\"text-editor.default\">\n\t\t\t\t<div class=\"elementor-widget-container\">\n\t\t\t\t\t\t\t\t\t<p>E\u00a0\u00a0\u00a0\u00a0 In 1979 A. Rangger founded the \u00bbYnnsprugger Werkstatt\u00ab in the Albersheim residence, which becam e under Prof. Elfriede Gerber the Nothburga Gallery in 1995. A team of artists and art enthusiasts connects established and unknown, young and older artists with a focus on the alpine region. An exciting program will be created with artists from all over the world.<\/p>\t\t\t\t\t\t\t\t<\/div>\n\t\t\t\t<\/div>\n\t\t\t\t\t<\/div>\n\t\t<\/div>\n\t\t\t\t\t<\/div>\n\t\t<\/section>\n\t\t\t\t<\/div>\n\t\t","protected":false},"excerpt":{"rendered":"<p>ZUR\u00dcCK Galerie NothburgaInnrain 416020 Innsbruck T +43 512 563761www.galerienothburga.at Mi \u2013 Fr 16:00 \u2013 19:00Samstag 11:00 \u2013 13:00So\u2013Di geschlossen D\u00a0\u00a0\u00a0\u00a0\u00a0 1979 gr\u00fcndete A. Rangger im Ansitz Albersheim die \u00bbYnnsprugger Werkstatt\u00ab und diese wurde unter Prof. Elfriede Gerber ab 1995 zur Galerie Nothburga. Ein Team von K\u00fcnstlern und Kunstenthusiasten verbindet etablierte und unbekannte, junge und \u00e4ltere [&hellip;]<\/p>\n","protected":false},"author":1,"featured_media":0,"parent":0,"menu_order":0,"comment_status":"closed","ping_status":"closed","template":"elementor_header_footer","meta":{"footnotes":""},"class_list":["post-1878","page","type-page","status-publish","hentry"],"_links":{"self":[{"href":"https:\/\/premierentage.at\/2021\/wp-json\/wp\/v2\/pages\/1878","targetHints":{"allow":["GET"]}}],"collection":[{"href":"https:\/\/premierentage.at\/2021\/wp-json\/wp\/v2\/pages"}],"about":[{"href":"https:\/\/premierentage.at\/2021\/wp-json\/wp\/v2\/types\/page"}],"author":[{"embeddable":true,"href":"https:\/\/premierentage.at\/2021\/wp-json\/wp\/v2\/users\/1"}],"replies":[{"embeddable":true,"href":"https:\/\/premierentage.at\/2021\/wp-json\/wp\/v2\/comments?post=1878"}],"version-history":[{"count":37,"href":"https:\/\/premierentage.at\/2021\/wp-json\/wp\/v2\/pages\/1878\/revisions"}],"predecessor-version":[{"id":5256,"href":"https:\/\/premierentage.at\/2021\/wp-json\/wp\/v2\/pages\/1878\/revisions\/5256"}],"wp:attachment":[{"href":"https:\/\/premierentage.at\/2021\/wp-json\/wp\/v2\/media?parent=1878"}],"curies":[{"name":"wp","href":"https:\/\/api.w.org\/{rel}","templated":true}]}}