{"id":1880,"date":"2021-10-06T10:35:47","date_gmt":"2021-10-06T10:35:47","guid":{"rendered":"https:\/\/premierentage.at\/2021\/?page_id=1880"},"modified":"2021-10-20T20:27:13","modified_gmt":"2021-10-20T20:27:13","slug":"galerie-rhomberg","status":"publish","type":"page","link":"https:\/\/premierentage.at\/2021\/galerie-rhomberg\/","title":{"rendered":"Galerie Rhomberg"},"content":{"rendered":"\t\t<div data-elementor-type=\"wp-page\" data-elementor-id=\"1880\" class=\"elementor elementor-1880\">\n\t\t\t\t\t\t<section class=\"elementor-section elementor-top-section elementor-element elementor-element-1320d38a elementor-section-height-full elementor-section-items-top elementor-section-boxed elementor-section-height-default\" data-id=\"1320d38a\" data-element_type=\"section\" data-e-type=\"section\" data-settings=\"{&quot;background_background&quot;:&quot;classic&quot;}\">\n\t\t\t\t\t\t<div class=\"elementor-container elementor-column-gap-default\">\n\t\t\t\t\t<div class=\"elementor-column elementor-col-100 elementor-top-column elementor-element elementor-element-16cee0df\" data-id=\"16cee0df\" data-element_type=\"column\" data-e-type=\"column\">\n\t\t\t<div class=\"elementor-widget-wrap elementor-element-populated\">\n\t\t\t\t\t\t<div class=\"elementor-element elementor-element-717d83d3 graulink elementor-widget elementor-widget-text-editor\" data-id=\"717d83d3\" data-element_type=\"widget\" data-e-type=\"widget\" id=\"btn-back\" data-widget_type=\"text-editor.default\">\n\t\t\t\t<div class=\"elementor-widget-container\">\n\t\t\t\t\t\t\t\t\t<span style=\"color: #000000;\"><a href=\"javascript:history.back()\">ZUR\u00dcCK<\/a><\/span>\t\t\t\t\t\t\t\t<\/div>\n\t\t\t\t<\/div>\n\t\t\t\t<div class=\"elementor-element elementor-element-5a8093be elementor-widget elementor-widget-image\" data-id=\"5a8093be\" data-element_type=\"widget\" data-e-type=\"widget\" data-widget_type=\"image.default\">\n\t\t\t\t<div class=\"elementor-widget-container\">\n\t\t\t\t\t\t\t\t\t\t\t\t\t\t\t<img fetchpriority=\"high\" decoding=\"async\" width=\"600\" height=\"451\" src=\"https:\/\/premierentage.at\/2021\/wp-content\/uploads\/2021\/10\/csm-rhomberg-c9f232dd1f243c63b88b376cdb01fa42-684bb14cd8-600x.jpg\" class=\"attachment-full size-full wp-image-2657\" alt=\"\" srcset=\"https:\/\/premierentage.at\/2021\/wp-content\/uploads\/2021\/10\/csm-rhomberg-c9f232dd1f243c63b88b376cdb01fa42-684bb14cd8-600x.jpg 600w, https:\/\/premierentage.at\/2021\/wp-content\/uploads\/2021\/10\/csm-rhomberg-c9f232dd1f243c63b88b376cdb01fa42-684bb14cd8-600x-300x226.jpg 300w\" sizes=\"(max-width: 600px) 100vw, 600px\" \/>\t\t\t\t\t\t\t\t\t\t\t\t\t\t\t<\/div>\n\t\t\t\t<\/div>\n\t\t\t\t<div class=\"elementor-element elementor-element-51d0b03b elementor-absolute elementor-widget__width-initial elementor-widget elementor-widget-text-editor\" data-id=\"51d0b03b\" data-element_type=\"widget\" data-e-type=\"widget\" data-settings=\"{&quot;_position&quot;:&quot;absolute&quot;}\" data-widget_type=\"text-editor.default\">\n\t\t\t\t<div class=\"elementor-widget-container\">\n\t\t\t\t\t\t\t\t\t<p>Galerie Rhomberg<br \/>Templstra\u00dfe 2-4<br \/>6020 Innsbruck<\/p><p>T +43 512 5880800<br \/><a href=\"http:\/\/www.galerie-rhomberg.at\">www.galerie-rhomberg.at<\/a><\/p><p>Mo\u2013Fr 09:30 \u2013 18:00<br \/>Samstag 09:30 \u2013 12:30<br \/>Sonntag geschlossen<br \/>\u00a0<\/p>\t\t\t\t\t\t\t\t<\/div>\n\t\t\t\t<\/div>\n\t\t\t\t<div class=\"elementor-element elementor-element-1ee15584 elementor-widget elementor-widget-text-editor\" data-id=\"1ee15584\" data-element_type=\"widget\" data-e-type=\"widget\" data-widget_type=\"text-editor.default\">\n\t\t\t\t<div class=\"elementor-widget-container\">\n\t\t\t\t\t\t\t\t\t<p>D\u00a0\u00a0\u00a0\u00a0\u00a0 Die Innsbrucker Galerie f\u00fcr moderne und zeitgen\u00f6ssische Kunst zeigt nationale und internationale K\u00fcnstlerInnen aus allen Sparten. Zu finden sind hier Werke von Andy Warhol, Victor Vasarely, Le Corbusier, Hermann Nitsch, Clemens Kaletsch, Christine P\u00f6schl, Herbert Brandl oder Peter Kogler.<\/p>\t\t\t\t\t\t\t\t<\/div>\n\t\t\t\t<\/div>\n\t\t\t\t<div class=\"elementor-element elementor-element-a9a5c25 elementor-widget elementor-widget-text-editor\" data-id=\"a9a5c25\" data-element_type=\"widget\" data-e-type=\"widget\" data-widget_type=\"text-editor.default\">\n\t\t\t\t<div class=\"elementor-widget-container\">\n\t\t\t\t\t\t\t\t\t<p>E\u00a0\u00a0\u00a0\u00a0 The in Innsbruck stationed Gallery for Modern and Contemporary Art shows national and international artists from all disciplines. You can find works by Andy Warhol, Victor Vasarely, Le Corbusier, Hermann Nitsch, Clemens Kaletsch, Christine P\u00f6schl, Herbert Brandl or Peter Kogler.<\/p>\t\t\t\t\t\t\t\t<\/div>\n\t\t\t\t<\/div>\n\t\t\t\t\t<\/div>\n\t\t<\/div>\n\t\t\t\t\t<\/div>\n\t\t<\/section>\n\t\t\t\t<\/div>\n\t\t","protected":false},"excerpt":{"rendered":"<p>ZUR\u00dcCK Galerie RhombergTemplstra\u00dfe 2-46020 Innsbruck T +43 512 5880800www.galerie-rhomberg.at Mo\u2013Fr 09:30 \u2013 18:00Samstag 09:30 \u2013 12:30Sonntag geschlossen\u00a0 D\u00a0\u00a0\u00a0\u00a0\u00a0 Die Innsbrucker Galerie f\u00fcr moderne und zeitgen\u00f6ssische Kunst zeigt nationale und internationale K\u00fcnstlerInnen aus allen Sparten. Zu finden sind hier Werke von Andy Warhol, Victor Vasarely, Le Corbusier, Hermann Nitsch, Clemens Kaletsch, Christine P\u00f6schl, Herbert Brandl oder [&hellip;]<\/p>\n","protected":false},"author":1,"featured_media":0,"parent":0,"menu_order":0,"comment_status":"closed","ping_status":"closed","template":"elementor_header_footer","meta":{"footnotes":""},"class_list":["post-1880","page","type-page","status-publish","hentry"],"_links":{"self":[{"href":"https:\/\/premierentage.at\/2021\/wp-json\/wp\/v2\/pages\/1880","targetHints":{"allow":["GET"]}}],"collection":[{"href":"https:\/\/premierentage.at\/2021\/wp-json\/wp\/v2\/pages"}],"about":[{"href":"https:\/\/premierentage.at\/2021\/wp-json\/wp\/v2\/types\/page"}],"author":[{"embeddable":true,"href":"https:\/\/premierentage.at\/2021\/wp-json\/wp\/v2\/users\/1"}],"replies":[{"embeddable":true,"href":"https:\/\/premierentage.at\/2021\/wp-json\/wp\/v2\/comments?post=1880"}],"version-history":[{"count":61,"href":"https:\/\/premierentage.at\/2021\/wp-json\/wp\/v2\/pages\/1880\/revisions"}],"predecessor-version":[{"id":5244,"href":"https:\/\/premierentage.at\/2021\/wp-json\/wp\/v2\/pages\/1880\/revisions\/5244"}],"wp:attachment":[{"href":"https:\/\/premierentage.at\/2021\/wp-json\/wp\/v2\/media?parent=1880"}],"curies":[{"name":"wp","href":"https:\/\/api.w.org\/{rel}","templated":true}]}}