{"id":1882,"date":"2021-10-06T10:36:39","date_gmt":"2021-10-06T10:36:39","guid":{"rendered":"https:\/\/premierentage.at\/2021\/?page_id=1882"},"modified":"2021-10-20T20:34:43","modified_gmt":"2021-10-20T20:34:43","slug":"galerie-thoman","status":"publish","type":"page","link":"https:\/\/premierentage.at\/2021\/galerie-thoman\/","title":{"rendered":"Galerie Thoman"},"content":{"rendered":"\t\t<div data-elementor-type=\"wp-page\" data-elementor-id=\"1882\" class=\"elementor elementor-1882\">\n\t\t\t\t\t\t<section class=\"elementor-section elementor-top-section elementor-element elementor-element-1320d38a elementor-section-boxed elementor-section-height-default elementor-section-height-default\" data-id=\"1320d38a\" data-element_type=\"section\" data-e-type=\"section\" data-settings=\"{&quot;background_background&quot;:&quot;classic&quot;}\">\n\t\t\t\t\t\t<div class=\"elementor-container elementor-column-gap-default\">\n\t\t\t\t\t<div class=\"elementor-column elementor-col-100 elementor-top-column elementor-element elementor-element-16cee0df\" data-id=\"16cee0df\" data-element_type=\"column\" data-e-type=\"column\">\n\t\t\t<div class=\"elementor-widget-wrap elementor-element-populated\">\n\t\t\t\t\t\t<div class=\"elementor-element elementor-element-717d83d3 graulink elementor-widget elementor-widget-text-editor\" data-id=\"717d83d3\" data-element_type=\"widget\" data-e-type=\"widget\" id=\"btn-back\" data-widget_type=\"text-editor.default\">\n\t\t\t\t<div class=\"elementor-widget-container\">\n\t\t\t\t\t\t\t\t\t<span style=\"color: #000000;\"><a href=\"javascript:history.back()\">ZUR\u00dcCK<\/a><\/span>\t\t\t\t\t\t\t\t<\/div>\n\t\t\t\t<\/div>\n\t\t\t\t<div class=\"elementor-element elementor-element-51d0b03b elementor-absolute elementor-widget__width-initial elementor-widget elementor-widget-text-editor\" data-id=\"51d0b03b\" data-element_type=\"widget\" data-e-type=\"widget\" data-settings=\"{&quot;_position&quot;:&quot;absolute&quot;}\" data-widget_type=\"text-editor.default\">\n\t\t\t\t<div class=\"elementor-widget-container\">\n\t\t\t\t\t\t\t\t\t<p>Galerie Elisabeth &amp; Klaus Thoman<br \/>Maria-Theresien-Stra\u00dfe 34<br \/>6020 Innsbruck<\/p><p>T +43 151 20 840<br \/>www.galeriethoman.com<\/p><p>Montag geschlossen<br \/>Di\u2013Fr\u00a0 12:00 \u2013 18:00<br \/>Samstag\u00a0 11:00 \u2013 16:00<\/p>\t\t\t\t\t\t\t\t<\/div>\n\t\t\t\t<\/div>\n\t\t\t\t<div class=\"elementor-element elementor-element-5a8093be elementor-widget elementor-widget-image\" data-id=\"5a8093be\" data-element_type=\"widget\" data-e-type=\"widget\" data-widget_type=\"image.default\">\n\t\t\t\t<div class=\"elementor-widget-container\">\n\t\t\t\t\t\t\t\t\t\t\t\t\t\t\t<img fetchpriority=\"high\" decoding=\"async\" width=\"600\" height=\"133\" src=\"https:\/\/premierentage.at\/2021\/wp-content\/uploads\/2021\/10\/2013-05-logo-innsbruck-wien-galerie-elisabeth-klaus-thoman-2-600x.png\" class=\"attachment-full size-full wp-image-2244\" alt=\"\" srcset=\"https:\/\/premierentage.at\/2021\/wp-content\/uploads\/2021\/10\/2013-05-logo-innsbruck-wien-galerie-elisabeth-klaus-thoman-2-600x.png 600w, https:\/\/premierentage.at\/2021\/wp-content\/uploads\/2021\/10\/2013-05-logo-innsbruck-wien-galerie-elisabeth-klaus-thoman-2-600x-300x67.png 300w\" sizes=\"(max-width: 600px) 100vw, 600px\" \/>\t\t\t\t\t\t\t\t\t\t\t\t\t\t\t<\/div>\n\t\t\t\t<\/div>\n\t\t\t\t<div class=\"elementor-element elementor-element-1ee15584 elementor-widget elementor-widget-text-editor\" data-id=\"1ee15584\" data-element_type=\"widget\" data-e-type=\"widget\" data-widget_type=\"text-editor.default\">\n\t\t\t\t<div class=\"elementor-widget-container\">\n\t\t\t\t\t\t\t\t\t<p>D\u00a0\u00a0\u00a0\u00a0\u00a0 Der Fokus unserer Galeriearbeit liegt auf der Vertretung einiger der wohl wichtigsten zeitgen\u00f6ssischen internationalen K\u00fcnstlerInnen aus \u00d6sterreich wie Gunter Damisch, Bruno Gironcoli, Hermann Nitsch, Walter Pichler, Arnulf Rainer, Franz West u.a. \u2028Markante internationale Positionen, die in einem kulturellen Kontext stehen, wie John M Armleder, G\u00fcnther F\u00f6rg, J\u00fcrgen Klauke, Tal R erg\u00e4nzen unser Profil. \u2028Die j\u00fcngere Generation ist durch Herbert Brandl, Carmen Brucic, Thomas Feuerstein, Michael Kienzer, Florin Kompatscher, u.a. vertreten.<\/p>\t\t\t\t\t\t\t\t<\/div>\n\t\t\t\t<\/div>\n\t\t\t\t<div class=\"elementor-element elementor-element-a9a5c25 elementor-widget elementor-widget-text-editor\" data-id=\"a9a5c25\" data-element_type=\"widget\" data-e-type=\"widget\" data-widget_type=\"text-editor.default\">\n\t\t\t\t<div class=\"elementor-widget-container\">\n\t\t\t\t\t\t\t\t\t<p>E&nbsp;&nbsp;&nbsp;&nbsp; We are representing probably some of the most important, internationally renowned contemporary artists from Austria such as Gunter Damisch, Bruno Gironcoli, Hermann Nitsch, Walter Pichler, Arnulf Rainer, and Franz West.&nbsp;Significant international positions, always taken in a cultural context, such as John M Armleder, G\u00fcnther F\u00f6rg, J\u00fcrgen Klauke, Tal R, complement our profile.&nbsp;The younger generation of artists is represented by Herbert Brandl, Carmen Brucic, Thomas Feuerstein, Michael Kienzer, or Florin Kompatscher.<\/p>\t\t\t\t\t\t\t\t<\/div>\n\t\t\t\t<\/div>\n\t\t\t\t\t<\/div>\n\t\t<\/div>\n\t\t\t\t\t<\/div>\n\t\t<\/section>\n\t\t\t\t<\/div>\n\t\t","protected":false},"excerpt":{"rendered":"<p>ZUR\u00dcCK Galerie Elisabeth &amp; Klaus ThomanMaria-Theresien-Stra\u00dfe 346020 Innsbruck T +43 151 20 840www.galeriethoman.com Montag geschlossenDi\u2013Fr\u00a0 12:00 \u2013 18:00Samstag\u00a0 11:00 \u2013 16:00 D\u00a0\u00a0\u00a0\u00a0\u00a0 Der Fokus unserer Galeriearbeit liegt auf der Vertretung einiger der wohl wichtigsten zeitgen\u00f6ssischen internationalen K\u00fcnstlerInnen aus \u00d6sterreich wie Gunter Damisch, Bruno Gironcoli, Hermann Nitsch, Walter Pichler, Arnulf Rainer, Franz West u.a. \u2028Markante internationale [&hellip;]<\/p>\n","protected":false},"author":1,"featured_media":0,"parent":0,"menu_order":0,"comment_status":"closed","ping_status":"closed","template":"elementor_header_footer","meta":{"footnotes":""},"class_list":["post-1882","page","type-page","status-publish","hentry"],"_links":{"self":[{"href":"https:\/\/premierentage.at\/2021\/wp-json\/wp\/v2\/pages\/1882","targetHints":{"allow":["GET"]}}],"collection":[{"href":"https:\/\/premierentage.at\/2021\/wp-json\/wp\/v2\/pages"}],"about":[{"href":"https:\/\/premierentage.at\/2021\/wp-json\/wp\/v2\/types\/page"}],"author":[{"embeddable":true,"href":"https:\/\/premierentage.at\/2021\/wp-json\/wp\/v2\/users\/1"}],"replies":[{"embeddable":true,"href":"https:\/\/premierentage.at\/2021\/wp-json\/wp\/v2\/comments?post=1882"}],"version-history":[{"count":37,"href":"https:\/\/premierentage.at\/2021\/wp-json\/wp\/v2\/pages\/1882\/revisions"}],"predecessor-version":[{"id":5278,"href":"https:\/\/premierentage.at\/2021\/wp-json\/wp\/v2\/pages\/1882\/revisions\/5278"}],"wp:attachment":[{"href":"https:\/\/premierentage.at\/2021\/wp-json\/wp\/v2\/media?parent=1882"}],"curies":[{"name":"wp","href":"https:\/\/api.w.org\/{rel}","templated":true}]}}