{"id":1884,"date":"2021-10-06T10:36:58","date_gmt":"2021-10-06T10:36:58","guid":{"rendered":"https:\/\/premierentage.at\/2021\/?page_id=1884"},"modified":"2021-10-20T20:47:13","modified_gmt":"2021-10-20T20:47:13","slug":"im-vektor","status":"publish","type":"page","link":"https:\/\/premierentage.at\/2021\/im-vektor\/","title":{"rendered":"im Vektor"},"content":{"rendered":"\t\t<div data-elementor-type=\"wp-page\" data-elementor-id=\"1884\" class=\"elementor elementor-1884\">\n\t\t\t\t\t\t<section class=\"elementor-section elementor-top-section elementor-element elementor-element-1320d38a elementor-section-boxed elementor-section-height-default elementor-section-height-default\" data-id=\"1320d38a\" data-element_type=\"section\" data-e-type=\"section\" data-settings=\"{&quot;background_background&quot;:&quot;classic&quot;}\">\n\t\t\t\t\t\t<div class=\"elementor-container elementor-column-gap-default\">\n\t\t\t\t\t<div class=\"elementor-column elementor-col-100 elementor-top-column elementor-element elementor-element-16cee0df\" data-id=\"16cee0df\" data-element_type=\"column\" data-e-type=\"column\">\n\t\t\t<div class=\"elementor-widget-wrap elementor-element-populated\">\n\t\t\t\t\t\t<div class=\"elementor-element elementor-element-717d83d3 graulink elementor-widget elementor-widget-text-editor\" data-id=\"717d83d3\" data-element_type=\"widget\" data-e-type=\"widget\" id=\"btn-back\" data-widget_type=\"text-editor.default\">\n\t\t\t\t<div class=\"elementor-widget-container\">\n\t\t\t\t\t\t\t\t\t<span style=\"color: #000000;\"><a href=\"javascript:history.back()\">ZUR\u00dcCK<\/a><\/span>\t\t\t\t\t\t\t\t<\/div>\n\t\t\t\t<\/div>\n\t\t\t\t<div class=\"elementor-element elementor-element-51d0b03b elementor-absolute elementor-widget__width-initial elementor-widget elementor-widget-text-editor\" data-id=\"51d0b03b\" data-element_type=\"widget\" data-e-type=\"widget\" data-settings=\"{&quot;_position&quot;:&quot;absolute&quot;}\" data-widget_type=\"text-editor.default\">\n\t\t\t\t<div class=\"elementor-widget-container\">\n\t\t\t\t\t\t\t\t\t<p>IM VEKTOR \u2013 <br \/>Die zeitgen\u00f6ssischen Ausstellungsr\u00e4ume<br \/>Burg Hasegg 6<br \/>6060 Hall in Tirol<\/p><p>www.im-vektor.com<br \/>Telefon: +43 650 5524354<\/p><p>\u00d6ffnungszeiten: \u00a0<br \/>Mo\u2013So 10:00\u201317:00<br \/>Performance\u00a0<\/p>\t\t\t\t\t\t\t\t<\/div>\n\t\t\t\t<\/div>\n\t\t\t\t<div class=\"elementor-element elementor-element-5a8093be elementor-widget elementor-widget-image\" data-id=\"5a8093be\" data-element_type=\"widget\" data-e-type=\"widget\" data-widget_type=\"image.default\">\n\t\t\t\t<div class=\"elementor-widget-container\">\n\t\t\t\t\t\t\t\t\t\t\t\t\t\t\t<img fetchpriority=\"high\" decoding=\"async\" width=\"1140\" height=\"1500\" src=\"https:\/\/premierentage.at\/2021\/wp-content\/uploads\/2021\/10\/startseiten_bild_magazin.jpg\" class=\"attachment-full size-full wp-image-2248\" alt=\"\" srcset=\"https:\/\/premierentage.at\/2021\/wp-content\/uploads\/2021\/10\/startseiten_bild_magazin.jpg 1140w, https:\/\/premierentage.at\/2021\/wp-content\/uploads\/2021\/10\/startseiten_bild_magazin-228x300.jpg 228w, https:\/\/premierentage.at\/2021\/wp-content\/uploads\/2021\/10\/startseiten_bild_magazin-778x1024.jpg 778w, https:\/\/premierentage.at\/2021\/wp-content\/uploads\/2021\/10\/startseiten_bild_magazin-768x1011.jpg 768w\" sizes=\"(max-width: 1140px) 100vw, 1140px\" \/>\t\t\t\t\t\t\t\t\t\t\t\t\t\t\t<\/div>\n\t\t\t\t<\/div>\n\t\t\t\t\t<\/div>\n\t\t<\/div>\n\t\t\t\t\t<\/div>\n\t\t<\/section>\n\t\t\t\t<\/div>\n\t\t","protected":false},"excerpt":{"rendered":"<p>ZUR\u00dcCK IM VEKTOR \u2013 Die zeitgen\u00f6ssischen Ausstellungsr\u00e4umeBurg Hasegg 66060 Hall in Tirol www.im-vektor.comTelefon: +43 650 5524354 \u00d6ffnungszeiten: \u00a0Mo\u2013So 10:00\u201317:00Performance\u00a0<\/p>\n","protected":false},"author":1,"featured_media":0,"parent":0,"menu_order":0,"comment_status":"closed","ping_status":"closed","template":"elementor_header_footer","meta":{"footnotes":""},"class_list":["post-1884","page","type-page","status-publish","hentry"],"_links":{"self":[{"href":"https:\/\/premierentage.at\/2021\/wp-json\/wp\/v2\/pages\/1884","targetHints":{"allow":["GET"]}}],"collection":[{"href":"https:\/\/premierentage.at\/2021\/wp-json\/wp\/v2\/pages"}],"about":[{"href":"https:\/\/premierentage.at\/2021\/wp-json\/wp\/v2\/types\/page"}],"author":[{"embeddable":true,"href":"https:\/\/premierentage.at\/2021\/wp-json\/wp\/v2\/users\/1"}],"replies":[{"embeddable":true,"href":"https:\/\/premierentage.at\/2021\/wp-json\/wp\/v2\/comments?post=1884"}],"version-history":[{"count":34,"href":"https:\/\/premierentage.at\/2021\/wp-json\/wp\/v2\/pages\/1884\/revisions"}],"predecessor-version":[{"id":5336,"href":"https:\/\/premierentage.at\/2021\/wp-json\/wp\/v2\/pages\/1884\/revisions\/5336"}],"wp:attachment":[{"href":"https:\/\/premierentage.at\/2021\/wp-json\/wp\/v2\/media?parent=1884"}],"curies":[{"name":"wp","href":"https:\/\/api.w.org\/{rel}","templated":true}]}}