{"id":1888,"date":"2021-10-06T10:37:28","date_gmt":"2021-10-06T10:37:28","guid":{"rendered":"https:\/\/premierentage.at\/2021\/?page_id=1888"},"modified":"2021-10-20T20:21:29","modified_gmt":"2021-10-20T20:21:29","slug":"kunstpavillon","status":"publish","type":"page","link":"https:\/\/premierentage.at\/2021\/kunstpavillon\/","title":{"rendered":"Kunstpavillon"},"content":{"rendered":"\t\t<div data-elementor-type=\"wp-page\" data-elementor-id=\"1888\" class=\"elementor elementor-1888\">\n\t\t\t\t\t\t<section class=\"elementor-section elementor-top-section elementor-element elementor-element-1320d38a elementor-section-boxed elementor-section-height-default elementor-section-height-default\" data-id=\"1320d38a\" data-element_type=\"section\" data-e-type=\"section\" data-settings=\"{&quot;background_background&quot;:&quot;classic&quot;}\">\n\t\t\t\t\t\t<div class=\"elementor-container elementor-column-gap-default\">\n\t\t\t\t\t<div class=\"elementor-column elementor-col-100 elementor-top-column elementor-element elementor-element-16cee0df\" data-id=\"16cee0df\" data-element_type=\"column\" data-e-type=\"column\">\n\t\t\t<div class=\"elementor-widget-wrap elementor-element-populated\">\n\t\t\t\t\t\t<div class=\"elementor-element elementor-element-717d83d3 graulink elementor-widget elementor-widget-text-editor\" data-id=\"717d83d3\" data-element_type=\"widget\" data-e-type=\"widget\" id=\"btn-back\" data-widget_type=\"text-editor.default\">\n\t\t\t\t<div class=\"elementor-widget-container\">\n\t\t\t\t\t\t\t\t\t<span style=\"color: #000000;\"><a href=\"javascript:history.back()\">ZUR\u00dcCK<\/a><\/span>\t\t\t\t\t\t\t\t<\/div>\n\t\t\t\t<\/div>\n\t\t\t\t<div class=\"elementor-element elementor-element-51d0b03b elementor-absolute elementor-widget__width-initial elementor-widget elementor-widget-text-editor\" data-id=\"51d0b03b\" data-element_type=\"widget\" data-e-type=\"widget\" data-settings=\"{&quot;_position&quot;:&quot;absolute&quot;}\" data-widget_type=\"text-editor.default\">\n\t\t\t\t<div class=\"elementor-widget-container\">\n\t\t\t\t\t\t\t\t\t<p>Innsbrucker Hofgarten<br \/>Rennweg 8a<br \/>6020 Innsbruck<\/p><p>T +43 512 581133<br \/>www.kuenstlerschaft.at<\/p><p>\u00d6ffnungszeiten: <br \/>Mi\u2013 Fr 12.00 \u2013 18.00<br \/>Sa 11.00 \u2013 15.00 Uhr<\/p>\t\t\t\t\t\t\t\t<\/div>\n\t\t\t\t<\/div>\n\t\t\t\t<div class=\"elementor-element elementor-element-5a8093be elementor-widget elementor-widget-image\" data-id=\"5a8093be\" data-element_type=\"widget\" data-e-type=\"widget\" data-widget_type=\"image.default\">\n\t\t\t\t<div class=\"elementor-widget-container\">\n\t\t\t\t\t\t\t\t\t\t\t\t\t\t\t<img fetchpriority=\"high\" decoding=\"async\" width=\"600\" height=\"455\" src=\"https:\/\/premierentage.at\/2021\/wp-content\/uploads\/2021\/10\/1-kunstpavillon-600x.jpg\" class=\"attachment-full size-full wp-image-2256\" alt=\"\" srcset=\"https:\/\/premierentage.at\/2021\/wp-content\/uploads\/2021\/10\/1-kunstpavillon-600x.jpg 600w, https:\/\/premierentage.at\/2021\/wp-content\/uploads\/2021\/10\/1-kunstpavillon-600x-300x228.jpg 300w\" sizes=\"(max-width: 600px) 100vw, 600px\" \/>\t\t\t\t\t\t\t\t\t\t\t\t\t\t\t<\/div>\n\t\t\t\t<\/div>\n\t\t\t\t<div class=\"elementor-element elementor-element-1ee15584 elementor-widget elementor-widget-text-editor\" data-id=\"1ee15584\" data-element_type=\"widget\" data-e-type=\"widget\" data-widget_type=\"text-editor.default\">\n\t\t\t\t<div class=\"elementor-widget-container\">\n\t\t\t\t\t\t\t\t\t<p>D\u00a0\u00a0\u00a0\u00a0\u00a0 Die Tiroler K\u00fcnstler*schaft ist ein Forum f\u00fcr Kunst in Tirol. Sie bildet eine gemeinn\u00fctzige, politisch unabh\u00e4ngige Vereinigung bildender K\u00fcnstler_innen mit Sitz in Innsbruck. Der Kunstpavillon im \u201eKleinen Hofgarten&#8220; wurde 1842 als Sommerhaus des Landesgouverneurs erbaut und 1951 zur Oberlichtgalerie umgebaut und beherbergt neben dem Ausstellungsraum das Vereinsb\u00fcro und das Archiv.<\/p>\t\t\t\t\t\t\t\t<\/div>\n\t\t\t\t<\/div>\n\t\t\t\t<div class=\"elementor-element elementor-element-a9a5c25 elementor-widget elementor-widget-text-editor\" data-id=\"a9a5c25\" data-element_type=\"widget\" data-e-type=\"widget\" data-widget_type=\"text-editor.default\">\n\t\t\t\t<div class=\"elementor-widget-container\">\n\t\t\t\t\t\t\t\t\t<p>E\u00a0\u00a0\u00a0\u00a0 The Tiroler K\u00fcnstler*schaft is a forum for art in the Tyrol. It comprises a non-profit-making, politically independent association of fine artists based in Innsbruck. The Kunstpavillon in the &#8222;Kleiner Hofgarten&#8220; was constructed in 1842 as the summerhouse of the regional governor. In 1951 it was renovated into a classical gallery lit from above and houses an exhibition space, the association office and the archive.<\/p>\t\t\t\t\t\t\t\t<\/div>\n\t\t\t\t<\/div>\n\t\t\t\t\t<\/div>\n\t\t<\/div>\n\t\t\t\t\t<\/div>\n\t\t<\/section>\n\t\t\t\t<\/div>\n\t\t","protected":false},"excerpt":{"rendered":"<p>ZUR\u00dcCK Innsbrucker HofgartenRennweg 8a6020 Innsbruck T +43 512 581133www.kuenstlerschaft.at \u00d6ffnungszeiten: Mi\u2013 Fr 12.00 \u2013 18.00Sa 11.00 \u2013 15.00 Uhr D\u00a0\u00a0\u00a0\u00a0\u00a0 Die Tiroler K\u00fcnstler*schaft ist ein Forum f\u00fcr Kunst in Tirol. Sie bildet eine gemeinn\u00fctzige, politisch unabh\u00e4ngige Vereinigung bildender K\u00fcnstler_innen mit Sitz in Innsbruck. Der Kunstpavillon im \u201eKleinen Hofgarten&#8220; wurde 1842 als Sommerhaus des Landesgouverneurs erbaut [&hellip;]<\/p>\n","protected":false},"author":1,"featured_media":0,"parent":0,"menu_order":0,"comment_status":"closed","ping_status":"closed","template":"elementor_header_footer","meta":{"footnotes":""},"class_list":["post-1888","page","type-page","status-publish","hentry"],"_links":{"self":[{"href":"https:\/\/premierentage.at\/2021\/wp-json\/wp\/v2\/pages\/1888","targetHints":{"allow":["GET"]}}],"collection":[{"href":"https:\/\/premierentage.at\/2021\/wp-json\/wp\/v2\/pages"}],"about":[{"href":"https:\/\/premierentage.at\/2021\/wp-json\/wp\/v2\/types\/page"}],"author":[{"embeddable":true,"href":"https:\/\/premierentage.at\/2021\/wp-json\/wp\/v2\/users\/1"}],"replies":[{"embeddable":true,"href":"https:\/\/premierentage.at\/2021\/wp-json\/wp\/v2\/comments?post=1888"}],"version-history":[{"count":34,"href":"https:\/\/premierentage.at\/2021\/wp-json\/wp\/v2\/pages\/1888\/revisions"}],"predecessor-version":[{"id":5226,"href":"https:\/\/premierentage.at\/2021\/wp-json\/wp\/v2\/pages\/1888\/revisions\/5226"}],"wp:attachment":[{"href":"https:\/\/premierentage.at\/2021\/wp-json\/wp\/v2\/media?parent=1888"}],"curies":[{"name":"wp","href":"https:\/\/api.w.org\/{rel}","templated":true}]}}