{"id":1892,"date":"2021-10-06T10:38:01","date_gmt":"2021-10-06T10:38:01","guid":{"rendered":"https:\/\/premierentage.at\/2021\/?page_id=1892"},"modified":"2021-10-20T20:04:09","modified_gmt":"2021-10-20T20:04:09","slug":"neue-galerie","status":"publish","type":"page","link":"https:\/\/premierentage.at\/2021\/neue-galerie\/","title":{"rendered":"Neue Galerie"},"content":{"rendered":"\t\t<div data-elementor-type=\"wp-page\" data-elementor-id=\"1892\" class=\"elementor elementor-1892\">\n\t\t\t\t\t\t<section class=\"elementor-section elementor-top-section elementor-element elementor-element-1320d38a elementor-section-boxed elementor-section-height-default elementor-section-height-default\" data-id=\"1320d38a\" data-element_type=\"section\" data-e-type=\"section\" data-settings=\"{&quot;background_background&quot;:&quot;classic&quot;}\">\n\t\t\t\t\t\t<div class=\"elementor-container elementor-column-gap-default\">\n\t\t\t\t\t<div class=\"elementor-column elementor-col-100 elementor-top-column elementor-element elementor-element-16cee0df\" data-id=\"16cee0df\" data-element_type=\"column\" data-e-type=\"column\">\n\t\t\t<div class=\"elementor-widget-wrap elementor-element-populated\">\n\t\t\t\t\t\t<div class=\"elementor-element elementor-element-717d83d3 graulink elementor-widget elementor-widget-text-editor\" data-id=\"717d83d3\" data-element_type=\"widget\" data-e-type=\"widget\" id=\"btn-back\" data-widget_type=\"text-editor.default\">\n\t\t\t\t<div class=\"elementor-widget-container\">\n\t\t\t\t\t\t\t\t\t<span style=\"color: #000000;\"><a href=\"javascript:history.back()\">ZUR\u00dcCK<\/a><\/span>\t\t\t\t\t\t\t\t<\/div>\n\t\t\t\t<\/div>\n\t\t\t\t<div class=\"elementor-element elementor-element-51d0b03b elementor-absolute elementor-widget__width-initial elementor-widget elementor-widget-text-editor\" data-id=\"51d0b03b\" data-element_type=\"widget\" data-e-type=\"widget\" data-settings=\"{&quot;_position&quot;:&quot;absolute&quot;}\" data-widget_type=\"text-editor.default\">\n\t\t\t\t<div class=\"elementor-widget-container\">\n\t\t\t\t\t\t\t\t\t<p>Neue Galerie<br \/>Rennweg 1<br \/>6020 Innsbruck<\/p><p>T +43 512 57 81 54<br \/><a href=\"http:\/\/www.kuenstlerschaft.at\">www.kuenstlerschaft.at<\/a><\/p><p>Mi \u2013 Fr 11:00 \u2013 17:00<br \/>Samstag 11:00 \u2013 15:00<\/p>\t\t\t\t\t\t\t\t<\/div>\n\t\t\t\t<\/div>\n\t\t\t\t<div class=\"elementor-element elementor-element-5a8093be elementor-widget elementor-widget-image\" data-id=\"5a8093be\" data-element_type=\"widget\" data-e-type=\"widget\" data-widget_type=\"image.default\">\n\t\t\t\t<div class=\"elementor-widget-container\">\n\t\t\t\t\t\t\t\t\t\t\t\t\t\t\t<img fetchpriority=\"high\" decoding=\"async\" width=\"600\" height=\"459\" src=\"https:\/\/premierentage.at\/2021\/wp-content\/uploads\/2021\/10\/foto-1-neue-galerie-600x.jpg\" class=\"attachment-full size-full wp-image-2267\" alt=\"\" srcset=\"https:\/\/premierentage.at\/2021\/wp-content\/uploads\/2021\/10\/foto-1-neue-galerie-600x.jpg 600w, https:\/\/premierentage.at\/2021\/wp-content\/uploads\/2021\/10\/foto-1-neue-galerie-600x-300x230.jpg 300w\" sizes=\"(max-width: 600px) 100vw, 600px\" \/>\t\t\t\t\t\t\t\t\t\t\t\t\t\t\t<\/div>\n\t\t\t\t<\/div>\n\t\t\t\t<div class=\"elementor-element elementor-element-1ee15584 elementor-widget elementor-widget-text-editor\" data-id=\"1ee15584\" data-element_type=\"widget\" data-e-type=\"widget\" data-widget_type=\"text-editor.default\">\n\t\t\t\t<div class=\"elementor-widget-container\">\n\t\t\t\t\t\t\t\t\t<p>D\u00a0\u00a0\u00a0\u00a0\u00a0 Die Neue Galerie ist neben dem Kunstpavillon und dem K\u00fcnstlerhaus B\u00fcchsenhausen eine Location der K\u00fcnstler_innenvereinigung Tiroler K\u00fcnstler*schaft. Sie befindet sich im Erdgescho\u00df der Hofburg, am Eingang der Innsbrucker Altstadt. Die historischen Gew\u00f6lbe wurden Anfang 2011 generalsaniert.<\/p>\t\t\t\t\t\t\t\t<\/div>\n\t\t\t\t<\/div>\n\t\t\t\t<div class=\"elementor-element elementor-element-a9a5c25 elementor-widget elementor-widget-text-editor\" data-id=\"a9a5c25\" data-element_type=\"widget\" data-e-type=\"widget\" data-widget_type=\"text-editor.default\">\n\t\t\t\t<div class=\"elementor-widget-container\">\n\t\t\t\t\t\t\t\t\t<p>E\u00a0\u00a0\u00a0 \u00a0 The Neue Galerie is next to the Kunstpavillon and the K\u00fcnstlerhaus B\u00fcchsenhausen a location of the artists association Tiroler K\u00fcnstler*schaft. She is located on the ground floor of the Hofburg, at the entry to Innsbruck&#8217;s old city centre. The historic arches have been general overhauled at the beginning of 2011.<\/p>\t\t\t\t\t\t\t\t<\/div>\n\t\t\t\t<\/div>\n\t\t\t\t\t<\/div>\n\t\t<\/div>\n\t\t\t\t\t<\/div>\n\t\t<\/section>\n\t\t\t\t<\/div>\n\t\t","protected":false},"excerpt":{"rendered":"<p>ZUR\u00dcCK Neue GalerieRennweg 16020 Innsbruck T +43 512 57 81 54www.kuenstlerschaft.at Mi \u2013 Fr 11:00 \u2013 17:00Samstag 11:00 \u2013 15:00 D\u00a0\u00a0\u00a0\u00a0\u00a0 Die Neue Galerie ist neben dem Kunstpavillon und dem K\u00fcnstlerhaus B\u00fcchsenhausen eine Location der K\u00fcnstler_innenvereinigung Tiroler K\u00fcnstler*schaft. Sie befindet sich im Erdgescho\u00df der Hofburg, am Eingang der Innsbrucker Altstadt. Die historischen Gew\u00f6lbe wurden Anfang [&hellip;]<\/p>\n","protected":false},"author":1,"featured_media":0,"parent":0,"menu_order":0,"comment_status":"closed","ping_status":"closed","template":"elementor_header_footer","meta":{"footnotes":""},"class_list":["post-1892","page","type-page","status-publish","hentry"],"_links":{"self":[{"href":"https:\/\/premierentage.at\/2021\/wp-json\/wp\/v2\/pages\/1892","targetHints":{"allow":["GET"]}}],"collection":[{"href":"https:\/\/premierentage.at\/2021\/wp-json\/wp\/v2\/pages"}],"about":[{"href":"https:\/\/premierentage.at\/2021\/wp-json\/wp\/v2\/types\/page"}],"author":[{"embeddable":true,"href":"https:\/\/premierentage.at\/2021\/wp-json\/wp\/v2\/users\/1"}],"replies":[{"embeddable":true,"href":"https:\/\/premierentage.at\/2021\/wp-json\/wp\/v2\/comments?post=1892"}],"version-history":[{"count":40,"href":"https:\/\/premierentage.at\/2021\/wp-json\/wp\/v2\/pages\/1892\/revisions"}],"predecessor-version":[{"id":5166,"href":"https:\/\/premierentage.at\/2021\/wp-json\/wp\/v2\/pages\/1892\/revisions\/5166"}],"wp:attachment":[{"href":"https:\/\/premierentage.at\/2021\/wp-json\/wp\/v2\/media?parent=1892"}],"curies":[{"name":"wp","href":"https:\/\/api.w.org\/{rel}","templated":true}]}}