{"id":1906,"date":"2021-10-06T10:40:43","date_gmt":"2021-10-06T10:40:43","guid":{"rendered":"https:\/\/premierentage.at\/2021\/?page_id=1906"},"modified":"2021-10-20T08:09:00","modified_gmt":"2021-10-20T08:09:00","slug":"weisraum","status":"publish","type":"page","link":"https:\/\/premierentage.at\/2021\/weisraum\/","title":{"rendered":"Weisraum"},"content":{"rendered":"\t\t<div data-elementor-type=\"wp-page\" data-elementor-id=\"1906\" class=\"elementor elementor-1906\">\n\t\t\t\t\t\t<section class=\"elementor-section elementor-top-section elementor-element elementor-element-1320d38a elementor-section-boxed elementor-section-height-default elementor-section-height-default\" data-id=\"1320d38a\" data-element_type=\"section\" data-e-type=\"section\" data-settings=\"{&quot;background_background&quot;:&quot;classic&quot;}\">\n\t\t\t\t\t\t<div class=\"elementor-container elementor-column-gap-default\">\n\t\t\t\t\t<div class=\"elementor-column elementor-col-100 elementor-top-column elementor-element elementor-element-16cee0df\" data-id=\"16cee0df\" data-element_type=\"column\" data-e-type=\"column\">\n\t\t\t<div class=\"elementor-widget-wrap elementor-element-populated\">\n\t\t\t\t\t\t<div class=\"elementor-element elementor-element-717d83d3 graulink elementor-widget elementor-widget-text-editor\" data-id=\"717d83d3\" data-element_type=\"widget\" data-e-type=\"widget\" id=\"btn-back\" data-widget_type=\"text-editor.default\">\n\t\t\t\t<div class=\"elementor-widget-container\">\n\t\t\t\t\t\t\t\t\t<span style=\"color: #000000;\"><a href=\"javascript:history.back()\">ZUR\u00dcCK<\/a><\/span>\t\t\t\t\t\t\t\t<\/div>\n\t\t\t\t<\/div>\n\t\t\t\t<div class=\"elementor-element elementor-element-51d0b03b elementor-absolute elementor-widget elementor-widget-text-editor\" data-id=\"51d0b03b\" data-element_type=\"widget\" data-e-type=\"widget\" data-settings=\"{&quot;_position&quot;:&quot;absolute&quot;}\" data-widget_type=\"text-editor.default\">\n\t\t\t\t<div class=\"elementor-widget-container\">\n\t\t\t\t\t\t\t\t\t<p>WEI SRAUM Designforum Tirol<br \/>Andreas-Hofer-Stra\u00dfe 27<br \/>6020 Innsbruck<br \/><br \/><a href=\"http:\/\/www.weissraum.at\">www.weissraum.at<\/a><br \/><br \/>Montag geschlossen<br \/>Dienstag 14:00 \u2013 20:00<br \/>Mi\u2013Fr 14:00 \u2013 18:00<br \/>Sa\u2013So geschlossen<\/p>\t\t\t\t\t\t\t\t<\/div>\n\t\t\t\t<\/div>\n\t\t\t\t<div class=\"elementor-element elementor-element-5a8093be elementor-widget elementor-widget-image\" data-id=\"5a8093be\" data-element_type=\"widget\" data-e-type=\"widget\" data-widget_type=\"image.default\">\n\t\t\t\t<div class=\"elementor-widget-container\">\n\t\t\t\t\t\t\t\t\t\t\t\t\t\t\t<img fetchpriority=\"high\" decoding=\"async\" width=\"600\" height=\"400\" src=\"https:\/\/premierentage.at\/2021\/wp-content\/uploads\/2021\/10\/foto-eingang-wei-sraum-600x.jpg\" class=\"attachment-full size-full wp-image-2303\" alt=\"\" srcset=\"https:\/\/premierentage.at\/2021\/wp-content\/uploads\/2021\/10\/foto-eingang-wei-sraum-600x.jpg 600w, https:\/\/premierentage.at\/2021\/wp-content\/uploads\/2021\/10\/foto-eingang-wei-sraum-600x-300x200.jpg 300w\" sizes=\"(max-width: 600px) 100vw, 600px\" \/>\t\t\t\t\t\t\t\t\t\t\t\t\t\t\t<\/div>\n\t\t\t\t<\/div>\n\t\t\t\t<div class=\"elementor-element elementor-element-1ee15584 elementor-widget elementor-widget-text-editor\" data-id=\"1ee15584\" data-element_type=\"widget\" data-e-type=\"widget\" data-widget_type=\"text-editor.default\">\n\t\t\t\t<div class=\"elementor-widget-container\">\n\t\t\t\t\t\t\t\t\t<p>D\u00a0\u00a0\u00a0\u00a0\u00a0 WEI SRAUM Designforum Tirol ist Vermittlungs- und Vernetzungsplattform rund um die Themen visuelle Kommunikation und Design. Es f\u00f6rdert durch Vortr\u00e4ge, Ausstellungen, Workshops, Diskussionen, Publikationen und Designforschung das Bewusstsein f\u00fcr die Bedeutung dieses Bereichs angewandter Gestaltung und dessen Rolle als Betrag f\u00fcr die Herausforderungen unserer aktuellen Gesellschaft. <\/p>\t\t\t\t\t\t\t\t<\/div>\n\t\t\t\t<\/div>\n\t\t\t\t<div class=\"elementor-element elementor-element-a9a5c25 elementor-widget elementor-widget-text-editor\" data-id=\"a9a5c25\" data-element_type=\"widget\" data-e-type=\"widget\" data-widget_type=\"text-editor.default\">\n\t\t\t\t<div class=\"elementor-widget-container\">\n\t\t\t\t\t\t\t\t\t<p>E\u00a0\u00a0\u00a0\u00a0 WEI SRAUM Designforum Tirol is an intermediary and networking platform for visual communication and design. Through lectures, exhibitions, workshops, discussions, publications and design research, it promotes awareness of the importance of this area of applied design and its role as a contribution to the challenges of our current society.<\/p>\t\t\t\t\t\t\t\t<\/div>\n\t\t\t\t<\/div>\n\t\t\t\t\t<\/div>\n\t\t<\/div>\n\t\t\t\t\t<\/div>\n\t\t<\/section>\n\t\t\t\t<\/div>\n\t\t","protected":false},"excerpt":{"rendered":"<p>ZUR\u00dcCK WEI SRAUM Designforum TirolAndreas-Hofer-Stra\u00dfe 276020 Innsbruck www.weissraum.at Montag geschlossenDienstag 14:00 \u2013 20:00Mi\u2013Fr 14:00 \u2013 18:00Sa\u2013So geschlossen D\u00a0\u00a0\u00a0\u00a0\u00a0 WEI SRAUM Designforum Tirol ist Vermittlungs- und Vernetzungsplattform rund um die Themen visuelle Kommunikation und Design. Es f\u00f6rdert durch Vortr\u00e4ge, Ausstellungen, Workshops, Diskussionen, Publikationen und Designforschung das Bewusstsein f\u00fcr die Bedeutung dieses Bereichs angewandter Gestaltung und dessen [&hellip;]<\/p>\n","protected":false},"author":1,"featured_media":0,"parent":0,"menu_order":0,"comment_status":"closed","ping_status":"closed","template":"elementor_header_footer","meta":{"footnotes":""},"class_list":["post-1906","page","type-page","status-publish","hentry"],"_links":{"self":[{"href":"https:\/\/premierentage.at\/2021\/wp-json\/wp\/v2\/pages\/1906","targetHints":{"allow":["GET"]}}],"collection":[{"href":"https:\/\/premierentage.at\/2021\/wp-json\/wp\/v2\/pages"}],"about":[{"href":"https:\/\/premierentage.at\/2021\/wp-json\/wp\/v2\/types\/page"}],"author":[{"embeddable":true,"href":"https:\/\/premierentage.at\/2021\/wp-json\/wp\/v2\/users\/1"}],"replies":[{"embeddable":true,"href":"https:\/\/premierentage.at\/2021\/wp-json\/wp\/v2\/comments?post=1906"}],"version-history":[{"count":49,"href":"https:\/\/premierentage.at\/2021\/wp-json\/wp\/v2\/pages\/1906\/revisions"}],"predecessor-version":[{"id":3726,"href":"https:\/\/premierentage.at\/2021\/wp-json\/wp\/v2\/pages\/1906\/revisions\/3726"}],"wp:attachment":[{"href":"https:\/\/premierentage.at\/2021\/wp-json\/wp\/v2\/media?parent=1906"}],"curies":[{"name":"wp","href":"https:\/\/api.w.org\/{rel}","templated":true}]}}