{"id":2178,"date":"2021-10-07T09:52:35","date_gmt":"2021-10-07T09:52:35","guid":{"rendered":"https:\/\/premierentage.at\/2021\/?page_id=2178"},"modified":"2021-10-21T09:38:53","modified_gmt":"2021-10-21T09:38:53","slug":"expertinnenfuehrung","status":"publish","type":"page","link":"https:\/\/premierentage.at\/2021\/expertinnenfuehrung\/","title":{"rendered":"Expert*innenf\u00fchrung"},"content":{"rendered":"\t\t<div data-elementor-type=\"wp-page\" data-elementor-id=\"2178\" class=\"elementor elementor-2178\">\n\t\t\t\t\t\t<section class=\"elementor-section elementor-top-section elementor-element elementor-element-1320d38a elementor-section-boxed elementor-section-height-default elementor-section-height-default\" data-id=\"1320d38a\" data-element_type=\"section\" data-e-type=\"section\" data-settings=\"{&quot;background_background&quot;:&quot;classic&quot;}\">\n\t\t\t\t\t\t<div class=\"elementor-container elementor-column-gap-default\">\n\t\t\t\t\t<div class=\"elementor-column elementor-col-100 elementor-top-column elementor-element elementor-element-16cee0df\" data-id=\"16cee0df\" data-element_type=\"column\" data-e-type=\"column\">\n\t\t\t<div class=\"elementor-widget-wrap elementor-element-populated\">\n\t\t\t\t\t\t<div class=\"elementor-element elementor-element-717d83d3 graulink elementor-widget elementor-widget-text-editor\" data-id=\"717d83d3\" data-element_type=\"widget\" data-e-type=\"widget\" id=\"btn-back\" data-widget_type=\"text-editor.default\">\n\t\t\t\t<div class=\"elementor-widget-container\">\n\t\t\t\t\t\t\t\t\t<span style=\"color: #000000;\"><a href=\"javascript:history.back()\">ZUR\u00dcCK<\/a><\/span>\t\t\t\t\t\t\t\t<\/div>\n\t\t\t\t<\/div>\n\t\t\t\t<div class=\"elementor-element elementor-element-6a008814 elementor-widget elementor-widget-text-editor\" data-id=\"6a008814\" data-element_type=\"widget\" data-e-type=\"widget\" data-widget_type=\"text-editor.default\">\n\t\t\t\t<div class=\"elementor-widget-container\">\n\t\t\t\t\t\t\t\t\t<p><span style=\"text-decoration: underline;\">La Cantina<br \/><\/span><\/p>\t\t\t\t\t\t\t\t<\/div>\n\t\t\t\t<\/div>\n\t\t\t\t<div class=\"elementor-element elementor-element-24c658e6 elementor-widget elementor-widget-text-editor\" data-id=\"24c658e6\" data-element_type=\"widget\" data-e-type=\"widget\" data-widget_type=\"text-editor.default\">\n\t\t\t\t<div class=\"elementor-widget-container\">\n\t\t\t\t\t\t\t\t\t<p>SA 6. NOV<\/p>\t\t\t\t\t\t\t\t<\/div>\n\t\t\t\t<\/div>\n\t\t\t\t<div class=\"elementor-element elementor-element-54a00c23 elementor-widget elementor-widget-text-editor\" data-id=\"54a00c23\" data-element_type=\"widget\" data-e-type=\"widget\" data-widget_type=\"text-editor.default\">\n\t\t\t\t<div class=\"elementor-widget-container\">\n\t\t\t\t\t\t\t\t\t<p>14.00<\/p>\t\t\t\t\t\t\t\t<\/div>\n\t\t\t\t<\/div>\n\t\t\t\t<div class=\"elementor-element elementor-element-3ac3bf13 elementor-widget elementor-widget-text-editor\" data-id=\"3ac3bf13\" data-element_type=\"widget\" data-e-type=\"widget\" data-widget_type=\"text-editor.default\">\n\t\t\t\t<div class=\"elementor-widget-container\">\n\t\t\t\t\t\t\t\t\t<p>Expert*innenf\u00fchrung<\/p>\t\t\t\t\t\t\t\t<\/div>\n\t\t\t\t<\/div>\n\t\t\t\t<div class=\"elementor-element elementor-element-51d0b03b elementor-absolute elementor-widget__width-initial elementor-widget elementor-widget-text-editor\" data-id=\"51d0b03b\" data-element_type=\"widget\" data-e-type=\"widget\" data-settings=\"{&quot;_position&quot;:&quot;absolute&quot;}\" data-widget_type=\"text-editor.default\">\n\t\t\t\t<div class=\"elementor-widget-container\">\n\t\t\t\t\t\t\t\t\t<p>\u00a9 Thina Adams<\/p><p>La Cantina \u2013 Intermezzo italiano<br \/>Sparkassenpl. 2<br \/>6020 Innsbruck<\/p>\t\t\t\t\t\t\t\t<\/div>\n\t\t\t\t<\/div>\n\t\t\t\t<div class=\"elementor-element elementor-element-857a39f elementor-widget elementor-widget-text-editor\" data-id=\"857a39f\" data-element_type=\"widget\" data-e-type=\"widget\" data-widget_type=\"text-editor.default\">\n\t\t\t\t<div class=\"elementor-widget-container\">\n\t\t\t\t\t\t\t\t\t<p><span style=\"color: #000000;\">Guided Tour<\/span><\/p>\t\t\t\t\t\t\t\t<\/div>\n\t\t\t\t<\/div>\n\t\t\t\t<div class=\"elementor-element elementor-element-5a8093be elementor-widget elementor-widget-image\" data-id=\"5a8093be\" data-element_type=\"widget\" data-e-type=\"widget\" data-widget_type=\"image.default\">\n\t\t\t\t<div class=\"elementor-widget-container\">\n\t\t\t\t\t\t\t\t\t\t\t\t\t\t\t<img fetchpriority=\"high\" decoding=\"async\" width=\"750\" height=\"1000\" src=\"https:\/\/premierentage.at\/2021\/wp-content\/uploads\/2021\/10\/750x-Portra\u0308tfoto-Thina-Adams.jpg\" class=\"attachment-full size-full wp-image-1573\" alt=\"\" srcset=\"https:\/\/premierentage.at\/2021\/wp-content\/uploads\/2021\/10\/750x-Portra\u0308tfoto-Thina-Adams.jpg 750w, https:\/\/premierentage.at\/2021\/wp-content\/uploads\/2021\/10\/750x-Portra\u0308tfoto-Thina-Adams-225x300.jpg 225w\" sizes=\"(max-width: 750px) 100vw, 750px\" \/>\t\t\t\t\t\t\t\t\t\t\t\t\t\t\t<\/div>\n\t\t\t\t<\/div>\n\t\t\t\t<div class=\"elementor-element elementor-element-1ee15584 elementor-widget elementor-widget-text-editor\" data-id=\"1ee15584\" data-element_type=\"widget\" data-e-type=\"widget\" data-widget_type=\"text-editor.default\">\n\t\t\t\t<div class=\"elementor-widget-container\">\n\t\t\t\t\t\t\t\t\t<p>D\u00a0\u00a0\u00a0\u00a0\u00a0 Thina Adams leitet seit 2018 das LUMEN \u2013 Museum of Mountain Photography am Kronplatz in Bruneck. Ihre Ausbildung f\u00fchrte die geb\u00fcrtige S\u00fcdtirolerin nach Wien und Innsbruck, wo sie Kunstgeschichte, Wirtschaft und Marketing studierte. Beruflich war sie zuvor f\u00fcr die Galerie Martin Janda, die Galerie Rhomberg und das Museion in Bozen t\u00e4tig. Seit 2016 ist Adams im Ausschuss und k\u00fcnstlerischen Beirat des Stadtmuseum Bruneck und ist Mitbegr\u00fcnderin der Ausstellungserie \u201eWege zum Museum\u201c. Neben ihren Forschungen im Bereich der Fotografie setzt sie sich u.a. mit dem Thema der Globalisierung in der Kunst auseinander.<\/p>\t\t\t\t\t\t\t\t<\/div>\n\t\t\t\t<\/div>\n\t\t\t\t<div class=\"elementor-element elementor-element-5d7da5c elementor-widget elementor-widget-text-editor\" data-id=\"5d7da5c\" data-element_type=\"widget\" data-e-type=\"widget\" data-widget_type=\"text-editor.default\">\n\t\t\t\t<div class=\"elementor-widget-container\">\n\t\t\t\t\t\t\t\t\t<p>E\u00a0\u00a0\u00a0\u00a0\u00a0 Thina Adams has been director of LUMEN &#8211; Museum of Mountain Photography at Kronplatz in Bruneck since 2018. The South Tyrolean-born curator studied art history, economics and marketing in Vienna and Innsbruck. She has previously worked for the Gallery Martin Janda, the Gallery Rhomberg and the Museion in Bolzano. Since 2016 Adams has been on the committee and artistic advisory board of the Bruneck City Museum and is co-founder of the exhibition series &#8222;Paths to the Museum&#8220;. In addition to her research in the field of photography, she also deals with the topic of globalization in art.<\/p>\t\t\t\t\t\t\t\t<\/div>\n\t\t\t\t<\/div>\n\t\t\t\t\t<\/div>\n\t\t<\/div>\n\t\t\t\t\t<\/div>\n\t\t<\/section>\n\t\t\t\t<\/div>\n\t\t","protected":false},"excerpt":{"rendered":"<p>ZUR\u00dcCK La Cantina SA 6. NOV 14.00 Expert*innenf\u00fchrung \u00a9 Thina Adams La Cantina \u2013 Intermezzo italianoSparkassenpl. 26020 Innsbruck Guided Tour D\u00a0\u00a0\u00a0\u00a0\u00a0 Thina Adams leitet seit 2018 das LUMEN \u2013 Museum of Mountain Photography am Kronplatz in Bruneck. Ihre Ausbildung f\u00fchrte die geb\u00fcrtige S\u00fcdtirolerin nach Wien und Innsbruck, wo sie Kunstgeschichte, Wirtschaft und Marketing studierte. Beruflich [&hellip;]<\/p>\n","protected":false},"author":1,"featured_media":0,"parent":0,"menu_order":0,"comment_status":"closed","ping_status":"closed","template":"elementor_header_footer","meta":{"footnotes":""},"class_list":["post-2178","page","type-page","status-publish","hentry"],"_links":{"self":[{"href":"https:\/\/premierentage.at\/2021\/wp-json\/wp\/v2\/pages\/2178","targetHints":{"allow":["GET"]}}],"collection":[{"href":"https:\/\/premierentage.at\/2021\/wp-json\/wp\/v2\/pages"}],"about":[{"href":"https:\/\/premierentage.at\/2021\/wp-json\/wp\/v2\/types\/page"}],"author":[{"embeddable":true,"href":"https:\/\/premierentage.at\/2021\/wp-json\/wp\/v2\/users\/1"}],"replies":[{"embeddable":true,"href":"https:\/\/premierentage.at\/2021\/wp-json\/wp\/v2\/comments?post=2178"}],"version-history":[{"count":34,"href":"https:\/\/premierentage.at\/2021\/wp-json\/wp\/v2\/pages\/2178\/revisions"}],"predecessor-version":[{"id":5699,"href":"https:\/\/premierentage.at\/2021\/wp-json\/wp\/v2\/pages\/2178\/revisions\/5699"}],"wp:attachment":[{"href":"https:\/\/premierentage.at\/2021\/wp-json\/wp\/v2\/media?parent=2178"}],"curies":[{"name":"wp","href":"https:\/\/api.w.org\/{rel}","templated":true}]}}