{"id":239,"date":"2021-09-27T12:35:59","date_gmt":"2021-09-27T12:35:59","guid":{"rendered":"https:\/\/premierentage.at\/2021\/?page_id=239"},"modified":"2021-10-29T09:40:08","modified_gmt":"2021-10-29T09:40:08","slug":"riccardo-giacconi","status":"publish","type":"page","link":"https:\/\/premierentage.at\/2021\/riccardo-giacconi\/","title":{"rendered":"Riccardo Giacconi"},"content":{"rendered":"\t\t<div data-elementor-type=\"wp-page\" data-elementor-id=\"239\" class=\"elementor elementor-239\">\n\t\t\t\t\t\t<section class=\"elementor-section elementor-top-section elementor-element elementor-element-1320d38a elementor-section-height-full elementor-section-items-top elementor-section-boxed elementor-section-height-default\" data-id=\"1320d38a\" data-element_type=\"section\" data-e-type=\"section\" data-settings=\"{&quot;background_background&quot;:&quot;classic&quot;}\">\n\t\t\t\t\t\t<div class=\"elementor-container elementor-column-gap-default\">\n\t\t\t\t\t<div class=\"elementor-column elementor-col-100 elementor-top-column elementor-element elementor-element-16cee0df\" data-id=\"16cee0df\" data-element_type=\"column\" data-e-type=\"column\">\n\t\t\t<div class=\"elementor-widget-wrap elementor-element-populated\">\n\t\t\t\t\t\t<div class=\"elementor-element elementor-element-717d83d3 graulink elementor-widget elementor-widget-text-editor\" data-id=\"717d83d3\" data-element_type=\"widget\" data-e-type=\"widget\" id=\"btn-back\" data-widget_type=\"text-editor.default\">\n\t\t\t\t<div class=\"elementor-widget-container\">\n\t\t\t\t\t\t\t\t\t<span style=\"color: #000000;\"><a href=\"javascript:history.back()\">ZUR\u00dcCK<\/a><\/span>\t\t\t\t\t\t\t\t<\/div>\n\t\t\t\t<\/div>\n\t\t\t\t<div class=\"elementor-element elementor-element-6a008814 elementor-widget elementor-widget-text-editor\" data-id=\"6a008814\" data-element_type=\"widget\" data-e-type=\"widget\" data-widget_type=\"text-editor.default\">\n\t\t\t\t<div class=\"elementor-widget-container\">\n\t\t\t\t\t\t\t\t\t<p><a href=\"https:\/\/premierentage.at\/2021\/kunstpavillon\/\"><span style=\"text-decoration: underline;\">Kunstpavillon<\/span><\/a><\/p>\t\t\t\t\t\t\t\t<\/div>\n\t\t\t\t<\/div>\n\t\t\t\t<div class=\"elementor-element elementor-element-24c658e6 elementor-widget elementor-widget-text-editor\" data-id=\"24c658e6\" data-element_type=\"widget\" data-e-type=\"widget\" data-widget_type=\"text-editor.default\">\n\t\t\t\t<div class=\"elementor-widget-container\">\n\t\t\t\t\t\t\t\t\t<p>DO 4. NOV<\/p>\t\t\t\t\t\t\t\t<\/div>\n\t\t\t\t<\/div>\n\t\t\t\t<div class=\"elementor-element elementor-element-54a00c23 elementor-widget elementor-widget-text-editor\" data-id=\"54a00c23\" data-element_type=\"widget\" data-e-type=\"widget\" data-widget_type=\"text-editor.default\">\n\t\t\t\t<div class=\"elementor-widget-container\">\n\t\t\t\t\t\t\t\t\t<p>17.30<\/p>\t\t\t\t\t\t\t\t<\/div>\n\t\t\t\t<\/div>\n\t\t\t\t<div class=\"elementor-element elementor-element-3ac3bf13 elementor-widget elementor-widget-text-editor\" data-id=\"3ac3bf13\" data-element_type=\"widget\" data-e-type=\"widget\" data-widget_type=\"text-editor.default\">\n\t\t\t\t<div class=\"elementor-widget-container\">\n\t\t\t\t\t\t\t\t\t<p>Riccardo Giacconi<\/p>\t\t\t\t\t\t\t\t<\/div>\n\t\t\t\t<\/div>\n\t\t\t\t<div class=\"elementor-element elementor-element-857a39f elementor-widget elementor-widget-text-editor\" data-id=\"857a39f\" data-element_type=\"widget\" data-e-type=\"widget\" data-widget_type=\"text-editor.default\">\n\t\t\t\t<div class=\"elementor-widget-container\">\n\t\t\t\t\t\t\t\t\t<p>Premiere<\/p>\t\t\t\t\t\t\t\t<\/div>\n\t\t\t\t<\/div>\n\t\t\t\t<div class=\"elementor-element elementor-element-51d0b03b elementor-absolute elementor-widget__width-initial elementor-widget elementor-widget-text-editor\" data-id=\"51d0b03b\" data-element_type=\"widget\" data-e-type=\"widget\" data-settings=\"{&quot;_position&quot;:&quot;absolute&quot;}\" data-widget_type=\"text-editor.default\">\n\t\t\t\t<div class=\"elementor-widget-container\">\n\t\t\t\t\t\t\t\t\t<p>\u00a9 Clara Wildberger<\/p><p>Innsbrucker Hofgarten<br \/><span class=\"LrzXr\">Rennweg 8a<br \/>6020 Innsbruck<\/span><\/p><p>T +43 512 581133<br \/><a href=\"http:\/\/www.kuenstlerschaft.at\">www.kuenstlerschaft.at<\/a><\/p><p>\u00d6ffnungszeiten: <br \/>Mi\u2013 Fr 12.00 \u2013 18.00<br \/>Sa 11.00 \u2013 15.00 Uhr<\/p>\t\t\t\t\t\t\t\t<\/div>\n\t\t\t\t<\/div>\n\t\t\t\t<div class=\"elementor-element elementor-element-5a8093be elementor-widget elementor-widget-image\" data-id=\"5a8093be\" data-element_type=\"widget\" data-e-type=\"widget\" data-widget_type=\"image.default\">\n\t\t\t\t<div class=\"elementor-widget-container\">\n\t\t\t\t\t\t\t\t\t\t\t\t\t\t\t<img fetchpriority=\"high\" decoding=\"async\" width=\"750\" height=\"679\" src=\"https:\/\/premierentage.at\/2021\/wp-content\/uploads\/2021\/10\/750px-1_Kunstverein_Ausstellungsansichten_Preview-_00120190922_byClaraWildberg....jpg\" class=\"attachment-full size-full wp-image-1164\" alt=\"\" srcset=\"https:\/\/premierentage.at\/2021\/wp-content\/uploads\/2021\/10\/750px-1_Kunstverein_Ausstellungsansichten_Preview-_00120190922_byClaraWildberg....jpg 750w, https:\/\/premierentage.at\/2021\/wp-content\/uploads\/2021\/10\/750px-1_Kunstverein_Ausstellungsansichten_Preview-_00120190922_byClaraWildberg...-300x272.jpg 300w\" sizes=\"(max-width: 750px) 100vw, 750px\" \/>\t\t\t\t\t\t\t\t\t\t\t\t\t\t\t<\/div>\n\t\t\t\t<\/div>\n\t\t\t\t<div class=\"elementor-element elementor-element-1ee15584 elementor-widget elementor-widget-text-editor\" data-id=\"1ee15584\" data-element_type=\"widget\" data-e-type=\"widget\" data-widget_type=\"text-editor.default\">\n\t\t\t\t<div class=\"elementor-widget-container\">\n\t\t\t\t\t\t\t\t\t<p>D\u00a0\u00a0\u00a0\u00a0\u00a0\u00a0\u00a0 Als recherchebasiertes Projekt verweist die Ausstellung Options auf die Ereignisse zwischen 1939 und 1943, als die deutschsprachige Bev\u00f6lkerung S\u00fcdtirols vor die Wahl gestellt wurde, entweder ins benachbarte nationalsozialistische \u00d6sterreich (und andere Territorien des Dritten Reichs) zu emigrieren oder im faschistischen Italien zu bleiben. Dort wurden sie gezwungen, sich der italienischen Kultur und Sprache anzupassen und so ihr kulturelles Erbe aufzugeben. Dieses System, nach einem Abkommen zwischen Mussolini und Hitler umgesetzt, wurde als Option oder S\u00fcdtiroler Umsiedlung bezeichnet.<br \/><br \/>Mit dem S\u00fcdtiroler Landesgebiet und der Grenze zwischen Italien und \u00d6sterreich als Fallstudie erkundet der K\u00fcnstler Riccardo Giacconi Resonanzen zwischen dem Zeitalter der Option und dem gegenw\u00e4rtigen politischen Klima Europas \u2013 und stellt so brandaktuelle Themen wie B\u00fcrgerschaft, Grenzen, Identit\u00e4t, Heimat, Nativismus, Minorit\u00e4t und Migration zur Diskussion.<\/p><p>Options wurde u. a. vom steirischen herbst 2019 und dem Grazer Kunstverein in Auftrag gegeben und koproduziert. Herzlichen Dank an das Stadtarchiv Innsbruck sowie das Tiroler Landesarchiv.<\/p><p>Die Ausstellung ist Teil des Jahresprogramms 2021\/22 von Kunstpavillon &amp; Neue Galerie Innsbruck mit dem Leitmotiv \u201eDancing at the Edge of the World\u201c. K\u00fcnstlerische Leitung: Petra Poelzl<\/p>\t\t\t\t\t\t\t\t<\/div>\n\t\t\t\t<\/div>\n\t\t\t\t<div class=\"elementor-element elementor-element-acf92c2 elementor-widget elementor-widget-text-editor\" data-id=\"acf92c2\" data-element_type=\"widget\" data-e-type=\"widget\" data-widget_type=\"text-editor.default\">\n\t\t\t\t<div class=\"elementor-widget-container\">\n\t\t\t\t\t\t\t\t\t<p>In Auftrag gegeben und produziert von steirischer herbst \u201919 und Grazer Kunstverein.<\/p><p>Unterst\u00fctzt vom Generalkonsulat f\u00fcr Zeitgen\u00f6ssische Kunst und Architektur und Urbane Peripherien des Italienischen Ministeriums f\u00fcr kulturelles Erbe und kulturelle Aktivit\u00e4ten im Rahmen des Italian Council Programms 2019.<\/p><p>Mit herzlichen Dank an das Stadtarchiv der Stadt Innsbruck sowie das Tiroler Landesarchiv.<\/p>\t\t\t\t\t\t\t\t<\/div>\n\t\t\t\t<\/div>\n\t\t\t\t<div class=\"elementor-element elementor-element-21626cf9 elementor-widget elementor-widget-text-editor\" data-id=\"21626cf9\" data-element_type=\"widget\" data-e-type=\"widget\" data-widget_type=\"text-editor.default\">\n\t\t\t\t<div class=\"elementor-widget-container\">\n\t\t\t\t\t\t\t\t\t<p>E\u00a0\u00a0\u00a0\u00a0\u00a0\u00a0\u00a0\u00a0As a research-based body of work, Options takes its cues from the events between 1939 and 1943, when the native German-speaking people of South Tyrol were given the option of either emigrating to neighboring Nazi Austria (and other Third Reich territories) or remaining in Fascist Italy and being forcibly integrated into the mainstream Italian culture, thereby losing their language and cultural heritage. This system, enforced after an agreement between Mussolini and Hitler, was called the \u201cOption Agreement\u201d (Option or S\u00fcdtiroler Umsiedlung).<\/p><p>Taking the South Tyrolean territory as a case study, Options questions ideas of citizenship, borders, identity, language communities, Heimat, nativism, minority, and migration. The project establishes resonances between those ideas and the use of the same ideas in contemporary political discourses in Europe.<\/p><p>Options was co-commissioned and co-produced by steirischer herbst 2019 and Grazer Kunstverein<\/p>\t\t\t\t\t\t\t\t<\/div>\n\t\t\t\t<\/div>\n\t\t\t\t<div class=\"elementor-element elementor-element-0d5f832 elementor-widget elementor-widget-text-editor\" data-id=\"0d5f832\" data-element_type=\"widget\" data-e-type=\"widget\" data-widget_type=\"text-editor.default\">\n\t\t\t\t<div class=\"elementor-widget-container\">\n\t\t\t\t\t\t\t\t\t<p>Co-commissioned and\u00a0co-produced by\u00a0steirischer herbst \u201919 and\u00a0Grazer Kunstverein.<\/p><p>Supported by the Directorate-General for Contemporary Art and Architecture and Urban Peripheries of the Italian Ministry for Cultural Heritage and Activities in the context of the Italian Council 2019 Program.<\/p><p>Special Thanks to Stadtarchiv Innsbruck and Tiroler Landesarchiv.<\/p>\t\t\t\t\t\t\t\t<\/div>\n\t\t\t\t<\/div>\n\t\t\t\t\t<\/div>\n\t\t<\/div>\n\t\t\t\t\t<\/div>\n\t\t<\/section>\n\t\t\t\t<\/div>\n\t\t","protected":false},"excerpt":{"rendered":"<p>ZUR\u00dcCK Kunstpavillon DO 4. NOV 17.30 Riccardo Giacconi Premiere \u00a9 Clara Wildberger Innsbrucker HofgartenRennweg 8a6020 Innsbruck T +43 512 581133www.kuenstlerschaft.at \u00d6ffnungszeiten: Mi\u2013 Fr 12.00 \u2013 18.00Sa 11.00 \u2013 15.00 Uhr D\u00a0\u00a0\u00a0\u00a0\u00a0\u00a0\u00a0 Als recherchebasiertes Projekt verweist die Ausstellung Options auf die Ereignisse zwischen 1939 und 1943, als die deutschsprachige Bev\u00f6lkerung S\u00fcdtirols vor die Wahl gestellt wurde, [&hellip;]<\/p>\n","protected":false},"author":1,"featured_media":0,"parent":0,"menu_order":0,"comment_status":"closed","ping_status":"closed","template":"elementor_header_footer","meta":{"footnotes":""},"class_list":["post-239","page","type-page","status-publish","hentry"],"_links":{"self":[{"href":"https:\/\/premierentage.at\/2021\/wp-json\/wp\/v2\/pages\/239","targetHints":{"allow":["GET"]}}],"collection":[{"href":"https:\/\/premierentage.at\/2021\/wp-json\/wp\/v2\/pages"}],"about":[{"href":"https:\/\/premierentage.at\/2021\/wp-json\/wp\/v2\/types\/page"}],"author":[{"embeddable":true,"href":"https:\/\/premierentage.at\/2021\/wp-json\/wp\/v2\/users\/1"}],"replies":[{"embeddable":true,"href":"https:\/\/premierentage.at\/2021\/wp-json\/wp\/v2\/comments?post=239"}],"version-history":[{"count":80,"href":"https:\/\/premierentage.at\/2021\/wp-json\/wp\/v2\/pages\/239\/revisions"}],"predecessor-version":[{"id":5811,"href":"https:\/\/premierentage.at\/2021\/wp-json\/wp\/v2\/pages\/239\/revisions\/5811"}],"wp:attachment":[{"href":"https:\/\/premierentage.at\/2021\/wp-json\/wp\/v2\/media?parent=239"}],"curies":[{"name":"wp","href":"https:\/\/api.w.org\/{rel}","templated":true}]}}