{"id":2642,"date":"2021-10-08T16:24:44","date_gmt":"2021-10-08T16:24:44","guid":{"rendered":"https:\/\/premierentage.at\/2021\/?page_id=2642"},"modified":"2021-10-20T21:03:40","modified_gmt":"2021-10-20T21:03:40","slug":"taxipalais","status":"publish","type":"page","link":"https:\/\/premierentage.at\/2021\/taxipalais\/","title":{"rendered":"TAXIPALAIS"},"content":{"rendered":"\t\t<div data-elementor-type=\"wp-page\" data-elementor-id=\"2642\" class=\"elementor elementor-2642\">\n\t\t\t\t\t\t<section class=\"elementor-section elementor-top-section elementor-element elementor-element-1320d38a elementor-section-boxed elementor-section-height-default elementor-section-height-default\" data-id=\"1320d38a\" data-element_type=\"section\" data-e-type=\"section\" data-settings=\"{&quot;background_background&quot;:&quot;classic&quot;}\">\n\t\t\t\t\t\t<div class=\"elementor-container elementor-column-gap-default\">\n\t\t\t\t\t<div class=\"elementor-column elementor-col-100 elementor-top-column elementor-element elementor-element-16cee0df\" data-id=\"16cee0df\" data-element_type=\"column\" data-e-type=\"column\">\n\t\t\t<div class=\"elementor-widget-wrap elementor-element-populated\">\n\t\t\t\t\t\t<div class=\"elementor-element elementor-element-717d83d3 graulink elementor-widget elementor-widget-text-editor\" data-id=\"717d83d3\" data-element_type=\"widget\" data-e-type=\"widget\" id=\"btn-back\" data-widget_type=\"text-editor.default\">\n\t\t\t\t<div class=\"elementor-widget-container\">\n\t\t\t\t\t\t\t\t\t<span style=\"color: #000000;\"><a href=\"javascript:history.back()\">ZUR\u00dcCK<\/a><\/span>\t\t\t\t\t\t\t\t<\/div>\n\t\t\t\t<\/div>\n\t\t\t\t<div class=\"elementor-element elementor-element-51d0b03b elementor-absolute elementor-widget__width-initial elementor-widget elementor-widget-text-editor\" data-id=\"51d0b03b\" data-element_type=\"widget\" data-e-type=\"widget\" data-settings=\"{&quot;_position&quot;:&quot;absolute&quot;}\" data-widget_type=\"text-editor.default\">\n\t\t\t\t<div class=\"elementor-widget-container\">\n\t\t\t\t\t\t\t\t\t<p>TAXISPALAIS Kunsthalle Tirol<br \/>Maria-Theresien-Stra\u00dfe 45<br \/>6020 Innsbruck<\/p><p>T +43 512 508 3171<br \/><a href=\"http:\/\/www.taxispalais.art\">www.taxispalais.art<\/a><\/p><p>Montag geschlossen<br \/>Di\u2013So 11:00 \u2013 18:00<br \/>Donnerstag 11:00 \u2013 20:00<\/p>\t\t\t\t\t\t\t\t<\/div>\n\t\t\t\t<\/div>\n\t\t\t\t<div class=\"elementor-element elementor-element-5a8093be elementor-widget elementor-widget-image\" data-id=\"5a8093be\" data-element_type=\"widget\" data-e-type=\"widget\" data-widget_type=\"image.default\">\n\t\t\t\t<div class=\"elementor-widget-container\">\n\t\t\t\t\t\t\t\t\t\t\t\t\t\t\t<img fetchpriority=\"high\" decoding=\"async\" width=\"600\" height=\"338\" src=\"https:\/\/premierentage.at\/2021\/wp-content\/uploads\/2021\/10\/taxispalais-kunsthalle-tirol-foto-gunter-kresser-600x.jpg\" class=\"attachment-full size-full wp-image-2282\" alt=\"\" srcset=\"https:\/\/premierentage.at\/2021\/wp-content\/uploads\/2021\/10\/taxispalais-kunsthalle-tirol-foto-gunter-kresser-600x.jpg 600w, https:\/\/premierentage.at\/2021\/wp-content\/uploads\/2021\/10\/taxispalais-kunsthalle-tirol-foto-gunter-kresser-600x-300x169.jpg 300w\" sizes=\"(max-width: 600px) 100vw, 600px\" \/>\t\t\t\t\t\t\t\t\t\t\t\t\t\t\t<\/div>\n\t\t\t\t<\/div>\n\t\t\t\t<div class=\"elementor-element elementor-element-258f80b elementor-widget elementor-widget-text-editor\" data-id=\"258f80b\" data-element_type=\"widget\" data-e-type=\"widget\" data-widget_type=\"text-editor.default\">\n\t\t\t\t<div class=\"elementor-widget-container\">\n\t\t\t\t\t\t\t\t\t<p>D\u00a0\u00a0\u00a0 Das TAXISPALAIS ist eine Kunsthalle mit internationalem Ausstellungsprofil, an der mit zeitgen\u00f6ssischer Kunst Fragen der Gegenwart nachgegangen wird und Diskurse in Gang gesetzt werden. Zu den wechselnden Ausstellungen finden K\u00fcnstler_innengespr\u00e4che, Vortr\u00e4ge, Performances und Podiumsdiskussionen statt.\u2028<\/p>\t\t\t\t\t\t\t\t<\/div>\n\t\t\t\t<\/div>\n\t\t\t\t<div class=\"elementor-element elementor-element-45f460b elementor-widget elementor-widget-text-editor\" data-id=\"45f460b\" data-element_type=\"widget\" data-e-type=\"widget\" data-widget_type=\"text-editor.default\">\n\t\t\t\t<div class=\"elementor-widget-container\">\n\t\t\t\t\t\t\t\t\t<p>E\u00a0\u00a0\u00a0\u00a0 The TAXISPALAIS is a Kunsthalle with an international exhibition profile. TAXISPALAIS\u2019 mission is to debate contemporary life through art and cultural discourse. The exhibitions are accompanied by artist\u2019s talks, lectures, performances and conferences.<\/p>\t\t\t\t\t\t\t\t<\/div>\n\t\t\t\t<\/div>\n\t\t\t\t\t<\/div>\n\t\t<\/div>\n\t\t\t\t\t<\/div>\n\t\t<\/section>\n\t\t\t\t<\/div>\n\t\t","protected":false},"excerpt":{"rendered":"<p>ZUR\u00dcCK TAXISPALAIS Kunsthalle TirolMaria-Theresien-Stra\u00dfe 456020 Innsbruck T +43 512 508 3171www.taxispalais.art Montag geschlossenDi\u2013So 11:00 \u2013 18:00Donnerstag 11:00 \u2013 20:00 D\u00a0\u00a0\u00a0 Das TAXISPALAIS ist eine Kunsthalle mit internationalem Ausstellungsprofil, an der mit zeitgen\u00f6ssischer Kunst Fragen der Gegenwart nachgegangen wird und Diskurse in Gang gesetzt werden. Zu den wechselnden Ausstellungen finden K\u00fcnstler_innengespr\u00e4che, Vortr\u00e4ge, Performances und Podiumsdiskussionen statt.\u2028 [&hellip;]<\/p>\n","protected":false},"author":1,"featured_media":0,"parent":0,"menu_order":0,"comment_status":"closed","ping_status":"closed","template":"elementor_header_footer","meta":{"footnotes":""},"class_list":["post-2642","page","type-page","status-publish","hentry"],"_links":{"self":[{"href":"https:\/\/premierentage.at\/2021\/wp-json\/wp\/v2\/pages\/2642","targetHints":{"allow":["GET"]}}],"collection":[{"href":"https:\/\/premierentage.at\/2021\/wp-json\/wp\/v2\/pages"}],"about":[{"href":"https:\/\/premierentage.at\/2021\/wp-json\/wp\/v2\/types\/page"}],"author":[{"embeddable":true,"href":"https:\/\/premierentage.at\/2021\/wp-json\/wp\/v2\/users\/1"}],"replies":[{"embeddable":true,"href":"https:\/\/premierentage.at\/2021\/wp-json\/wp\/v2\/comments?post=2642"}],"version-history":[{"count":43,"href":"https:\/\/premierentage.at\/2021\/wp-json\/wp\/v2\/pages\/2642\/revisions"}],"predecessor-version":[{"id":5428,"href":"https:\/\/premierentage.at\/2021\/wp-json\/wp\/v2\/pages\/2642\/revisions\/5428"}],"wp:attachment":[{"href":"https:\/\/premierentage.at\/2021\/wp-json\/wp\/v2\/media?parent=2642"}],"curies":[{"name":"wp","href":"https:\/\/api.w.org\/{rel}","templated":true}]}}